{"id":129728,"date":"2024-01-30T18:11:57","date_gmt":"2025-01-07T12:20:00","guid":{"rendered":"https:\/\/staging.nbg.eu\/product\/area-419-tactical-one-piece-scope-mount\/"},"modified":"2025-01-07T12:22:17","modified_gmt":"2025-01-07T12:22:17","slug":"area-419-tactical-yksiosainen-kiikarikiinnike","status":"publish","type":"product","link":"https:\/\/staging.nbg.eu\/fi\/tuote\/area-419-tactical-yksiosainen-kiikarikiinnike\/","title":{"rendered":"Area 419 Tactical yksiosainen kiikarikiinnike"},"content":{"rendered":"<div class=\"product-description\">\n<h2>Area 419 Taktinen Yksiosainen Kiikarit\u00e4ht\u00e4imen Jalusta<\/h2>\n<p>Kiikarit\u00e4ht\u00e4imen jalusta, jossa on tarkasti poratut renkaat ja raakaeloksoidut alumiiniset sis\u00e4osat. T\u00e4m\u00e4 jalusta tarjoaa hyv\u00e4n otteen optiikasta ilman ylim\u00e4\u00e4r\u00e4ist\u00e4 painoa.<\/p>\n<ul>\n<li>CNC-koneistettu Amerikassa 7075 alumiinista<\/li>\n<li>Raakaeloksoidut, tarkasti poratut kiikarit\u00e4ht\u00e4imen kontaktipinnat<\/li>\n<li>Useita lis\u00e4varusteiden kiinnityskohtia<\/li>\n<li>Erilliset kiskon kiinnitysosat maksimaalista pitoa varten<\/li>\n<li>Ter\u00e4ksiset ohjauspinnat kohdistusta varten<\/li>\n<li>Mukautetut nitratut ruostumattomasta ter\u00e4ksest\u00e4 valmistetut kiinnitysosat<\/li>\n<li>Patenttia odottava eritt\u00e4in j\u00e4ykk\u00e4 lis\u00e4varusteiden kiinnitys<\/li>\n<\/ul>\n<p>Saatavana eri putkihalkaisijoilla ja korkeuksilla, 0 MOA tai 20 MOA kallistusvaihtoehdoilla. Paino: 0,68 kg. Mitat: 24,1 \u00d7 14,7 \u00d7 7,1 cm.<\/p>\n<\/div>\n","protected":false},"excerpt":{"rendered":"<p>Tarkkuusporattu, eritt\u00e4in j\u00e4ykk\u00e4 kiikarit\u00e4ht\u00e4imen jalusta vertaansa vailla olevalla luotettavuudella.<\/p>\n","protected":false},"featured_media":108363,"template":"","meta":{"_acf_changed":false},"product_brand":[11033],"product_cat":[13201],"product_tag":[],"class_list":{"0":"post-129728","1":"product","2":"type-product","3":"status-publish","4":"has-post-thumbnail","6":"product_brand-area-419","7":"product_cat-taehtaeys","9":"first","10":"instock","11":"taxable","12":"shipping-taxable","13":"purchasable","14":"product-type-variable","15":"wvs-archive-product-wrapper"},"acf":[],"_links":{"self":[{"href":"https:\/\/staging.nbg.eu\/fi\/wp-json\/wp\/v2\/product\/129728","targetHints":{"allow":["GET"]}}],"collection":[{"href":"https:\/\/staging.nbg.eu\/fi\/wp-json\/wp\/v2\/product"}],"about":[{"href":"https:\/\/staging.nbg.eu\/fi\/wp-json\/wp\/v2\/types\/product"}],"wp:featuredmedia":[{"embeddable":true,"href":"https:\/\/staging.nbg.eu\/fi\/wp-json\/wp\/v2\/media\/108363"}],"wp:attachment":[{"href":"https:\/\/staging.nbg.eu\/fi\/wp-json\/wp\/v2\/media?parent=129728"}],"wp:term":[{"taxonomy":"product_brand","embeddable":true,"href":"https:\/\/staging.nbg.eu\/fi\/wp-json\/wp\/v2\/product_brand?post=129728"},{"taxonomy":"product_cat","embeddable":true,"href":"https:\/\/staging.nbg.eu\/fi\/wp-json\/wp\/v2\/product_cat?post=129728"},{"taxonomy":"product_tag","embeddable":true,"href":"https:\/\/staging.nbg.eu\/fi\/wp-json\/wp\/v2\/product_tag?post=129728"}],"curies":[{"name":"wp","href":"https:\/\/api.w.org\/{rel}","templated":true}]}}