{"id":128661,"date":"2025-01-01T20:31:02","date_gmt":"2025-01-07T09:59:03","guid":{"rendered":"https:\/\/staging.nbg.eu\/product\/area-419-tactical-one-piece-mount-diving-board\/"},"modified":"2025-01-07T10:01:41","modified_gmt":"2025-01-07T10:01:41","slug":"area-419-tactical-yksiosainen-kiinnitys-diving-board","status":"publish","type":"product","link":"https:\/\/staging.nbg.eu\/fi\/tuote\/area-419-tactical-yksiosainen-kiinnitys-diving-board\/","title":{"rendered":"Area 419 &#8211; Tactical yksiosainen kiinnitys Diving Board"},"content":{"rendered":"<div class=\"product-description\">\n<h2>Area 419 &#8211; Taktinen yksiosainen kiinnitysalusta<\/h2>\n<p>Kiinnitysalusta kiikarit\u00e4ht\u00e4imelle. Sis\u00e4lt\u00e4\u00e4 patenttia odottavan kaksoiskartiokiinnityspisteen. Sopii tasojen, ballististen korttien, punapistet\u00e4ht\u00e4imien ja laseret\u00e4isyysmittareiden kiinnitt\u00e4miseen.<\/p>\n<h3>Ominaisuudet:<\/h3>\n<ul>\n<li>Saatavana vakio- ja matalakorkuisena<\/li>\n<li>MIL-STD-1913 -standardin mukainen kisko (10 uraa vakiomallissa, 6 matalassa)<\/li>\n<li>Tyyppi III kovapinnoitettu musta anodisointi<\/li>\n<li>Kiinte\u00e4t asennusruuvit helppoa asennusta varten<\/li>\n<li>CNC-koneistettu Yhdysvalloissa 7075-alumiinista<\/li>\n<li>Paino: 71 g (vakio) tai 43 g (matala)<\/li>\n<\/ul>\n<p>Area 419 Taktinen yksiosainen kiinnitysalusta on tarkoitettu optisten laitteiden kiinnitt\u00e4miseen.<\/p>\n<\/div>\n","protected":false},"excerpt":{"rendered":"<p>Kest\u00e4v\u00e4, monik\u00e4ytt\u00f6inen kisko t\u00e4ht\u00e4inkiinnikkeille. Turvallinen, kest\u00e4v\u00e4, amerikkalaista valmistetta.<\/p>\n","protected":false},"featured_media":108388,"template":"","meta":{"_acf_changed":false},"product_brand":[11033],"product_cat":[13201,13158],"product_tag":[],"class_list":{"0":"post-128661","1":"product","2":"type-product","3":"status-publish","4":"has-post-thumbnail","6":"product_brand-area-419","7":"product_cat-taehtaeys","8":"product_cat-taehtaeystarvikkeet","10":"first","11":"instock","12":"taxable","13":"shipping-taxable","14":"purchasable","15":"product-type-variable","16":"wvs-archive-product-wrapper"},"acf":[],"_links":{"self":[{"href":"https:\/\/staging.nbg.eu\/fi\/wp-json\/wp\/v2\/product\/128661","targetHints":{"allow":["GET"]}}],"collection":[{"href":"https:\/\/staging.nbg.eu\/fi\/wp-json\/wp\/v2\/product"}],"about":[{"href":"https:\/\/staging.nbg.eu\/fi\/wp-json\/wp\/v2\/types\/product"}],"wp:featuredmedia":[{"embeddable":true,"href":"https:\/\/staging.nbg.eu\/fi\/wp-json\/wp\/v2\/media\/108388"}],"wp:attachment":[{"href":"https:\/\/staging.nbg.eu\/fi\/wp-json\/wp\/v2\/media?parent=128661"}],"wp:term":[{"taxonomy":"product_brand","embeddable":true,"href":"https:\/\/staging.nbg.eu\/fi\/wp-json\/wp\/v2\/product_brand?post=128661"},{"taxonomy":"product_cat","embeddable":true,"href":"https:\/\/staging.nbg.eu\/fi\/wp-json\/wp\/v2\/product_cat?post=128661"},{"taxonomy":"product_tag","embeddable":true,"href":"https:\/\/staging.nbg.eu\/fi\/wp-json\/wp\/v2\/product_tag?post=128661"}],"curies":[{"name":"wp","href":"https:\/\/api.w.org\/{rel}","templated":true}]}}