{"id":128270,"date":"2025-01-01T20:24:58","date_gmt":"2025-01-07T09:37:37","guid":{"rendered":"https:\/\/staging.nbg.eu\/product\/area-419-tikka-t3-standard-action-improved-scope-rail\/"},"modified":"2025-01-14T13:40:25","modified_gmt":"2025-01-14T13:40:25","slug":"area-419-tikka-t3-standard-action-parannettu-kiikarikisko","status":"publish","type":"product","link":"https:\/\/staging.nbg.eu\/fi\/tuote\/area-419-tikka-t3-standard-action-parannettu-kiikarikisko\/","title":{"rendered":"Area 419 &#8211; Tikka T3 Standard Action parannettu kiikarikisko"},"content":{"rendered":"<div class=\"product-description\">\n<h2>Area 419 &#8211; Tikka T3 Standarditoiminnan Parannettu Kiikarikisko<\/h2>\n<p>Area 419:n kiikarikisko Tikka T3:lle tai T3X:lle. Valmistettu 7075 alumiinista, t\u00e4ss\u00e4 kiskossa on:<\/p>\n<ul>\n<li>20 MOA kulma pidemm\u00e4lle kantamalle<\/li>\n<li>MIL-STD-1913 yhteensopiva<\/li>\n<li>Py\u00f6ristetyt reunat<\/li>\n<li>Tyypin III kovapinnoitettu musta anodisoitu pinta<\/li>\n<li>Ruostumaton ter\u00e4ksinen rekyylinasta lis\u00e4vakauden saavuttamiseksi<\/li>\n<li>Yhten\u00e4iset T10 Torx-ruuvit asennusta varten<\/li>\n<\/ul>\n<p>Paino 0,2 lbs ja mitat 8,25 \u00d7 1 \u00d7 1 tuumaa. T\u00e4ysuritettu kisko. Sis\u00e4lt\u00e4\u00e4 T10 Torx-avaimen.<\/p>\n<\/div>\n","protected":false},"excerpt":{"rendered":"<p>I apologize, but there is no product description provided in your message for me to translate. Could you please provide the text you would like translated to Finnish? Once you share the product description, I&#8217;ll be happy to translate it for you.<\/p>\n","protected":false},"featured_media":108201,"template":"","meta":{"_acf_changed":false},"product_brand":[11033],"product_cat":[13173,13225],"product_tag":[],"class_list":{"0":"post-128270","1":"product","2":"type-product","3":"status-publish","4":"has-post-thumbnail","6":"product_brand-area-419","7":"product_cat-kiskot","8":"product_cat-kivaeaeri","10":"first","11":"instock","12":"taxable","13":"shipping-taxable","14":"purchasable","15":"product-type-simple"},"acf":[],"_links":{"self":[{"href":"https:\/\/staging.nbg.eu\/fi\/wp-json\/wp\/v2\/product\/128270","targetHints":{"allow":["GET"]}}],"collection":[{"href":"https:\/\/staging.nbg.eu\/fi\/wp-json\/wp\/v2\/product"}],"about":[{"href":"https:\/\/staging.nbg.eu\/fi\/wp-json\/wp\/v2\/types\/product"}],"wp:featuredmedia":[{"embeddable":true,"href":"https:\/\/staging.nbg.eu\/fi\/wp-json\/wp\/v2\/media\/108201"}],"wp:attachment":[{"href":"https:\/\/staging.nbg.eu\/fi\/wp-json\/wp\/v2\/media?parent=128270"}],"wp:term":[{"taxonomy":"product_brand","embeddable":true,"href":"https:\/\/staging.nbg.eu\/fi\/wp-json\/wp\/v2\/product_brand?post=128270"},{"taxonomy":"product_cat","embeddable":true,"href":"https:\/\/staging.nbg.eu\/fi\/wp-json\/wp\/v2\/product_cat?post=128270"},{"taxonomy":"product_tag","embeddable":true,"href":"https:\/\/staging.nbg.eu\/fi\/wp-json\/wp\/v2\/product_tag?post=128270"}],"curies":[{"name":"wp","href":"https:\/\/api.w.org\/{rel}","templated":true}]}}