{"id":106767,"date":"2024-11-16T10:23:45","date_gmt":"2024-12-30T09:54:52","guid":{"rendered":"https:\/\/staging.nbg.eu\/product\/sai-optics-model-sai-6-1x-6x\/"},"modified":"2024-12-30T09:57:39","modified_gmt":"2024-12-30T09:57:39","slug":"sai-optics-model-sai-6-1x-6x","status":"publish","type":"product","link":"https:\/\/staging.nbg.eu\/fi\/tuote\/sai-optics-model-sai-6-1x-6x\/","title":{"rendered":"SAI Optics Model SAI 6 &#8211; 1x-6x"},"content":{"rendered":"<h2>SAI Optics\u2122 Malli SAI 6\u2122 &#8211; 1x-6x<\/h2>\n<p>SAI\u2122 6 -sarjan optinen t\u00e4ht\u00e4in tarjoaa ratkaisun muuttuvan suurennoksen tarpeisiin. Siin\u00e4 on LED-valaistu ensimm\u00e4isen polttotason ristikko, joka mahdollistaa tarkan et\u00e4isyyden mittauksen ja ballistisen korjauksen mill\u00e4 tahansa suurennoksella.<\/p>\n<h2>Ominaisuudet:<\/h2>\n<ul>\n<li>Suurennus: 1x-6x<\/li>\n<li>Putkimainen rakenne modulaarista kiinnityst\u00e4 varten<\/li>\n<li>LED-valaistu ristikko 10 asetuksella<\/li>\n<li>Saatavilla olevat ristikot: 5.56 BDC, 6.8 BDC, 7.62 BDC<\/li>\n<li>Vesitiivis: 2 tuntia @ 3 metri\u00e4<\/li>\n<li>Iskunkest\u00e4v\u00e4: 1000g @ 10 000 sykli\u00e4<\/li>\n<\/ul>\n<h2>Ristikot:<\/h2>\n<ul>\n<li>5.56 BDC &#8211; Ristikko<\/li>\n<li>6.8 BDC &#8211; Ristikko<\/li>\n<li>7.62 BDC &#8211; Ristikko<\/li>\n<\/ul>\n<h2>Tekniset tiedot:<\/h2>\n<ul>\n<li>Pituus: 256 mm<\/li>\n<li>Paino: 510 g<\/li>\n<li>Putken halkaisija: 30 mm<\/li>\n<li>N\u00e4k\u00f6kentt\u00e4 @ 1x: 22 astetta (38,8 m @ 100 m)<\/li>\n<li>Silm\u00e4et\u00e4isyys: 90 mm nimellinen<\/li>\n<li>Paristotyyppi: CR2032 3v litium<\/li>\n<\/ul>\n<h2>Vakiovarusteet:<\/h2>\n<ul>\n<li>Tenebraex\u00ae linssinsuojukset<\/li>\n<li>Tenebraex\u00ae heijastuksenestolis\u00e4varuste<\/li>\n<li>S\u00e4\u00e4t\u00f6korkin kiinnitysnauha<\/li>\n<li>Pariston poistolevy<\/li>\n<\/ul>\n<p>SAI\u2122 6 -sarja on suunniteltu optiseen k\u00e4ytt\u00f6\u00f6n vaativissa ymp\u00e4rist\u00f6iss\u00e4, ja se tukee lis\u00e4varusteita kuten k\u00e4\u00e4nt\u00f6kansia, lasersuodattimia ja polarisaattoreita.<\/p>\n","protected":false},"excerpt":{"rendered":"<p>SAI 6\u2122: Kest\u00e4v\u00e4 1x-6x LED-t\u00e4ht\u00e4in etutason ristikolla ja laajalla n\u00e4k\u00f6kent\u00e4ll\u00e4.<\/p>\n","protected":false},"featured_media":79686,"template":"","meta":{"_acf_changed":false},"product_brand":[11701],"product_cat":[13169,13201],"product_tag":[],"class_list":{"0":"post-106767","1":"product","2":"type-product","3":"status-publish","4":"has-post-thumbnail","6":"product_brand-sai-optics","7":"product_cat-suurennetut-optiikka","8":"product_cat-taehtaeys","10":"first","11":"instock","12":"taxable","13":"shipping-taxable","14":"purchasable","15":"product-type-variable","16":"wvs-archive-product-wrapper"},"acf":[],"_links":{"self":[{"href":"https:\/\/staging.nbg.eu\/fi\/wp-json\/wp\/v2\/product\/106767","targetHints":{"allow":["GET"]}}],"collection":[{"href":"https:\/\/staging.nbg.eu\/fi\/wp-json\/wp\/v2\/product"}],"about":[{"href":"https:\/\/staging.nbg.eu\/fi\/wp-json\/wp\/v2\/types\/product"}],"wp:featuredmedia":[{"embeddable":true,"href":"https:\/\/staging.nbg.eu\/fi\/wp-json\/wp\/v2\/media\/79686"}],"wp:attachment":[{"href":"https:\/\/staging.nbg.eu\/fi\/wp-json\/wp\/v2\/media?parent=106767"}],"wp:term":[{"taxonomy":"product_brand","embeddable":true,"href":"https:\/\/staging.nbg.eu\/fi\/wp-json\/wp\/v2\/product_brand?post=106767"},{"taxonomy":"product_cat","embeddable":true,"href":"https:\/\/staging.nbg.eu\/fi\/wp-json\/wp\/v2\/product_cat?post=106767"},{"taxonomy":"product_tag","embeddable":true,"href":"https:\/\/staging.nbg.eu\/fi\/wp-json\/wp\/v2\/product_tag?post=106767"}],"curies":[{"name":"wp","href":"https:\/\/api.w.org\/{rel}","templated":true}]}}