{"id":84497,"date":"2024-11-17T07:25:58","date_gmt":"2024-12-18T10:04:19","guid":{"rendered":"https:\/\/staging.nbg.eu\/product\/tangent-theta-tt315m-3-15x50mm-marksman\/"},"modified":"2024-12-30T08:44:51","modified_gmt":"2024-12-30T08:44:51","slug":"tangent-theta-tt315m-3-15x50mm-marksman","status":"publish","type":"product","link":"https:\/\/staging.nbg.eu\/et\/toode\/tangent-theta-tt315m-3-15x50mm-marksman\/","title":{"rendered":"Tangent Theta TT315M (3-15x50mm Marksman)"},"content":{"rendered":"<div class=\"product-description\">\n<p>Tangent Theta asutati 2013. aastal Nova Scotias, Kanadas eesm\u00e4rgiga toota maailma parimaid vintp\u00fcssi sihikuid. Sihikud on k\u00e4sitsi kokku pandud, individuaalselt testitud ja kontrollitud optiliste disainerite, mehaanikute ja rahvusvahelise tasemega kaugdistantsi laskurite meeskonna poolt.<\/p>\n<h2>Tangent Theta TT315M 3-15x50mm Vintp\u00fcssi Teleskoopsihik<\/h2>\n<p>Tangent Theta TT315M on keskmise ulatusega t\u00e4psuslaskmise instrument, mis on m\u00f5eldud politsei- ja turvateenistuse laskuritele. See professionaalne vintp\u00fcssi teleskoopsihik \u00fchendab kaasaegse tehnoloogia ja optilise j\u00f5udluse.<\/p>\n<h2>P\u00f5hiomadused:<\/h2>\n<ul>\n<li>50mm objektiiv valguse kogumiseks<\/li>\n<li>30mm pearaami vastupidavus<\/li>\n<li>Mehaaniline k\u00fclgtuule suuna indikaator<\/li>\n<li>11 sihiku valgustuse seadet erinevateks valgustingimusteks<\/li>\n<li>K\u00fclgparallaksi reguleerimine t\u00e4pseks fokuseerimiseks<\/li>\n<li>Mittetransleeruvad nupud k\u00f5rguse null-stopiga<\/li>\n<li>Topeltp\u00f6\u00f6rdega k\u00f5rguse reguleerimine revolutsiooni ja k\u00fclgtuule suuna indikaatoriga<\/li>\n<li>3-15x suurenduse vahemik<\/li>\n<li>Lukustatav kiire dioptri reguleerimine<\/li>\n<\/ul>\n<h2>Optiline kvaliteet:<\/h2>\n<p>TT315M-l on optimeeritud optiline tee, mis tagab k\u00f5rge pildikvaliteedi. See v\u00f5imaldab laskuritel eristada v\u00e4ikseid sihtm\u00e4rgi detaile ja hoida sihtimist pikka aega ilma silmade v\u00e4simiseta.<\/p>\n<h2>T\u00e4psed reguleerimised:<\/h2>\n<p>TT315M sisaldab t\u00e4pseid reguleerimismehhanisme null-stoppidega, mehaanilise revolutsiooni ja k\u00fclgtuule suuna indikaatoritega, mis v\u00e4hendab reguleerimisvigu kriitilistes olukordades.<\/p>\n<h2>Sihiku valikud:<\/h2>\n<ul>\n<li>Gen 2XR<\/li>\n<li>MoA<\/li>\n<li>Gen 2 Mil-Dot<\/li>\n<li>Gen 3XR<\/li>\n<\/ul>\n<h2>Tehnilised andmed:<\/h2>\n<ul>\n<li>Pikkus: 351mm<\/li>\n<li>Kaal: 786g<\/li>\n<li>Vaatev\u00e4li @ 3x: 7,3 kraadi (12,8m @ 100m)<\/li>\n<li>Vaatev\u00e4li @ 15x: 1,6 kraadi (2,8m @ 100m)<\/li>\n<li>Silma kaugus: 90mm<\/li>\n<li>K\u00f5rguse reguleerimise vahemik: 18 mrad (60 MoA)<\/li>\n<li>K\u00fclgtuule reguleerimise vahemik: +\/- 12 mrad (+\/-40 MoA)<\/li>\n<li>Reguleerimise t\u00e4psus: 0,1 mrad v\u00f5i 1\/4 MoA<\/li>\n<li>Parallaksi reguleerimise vahemik: 50m kuni l\u00f5pmatus<\/li>\n<\/ul>\n<h2>Vastupidavus:<\/h2>\n<p>TT315M on veekindel 4 tundi 10 meetri s\u00fcgavusel ja l\u00f6\u00f6gikindel 700g juures 10 000 ts\u00fcklit. V\u00e4lispind on kaetud II t\u00fc\u00fcpi anodeeritud mati viimistlusega.<\/p>\n<h2>Kaasasolevad lisatarvikud:<\/h2>\n<p>Tenebraexi l\u00e4\u00e4tsekate ja ARD (peeglusvastane seade) on standardvarustuses.<\/p>\n<\/div>\n","protected":false},"excerpt":{"rendered":"<p>T\u00e4psuslaskuritele m\u00f5eldud 3-15x50mm sihik. Optimaalne kujutis, nullpeatus, valgustatud.<\/p>\n","protected":false},"featured_media":167611,"template":"","meta":{"_acf_changed":false},"product_brand":[11890],"product_cat":[772,2704],"product_tag":[],"class_list":{"0":"post-84497","1":"product","2":"type-product","3":"status-publish","4":"has-post-thumbnail","6":"product_brand-tangent-theta","7":"product_cat-aiming-et","8":"product_cat-magnified-optics-et","10":"first","11":"instock","12":"taxable","13":"shipping-taxable","14":"purchasable","15":"product-type-variable","16":"wvs-archive-product-wrapper"},"acf":[],"_links":{"self":[{"href":"https:\/\/staging.nbg.eu\/et\/wp-json\/wp\/v2\/product\/84497","targetHints":{"allow":["GET"]}}],"collection":[{"href":"https:\/\/staging.nbg.eu\/et\/wp-json\/wp\/v2\/product"}],"about":[{"href":"https:\/\/staging.nbg.eu\/et\/wp-json\/wp\/v2\/types\/product"}],"wp:featuredmedia":[{"embeddable":true,"href":"https:\/\/staging.nbg.eu\/et\/wp-json\/wp\/v2\/media\/167611"}],"wp:attachment":[{"href":"https:\/\/staging.nbg.eu\/et\/wp-json\/wp\/v2\/media?parent=84497"}],"wp:term":[{"taxonomy":"product_brand","embeddable":true,"href":"https:\/\/staging.nbg.eu\/et\/wp-json\/wp\/v2\/product_brand?post=84497"},{"taxonomy":"product_cat","embeddable":true,"href":"https:\/\/staging.nbg.eu\/et\/wp-json\/wp\/v2\/product_cat?post=84497"},{"taxonomy":"product_tag","embeddable":true,"href":"https:\/\/staging.nbg.eu\/et\/wp-json\/wp\/v2\/product_tag?post=84497"}],"curies":[{"name":"wp","href":"https:\/\/api.w.org\/{rel}","templated":true}]}}