{"id":83641,"date":"2024-11-02T06:43:16","date_gmt":"2024-11-02T06:43:16","guid":{"rendered":"https:\/\/staging.nbg.eu\/product\/sons-of-liberty-gun-works-ar-15-buffer-h3\/"},"modified":"2024-12-17T13:05:21","modified_gmt":"2024-12-17T13:05:21","slug":"sons-of-liberty-gun-works-ar-15-puhver-h3","status":"publish","type":"product","link":"https:\/\/staging.nbg.eu\/et\/toode\/sons-of-liberty-gun-works-ar-15-puhver-h3\/","title":{"rendered":"Sons of Liberty Gun Works &#8211; AR 15 puhver H3"},"content":{"rendered":"<div class=\"product-description\">\n<h2>Sons of Liberty Gun Works &#8211; AR 15 Puhver H3<\/h2>\n<p>SOLGW H3 puhver on AR-15 jaoks valmistatud osa. See tagab relva optimaalse toimimise.<\/p>\n<ul>\n<li>Sobib k\u00f5igile AR-15 mudelitele<\/li>\n<li>Kaal: 5.4 untsi<\/li>\n<li>M\u00f5\u00f5tmed: 1 toll<\/li>\n<li>Selgelt m\u00e4rgistatud kaalu tuvastamiseks<\/li>\n<\/ul>\n<p>SOLGW H3 puhver on m\u00f5eldud v\u00e4hendama tagasil\u00f6\u00f6ki ja parandama ts\u00fcklit.<\/p>\n<p>Sons of Liberty Gun Works toodab kvaliteetseid relvade osi.<\/p>\n<\/div>\n","protected":false},"excerpt":{"rendered":"<p>Sons of Liberty H3 AR-15 puhver: t\u00e4pne, vastupidav, 5.4-untsine kaal.<\/p>\n","protected":false},"featured_media":76320,"template":"","meta":{"_acf_changed":false},"product_brand":[],"product_cat":[611],"product_tag":[],"class_list":{"0":"post-83641","1":"product","2":"type-product","3":"status-publish","4":"has-post-thumbnail","6":"product_cat-rifle-parts-et","8":"first","9":"outofstock","10":"taxable","11":"shipping-taxable","12":"purchasable","13":"product-type-simple"},"acf":[],"_links":{"self":[{"href":"https:\/\/staging.nbg.eu\/et\/wp-json\/wp\/v2\/product\/83641","targetHints":{"allow":["GET"]}}],"collection":[{"href":"https:\/\/staging.nbg.eu\/et\/wp-json\/wp\/v2\/product"}],"about":[{"href":"https:\/\/staging.nbg.eu\/et\/wp-json\/wp\/v2\/types\/product"}],"wp:featuredmedia":[{"embeddable":true,"href":"https:\/\/staging.nbg.eu\/et\/wp-json\/wp\/v2\/media\/76320"}],"wp:attachment":[{"href":"https:\/\/staging.nbg.eu\/et\/wp-json\/wp\/v2\/media?parent=83641"}],"wp:term":[{"taxonomy":"product_brand","embeddable":true,"href":"https:\/\/staging.nbg.eu\/et\/wp-json\/wp\/v2\/product_brand?post=83641"},{"taxonomy":"product_cat","embeddable":true,"href":"https:\/\/staging.nbg.eu\/et\/wp-json\/wp\/v2\/product_cat?post=83641"},{"taxonomy":"product_tag","embeddable":true,"href":"https:\/\/staging.nbg.eu\/et\/wp-json\/wp\/v2\/product_tag?post=83641"}],"curies":[{"name":"wp","href":"https:\/\/api.w.org\/{rel}","templated":true}]}}