{"id":83619,"date":"2024-11-27T08:29:48","date_gmt":"2024-11-27T08:29:48","guid":{"rendered":"https:\/\/staging.nbg.eu\/product\/geissele-ak-trigger-ultimate-with-lightning-bow-akt-ul\/"},"modified":"2024-12-17T12:30:22","modified_gmt":"2024-12-17T12:30:22","slug":"geissele-ak-paeaestik-ultimate-koos-lightning-bow-ga-akt-ul","status":"publish","type":"product","link":"https:\/\/staging.nbg.eu\/et\/toode\/geissele-ak-paeaestik-ultimate-koos-lightning-bow-ga-akt-ul\/","title":{"rendered":"Geissele AK p\u00e4\u00e4stik Ultimate koos Lightning Bow-ga (AKT-UL)"},"content":{"rendered":"<div class=\"product-description\">\n<h2>Geissele AK p\u00e4\u00e4stik Ultimate Lightning Bow-ga (AKT-UL)<\/h2>\n<p>ALG AK p\u00e4\u00e4stik Ultimate Lightning Bow-ga (AKT-UL) AK47 v\u00f5i AK74 jaoks. See \u00fche-astmeline p\u00e4\u00e4stik pakub:<\/p>\n<ul>\n<li>L\u00fchem t\u00f5mme ja teravam vabastus t\u00e4psuse parandamiseks<\/li>\n<li>Valmistatud kvaliteetsest legeerterasest<\/li>\n<li>Lightning Bow disain parema kontrolli jaoks<\/li>\n<li>Toodetud USAs, aitab kaasa 922(r) n\u00f5uetele vastavusele<\/li>\n<\/ul>\n<p>Sobib t\u00e4psuslaskmiseks ja m\u00e4rklauaga laskmiseks. M\u00e4rkus: Soovitatav on professionaalne paigaldus v\u00f5imalike sobitamisn\u00f5uete t\u00f5ttu. Ei \u00fchildu 12 kaliibri ja 308 \/ 7.62x54r variantidega.<\/p>\n<\/div>\n","protected":false},"excerpt":{"rendered":"<p>T\u00e4pne AK p\u00e4\u00e4stik Lightning Bow&#8217;ga parema kontrolli ja tunnetuse jaoks.<\/p>\n","protected":false},"featured_media":82188,"template":"","meta":{"_acf_changed":false},"product_brand":[],"product_cat":[1354,610,611,2103],"product_tag":[],"class_list":{"0":"post-83619","1":"product","2":"type-product","3":"status-publish","4":"has-post-thumbnail","6":"product_cat-ak-tuning-et","7":"product_cat-rifle-et","8":"product_cat-rifle-parts-et","9":"product_cat-triggers-et","11":"first","12":"instock","13":"taxable","14":"shipping-taxable","15":"product-type-simple"},"acf":[],"_links":{"self":[{"href":"https:\/\/staging.nbg.eu\/et\/wp-json\/wp\/v2\/product\/83619","targetHints":{"allow":["GET"]}}],"collection":[{"href":"https:\/\/staging.nbg.eu\/et\/wp-json\/wp\/v2\/product"}],"about":[{"href":"https:\/\/staging.nbg.eu\/et\/wp-json\/wp\/v2\/types\/product"}],"wp:featuredmedia":[{"embeddable":true,"href":"https:\/\/staging.nbg.eu\/et\/wp-json\/wp\/v2\/media\/82188"}],"wp:attachment":[{"href":"https:\/\/staging.nbg.eu\/et\/wp-json\/wp\/v2\/media?parent=83619"}],"wp:term":[{"taxonomy":"product_brand","embeddable":true,"href":"https:\/\/staging.nbg.eu\/et\/wp-json\/wp\/v2\/product_brand?post=83619"},{"taxonomy":"product_cat","embeddable":true,"href":"https:\/\/staging.nbg.eu\/et\/wp-json\/wp\/v2\/product_cat?post=83619"},{"taxonomy":"product_tag","embeddable":true,"href":"https:\/\/staging.nbg.eu\/et\/wp-json\/wp\/v2\/product_tag?post=83619"}],"curies":[{"name":"wp","href":"https:\/\/api.w.org\/{rel}","templated":true}]}}