{"id":83427,"date":"2024-11-16T09:53:46","date_gmt":"2024-12-16T10:50:20","guid":{"rendered":"https:\/\/staging.nbg.eu\/product\/elcan-specterdr-1x-4x\/"},"modified":"2024-12-16T10:53:08","modified_gmt":"2024-12-16T10:53:08","slug":"elcan-specterdr-1x4x","status":"publish","type":"product","link":"https:\/\/staging.nbg.eu\/et\/toode\/elcan-specterdr-1x4x\/","title":{"rendered":"ELCAN SpecterDR 1x\/4x"},"content":{"rendered":"<h2>ELCAN SpecterDR 1x\/4x kahekordse funktsiooniga optiline sihik<\/h2>\n<p>ELCAN SpecterDR 1x\/4x &#8211; kahekordse vaatev\u00e4ljaga optiline sihik.<\/p>\n<h2>P\u00f5hiomadused:<\/h2>\n<ul>\n<li>Integreeritud Picatinny relsid<\/li>\n<li>M\u00f5lemak\u00e4elised suurenduse hoovad<\/li>\n<li>Parendatud akukate<\/li>\n<li>CERAKOTE\u00ae viimistlus mustas v\u00f5i pruunis toonis<\/li>\n<li>Kiire \u00fcmberl\u00fclitus 4x suurendusega ja 1x l\u00e4hiv\u00f5itluse sihiku vahel<\/li>\n<li>Optimeeritud optiline tee ja sama silmareljeef m\u00f5lemas re\u017eiimis<\/li>\n<li>Valgustatud sihtkuva v\u00f5i punane t\u00e4pp keskel<\/li>\n<li>Suur vaatev\u00e4li 1x re\u017eiimis<\/li>\n<li>Selge pilt 4x re\u017eiimis<\/li>\n<\/ul>\n<h2>Sihikud:<\/h2>\n<ul>\n<li>5.56 (CX5395)<\/li>\n<li>7.62 (CX5396)<\/li>\n<\/ul>\n<h2>Tehnilised andmed:<\/h2>\n<ul>\n<li>Suurendus: 4x \/ 1x<\/li>\n<li>M\u00f5\u00f5tmed: 153mm x 68mm x 72mm (nominaalne)<\/li>\n<li>Kaal: 655g (nominaalne)<\/li>\n<li>Sihik: Kahekordse paksusega ballistiline sihtkuva valitava punase t\u00e4piga<\/li>\n<li>Vaatev\u00e4li: 26\u00b0 @ 1x, 6.5\u00b0 @ 4x<\/li>\n<li>Silmareljeef: 70mm<\/li>\n<li>Aku: CR2032 (3v liitium)<\/li>\n<li>Aku t\u00f6\u00f6aeg: Kuni 1730 tundi<\/li>\n<li>Reguleerimisulatus: 120 nurgaminutit<\/li>\n<\/ul>\n<h2>Valikuline XOPTEK\u2122 mikro reflekssihik<\/h2>\n<p>XOPTEK\u2122 mikro reflekssihik on kerge kiire sihtimisseade l\u00e4hi- ja keskmaa sihtm\u00e4rkide jaoks.<\/p>\n<p>ELCAN SpecterDR 1x\/4x on loodud taluma professionaalset kasutust, pakkudes lahendust nii keskmaa kui ka l\u00e4hiv\u00f5itluse olukordadeks.<\/p>\n","protected":false},"excerpt":{"rendered":"<p>ELCAN SpecterDR 1x\/4x: Kaheosaline sihik kiire suurenduse \u00fcmberl\u00fclitusega.<\/p>\n","protected":false},"featured_media":79337,"template":"","meta":{"_acf_changed":false},"product_brand":[11290],"product_cat":[772,2704],"product_tag":[],"class_list":{"0":"post-83427","1":"product","2":"type-product","3":"status-publish","4":"has-post-thumbnail","6":"product_brand-elcan","7":"product_cat-aiming-et","8":"product_cat-magnified-optics-et","10":"first","11":"instock","12":"taxable","13":"shipping-taxable","14":"purchasable","15":"product-type-variable","16":"wvs-archive-product-wrapper"},"acf":[],"_links":{"self":[{"href":"https:\/\/staging.nbg.eu\/et\/wp-json\/wp\/v2\/product\/83427","targetHints":{"allow":["GET"]}}],"collection":[{"href":"https:\/\/staging.nbg.eu\/et\/wp-json\/wp\/v2\/product"}],"about":[{"href":"https:\/\/staging.nbg.eu\/et\/wp-json\/wp\/v2\/types\/product"}],"wp:featuredmedia":[{"embeddable":true,"href":"https:\/\/staging.nbg.eu\/et\/wp-json\/wp\/v2\/media\/79337"}],"wp:attachment":[{"href":"https:\/\/staging.nbg.eu\/et\/wp-json\/wp\/v2\/media?parent=83427"}],"wp:term":[{"taxonomy":"product_brand","embeddable":true,"href":"https:\/\/staging.nbg.eu\/et\/wp-json\/wp\/v2\/product_brand?post=83427"},{"taxonomy":"product_cat","embeddable":true,"href":"https:\/\/staging.nbg.eu\/et\/wp-json\/wp\/v2\/product_cat?post=83427"},{"taxonomy":"product_tag","embeddable":true,"href":"https:\/\/staging.nbg.eu\/et\/wp-json\/wp\/v2\/product_tag?post=83427"}],"curies":[{"name":"wp","href":"https:\/\/api.w.org\/{rel}","templated":true}]}}