{"id":83395,"date":"2024-11-05T08:15:55","date_gmt":"2024-12-16T10:05:29","guid":{"rendered":"https:\/\/staging.nbg.eu\/product\/tinck-arms-semi-automatic-carbine-perun-x17-16\/"},"modified":"2024-12-16T10:07:59","modified_gmt":"2024-12-16T10:07:59","slug":"tinck-arms-poolautomaatne-karabiin-perun-x17-16","status":"publish","type":"product","link":"https:\/\/staging.nbg.eu\/et\/toode\/tinck-arms-poolautomaatne-karabiin-perun-x17-16\/","title":{"rendered":"Tinck Arms poolautomaatne karabiin Perun X17 &#8211; 16&#8243;"},"content":{"rendered":"<div class=\"product-description\">\n<h2>Tinck Arms Perun X17 &#8211; 16&#8243; poolautomaatne karabiin<\/h2>\n<p>Perun X17 on uus tulirelvade tehnoloogia, mis on loodud vastama spordientusiastide, \u00f5iguskaitseorganite ja s\u00f5jav\u00e4elaste vajadustele. See platvorm p\u00f5hineb AR10 s\u00fcsteemil, sisaldades uuenduslikke omadusi ja patenteeritud t\u00f6\u00f6s\u00fcsteemi.<\/p>\n<h2>P\u00f5hiomadused:<\/h2>\n<ul>\n<li>Tasakaal ja k\u00e4sitsemine t\u00e4psuse parandamiseks<\/li>\n<li>Sujuv laskmine<\/li>\n<li>K\u00f5rge modulaarsus ja \u00fchilduvus AR10 platvormi osadega<\/li>\n<li>Kahepoolsed juhtseadmed<\/li>\n<li>Kokkupandav p\u00fcssikaba<\/li>\n<\/ul>\n<h2>Tehnilised andmed:<\/h2>\n<table>\n<tr>\n<td>Kaliiber:<\/td>\n<td>7,62 x 51mm .308Win, 6,5 Creedmoor<\/td>\n<\/tr>\n<tr>\n<td>T\u00f6\u00f6s\u00fcsteem:<\/td>\n<td>Lukustatud p\u00f6\u00f6rlev lukk, h\u00fcbriid DI ja l\u00fchike k\u00e4ik<\/td>\n<\/tr>\n<tr>\n<td>Tegevus:<\/td>\n<td>Poolautomaatne<\/td>\n<\/tr>\n<tr>\n<td>Pikkus (min\/max):<\/td>\n<td>605mm \/ 1040mm<\/td>\n<\/tr>\n<tr>\n<td>Laius:<\/td>\n<td>56mm (64mm koos laadimisk\u00e4epidemega)<\/td>\n<\/tr>\n<tr>\n<td>K\u00f5rgus:<\/td>\n<td>210mm (10-lasulise salve korral)<\/td>\n<\/tr>\n<tr>\n<td>Relvaraua pikkus:<\/td>\n<td>16&#8243; (Standardne AR10 \u00fchilduv)<\/td>\n<\/tr>\n<tr>\n<td>Vindekeerd:<\/td>\n<td>1:12<\/td>\n<\/tr>\n<tr>\n<td>Kaal:<\/td>\n<td>3,7kg (20-lasulise salvega)<\/td>\n<\/tr>\n<tr>\n<td>Sihikus\u00fcsteem:<\/td>\n<td>\u00dclest\u00f5stetav avariisihik (sekundaarne)<\/td>\n<\/tr>\n<tr>\n<td>Sihiku pikkus:<\/td>\n<td>300mm, 340mm<\/td>\n<\/tr>\n<tr>\n<td>Summuti \u00fchendus:<\/td>\n<td>5\/8 x 24 keere integreeritud suudmepiduris<\/td>\n<\/tr>\n<tr>\n<td>Suudmeseade:<\/td>\n<td>3-kambriline suudmepidur<\/td>\n<\/tr>\n<tr>\n<td>NAR siinid:<\/td>\n<td>1+3<\/td>\n<\/tr>\n<tr>\n<td>Laadimisk\u00e4epide:<\/td>\n<td>Mittetagasiliikuv<\/td>\n<\/tr>\n<tr>\n<td>Salve maht:<\/td>\n<td>10, 20, 25 lasku (pol\u00fcmeer)<\/td>\n<\/tr>\n<tr>\n<td>P\u00fcssikaba valikud:<\/td>\n<td>Masada kokkupandav p\u00fcssikaba, AR-15 puhvritoru MFT p\u00fcssikabaga<\/td>\n<\/tr>\n<\/table>\n<p>\n","protected":false},"excerpt":{"rendered":"<p>Mitmek\u00fclgne, usaldusv\u00e4\u00e4rne 7.62x51mm karabiin 16-tollise (40,6 cm) rauaga. Sujuva laskmisega, modulaarne AR10 platvorm.<\/p>\n","protected":false},"featured_media":77482,"template":"","meta":{"_acf_changed":false},"product_brand":[11911],"product_cat":[2211,610],"product_tag":[],"class_list":{"0":"post-83395","1":"product","2":"type-product","3":"status-publish","4":"has-post-thumbnail","6":"product_brand-tinck-arms","7":"product_cat-carbines-et","8":"product_cat-rifle-et","10":"first","11":"instock","12":"taxable","13":"shipping-taxable","14":"purchasable","15":"product-type-simple"},"acf":[],"_links":{"self":[{"href":"https:\/\/staging.nbg.eu\/et\/wp-json\/wp\/v2\/product\/83395","targetHints":{"allow":["GET"]}}],"collection":[{"href":"https:\/\/staging.nbg.eu\/et\/wp-json\/wp\/v2\/product"}],"about":[{"href":"https:\/\/staging.nbg.eu\/et\/wp-json\/wp\/v2\/types\/product"}],"wp:featuredmedia":[{"embeddable":true,"href":"https:\/\/staging.nbg.eu\/et\/wp-json\/wp\/v2\/media\/77482"}],"wp:attachment":[{"href":"https:\/\/staging.nbg.eu\/et\/wp-json\/wp\/v2\/media?parent=83395"}],"wp:term":[{"taxonomy":"product_brand","embeddable":true,"href":"https:\/\/staging.nbg.eu\/et\/wp-json\/wp\/v2\/product_brand?post=83395"},{"taxonomy":"product_cat","embeddable":true,"href":"https:\/\/staging.nbg.eu\/et\/wp-json\/wp\/v2\/product_cat?post=83395"},{"taxonomy":"product_tag","embeddable":true,"href":"https:\/\/staging.nbg.eu\/et\/wp-json\/wp\/v2\/product_tag?post=83395"}],"curies":[{"name":"wp","href":"https:\/\/api.w.org\/{rel}","templated":true}]}}