{"id":78662,"date":"2024-11-04T19:26:19","date_gmt":"2024-11-13T12:31:23","guid":{"rendered":"https:\/\/staging.nbg.eu\/product\/tinck-arms-semi-automatic-rifle-ar-x15-ms-pro-cal-5-56x45-223-rem-12-5\/"},"modified":"2024-11-13T12:32:35","modified_gmt":"2024-11-13T12:32:35","slug":"tinck-arms-poolautomaatne-vintraud-ar-x15-ms-pro-kal-556x45-223-rem-125","status":"publish","type":"product","link":"https:\/\/staging.nbg.eu\/et\/toode\/tinck-arms-poolautomaatne-vintraud-ar-x15-ms-pro-kal-556x45-223-rem-125\/","title":{"rendered":"Tinck Arms poolautomaatne vintraud AR X15-MS Pro kal. 5.56&#215;45 (.223 Rem) &#8211; 12,5&#8243;"},"content":{"rendered":"<div class=\"product-description\">\n<h2>Tinck Arms ARX15-MS Pro Kal. 5.56&#215;45 (.223 Rem) &#8211; 12.5&#8243;<\/h2>\n<p>ARX15-MS Pro sobib t\u00e4psuslaskmiseks ja d\u00fcnaamiliseks laskmiseks. See relv on m\u00f5eldud kogenud laskuritele, jahimeestele v\u00f5i harrastuslaskuritele.<\/p>\n<h2>P\u00f5hiomadused:<\/h2>\n<ul>\n<li>Kaliiber: 5.56&#215;45 (.223 Rem)<\/li>\n<li>Poolautomaatne t\u00f6\u00f6tamine p\u00f6\u00f6rleva lukuga DI s\u00fcsteemiga<\/li>\n<li>Kompaktne ja reguleeritav disain (660mm &#8211; 970mm)<\/li>\n<li>Kaal 2.8kg (koos 30-laengulise salveega)<\/li>\n<li>12.5&#8243; toru 1:7&#8243; vindikeeruga<\/li>\n<li>M\u00f5lemak\u00e4eline k\u00e4sitsemine<\/li>\n<li>M-LOK \u00fchilduvad relsid lisavarustuse kinnitamiseks<\/li>\n<li>Integreeritud summuti \u00fchendus 1\/2&#8243; &#8211; 28 keermega<\/li>\n<li>Kolmekambriline suudmepidur<\/li>\n<\/ul>\n<h2>Mitmek\u00fclgsus ja kohandamine:<\/h2>\n<p>ARX15-MS Pro on kohandatav. Selle reguleeritav pikkus ja m\u00f5lemak\u00e4elised juhtnupud sobivad erinevatele laskuritele. M-LOK \u00fchilduvad relsid v\u00f5imaldavad lisada erinevat lisavarustust.<\/p>\n<h2>T\u00e4psus ja j\u00f5udlus:<\/h2>\n<p>12.5&#8243; toru 1:7&#8243; vindikeeruga pakub head t\u00e4psust l\u00e4hilaskmiseks ja keskmise kauguse laskmiseks. Kolmekambriline suudmepidur v\u00e4hendab tagasil\u00f6\u00f6ki.<\/p>\n<h2>Kaasas olevad tarvikud:<\/h2>\n<ul>\n<li>\u00dcks 10 v\u00f5i 30-laugeline pol\u00fcmeerist salv<\/li>\n<li>MFT p\u00fcssip\u00e4ra, \u00fchilduv AR-15 puhvritoru<\/li>\n<li>\u00dclest\u00f5stetav varusihik<\/li>\n<li>Kasutusjuhend<\/li>\n<\/ul>\n<\/div>\n","protected":false},"excerpt":{"rendered":"<p>Mitmek\u00fclgne 5,56\u00d745 poolautomaatne p\u00fcss. 12,5-tolline rauake, M-LOK relsid, m\u00f5lemak\u00e4eline.<\/p>\n","protected":false},"featured_media":77576,"template":"","meta":{"_acf_changed":false},"product_brand":[11911],"product_cat":[2211,610],"product_tag":[],"class_list":{"0":"post-78662","1":"product","2":"type-product","3":"status-publish","4":"has-post-thumbnail","6":"product_brand-tinck-arms","7":"product_cat-carbines-et","8":"product_cat-rifle-et","10":"first","11":"instock","12":"taxable","13":"shipping-taxable","14":"purchasable","15":"product-type-simple"},"acf":[],"_links":{"self":[{"href":"https:\/\/staging.nbg.eu\/et\/wp-json\/wp\/v2\/product\/78662","targetHints":{"allow":["GET"]}}],"collection":[{"href":"https:\/\/staging.nbg.eu\/et\/wp-json\/wp\/v2\/product"}],"about":[{"href":"https:\/\/staging.nbg.eu\/et\/wp-json\/wp\/v2\/types\/product"}],"wp:featuredmedia":[{"embeddable":true,"href":"https:\/\/staging.nbg.eu\/et\/wp-json\/wp\/v2\/media\/77576"}],"wp:attachment":[{"href":"https:\/\/staging.nbg.eu\/et\/wp-json\/wp\/v2\/media?parent=78662"}],"wp:term":[{"taxonomy":"product_brand","embeddable":true,"href":"https:\/\/staging.nbg.eu\/et\/wp-json\/wp\/v2\/product_brand?post=78662"},{"taxonomy":"product_cat","embeddable":true,"href":"https:\/\/staging.nbg.eu\/et\/wp-json\/wp\/v2\/product_cat?post=78662"},{"taxonomy":"product_tag","embeddable":true,"href":"https:\/\/staging.nbg.eu\/et\/wp-json\/wp\/v2\/product_tag?post=78662"}],"curies":[{"name":"wp","href":"https:\/\/api.w.org\/{rel}","templated":true}]}}