{"id":77434,"date":"2024-11-01T07:33:05","date_gmt":"2024-11-01T07:33:05","guid":{"rendered":"https:\/\/staging.nbg.eu\/product\/kmr-l-02-emiq\/"},"modified":"2024-11-04T13:33:37","modified_gmt":"2024-11-04T13:33:37","slug":"kmr-l-02-emiq","status":"publish","type":"product","link":"https:\/\/staging.nbg.eu\/et\/toode\/kmr-l-02-emiq\/","title":{"rendered":"KMR L-02 EMIQ"},"content":{"rendered":"<div class=\"product-description\">\n<h2>KMR L-02 EMIQ: V\u00f5istlusvalmis<\/h2>\n<p>KMR L-02 EMIQ on praktilise laskmise v\u00f5istlusteks m\u00f5eldud k\u00f5rgj\u00f5udlusega p\u00fcstol. See relv \u00fchendab t\u00e4pse valmistamise ja kaasaegsed lisaseadmed, et tagada t\u00e4psus ja kiirus.<\/p>\n<h2>Peamised omadused:<\/h2>\n<ul>\n<li>5&#8243; raske, sooneline, nitriiditud toru t\u00e4psuse ja soojushajutamise parandamiseks<\/li>\n<li>3+1 portiga kompensaator toru t\u00f5usu v\u00e4hendamiseks ja kiiremateks j\u00e4rellaskudeks<\/li>\n<li>CNC-t\u00f6\u00f6deldud terasraam vastupidavuse ja stabiilsuse tagamiseks<\/li>\n<li>Punase t\u00e4pi sihiku kinnitus koos kaitsekilbiga<\/li>\n<li>Reguleeritav \u00fcksiklasu p\u00e4\u00e4stiku mehhanism sakilise lameda p\u00e4\u00e4stikuga<\/li>\n<li>Suure mahutavusega salved: 19+1 v\u00f5i 26+1 padrunit (9&#215;19, 9\u00d721)<\/li>\n<li>KMR lisavarustus ja BRS toru stabiliseerimiss\u00fcsteem<\/li>\n<\/ul>\n<h2>Tehnilised andmed:<\/h2>\n<ul>\n<li>Kaliiber: 9&#215;19, 9&#215;21<\/li>\n<li>\u00dcldpikkus: 261 mm<\/li>\n<li>Toru pikkus: 127 mm<\/li>\n<li>Kaal (ilma salveta): 1260 g<\/li>\n<li>P\u00e4\u00e4stiku t\u00f5mme: &gt; 13.5 N<\/li>\n<\/ul>\n<p>KMR L-02 EMIQ on valmistatud meie relvaseppade poolt, tagades individuaalse hoole ja t\u00e4helepanu detailidele. Selle t\u00e4iustatud omaduste ja ergonoomilise disainiga p\u00fcstol v\u00f5imaldab teil v\u00f5istlustel paremini esineda.<\/p>\n<p>Valige KMR L-02 EMIQ ja olge v\u00f5istlusvalmis.<\/p>\n<\/div>\n","protected":false},"excerpt":{"rendered":"<p>K\u00f5rge j\u00f5udlusega spordip\u00fcstol kompensaatoriga v\u00f5istluste jaoks.<\/p>\n","protected":false},"featured_media":75831,"template":"","meta":{"_acf_changed":false},"product_brand":[11497],"product_cat":[2169,2238],"product_tag":[],"class_list":{"0":"post-77434","1":"product","2":"type-product","3":"status-publish","4":"has-post-thumbnail","6":"product_brand-kmr-precision","7":"product_cat-pistol-et","8":"product_cat-pistols-et","10":"first","11":"outofstock","12":"taxable","13":"shipping-taxable","14":"product-type-simple"},"acf":[],"_links":{"self":[{"href":"https:\/\/staging.nbg.eu\/et\/wp-json\/wp\/v2\/product\/77434","targetHints":{"allow":["GET"]}}],"collection":[{"href":"https:\/\/staging.nbg.eu\/et\/wp-json\/wp\/v2\/product"}],"about":[{"href":"https:\/\/staging.nbg.eu\/et\/wp-json\/wp\/v2\/types\/product"}],"wp:featuredmedia":[{"embeddable":true,"href":"https:\/\/staging.nbg.eu\/et\/wp-json\/wp\/v2\/media\/75831"}],"wp:attachment":[{"href":"https:\/\/staging.nbg.eu\/et\/wp-json\/wp\/v2\/media?parent=77434"}],"wp:term":[{"taxonomy":"product_brand","embeddable":true,"href":"https:\/\/staging.nbg.eu\/et\/wp-json\/wp\/v2\/product_brand?post=77434"},{"taxonomy":"product_cat","embeddable":true,"href":"https:\/\/staging.nbg.eu\/et\/wp-json\/wp\/v2\/product_cat?post=77434"},{"taxonomy":"product_tag","embeddable":true,"href":"https:\/\/staging.nbg.eu\/et\/wp-json\/wp\/v2\/product_tag?post=77434"}],"curies":[{"name":"wp","href":"https:\/\/api.w.org\/{rel}","templated":true}]}}