{"id":75407,"date":"2024-10-30T18:55:52","date_gmt":"2024-11-01T09:40:07","guid":{"rendered":"https:\/\/staging.nbg.eu\/product\/rhh-201-iwb-magazine\/"},"modified":"2024-11-01T09:45:21","modified_gmt":"2024-11-01T09:45:21","slug":"rhh-201-iwb-salvepadrun","status":"publish","type":"product","link":"https:\/\/staging.nbg.eu\/et\/toode\/rhh-201-iwb-salvepadrun\/","title":{"rendered":"Rhh .201 IWB salvepadrun"},"content":{"rendered":"<div class=\"product-description\">\n<h2>Rhh .201 IWB salvetupp<\/h2>\n<p>Rhh .201 IWB salvetupp on v\u00f6\u00f6sissekandmiseks m\u00f5eldud tupp. Selle omadused on:<\/p>\n<ul>\n<li>Pressitud kydex-konstruktsioon<\/li>\n<li>K\u00e4sitsi l\u00f5igatud servad<\/li>\n<li>Reguleeritav haare<\/li>\n<li>Kergesti puhastatav disain<\/li>\n<li>2mm paksune kydex-materjal<\/li>\n<li>Erinevad kandmisv\u00f5imalused v\u00f6\u00f6kohal<\/li>\n<li>Sobib aastaringseks kasutamiseks<\/li>\n<li>Saadaval 40mm ja 45mm terasklambritega<\/li>\n<li>Valikuline higi kaitse<\/li>\n<\/ul>\n<p>V\u00e4hene n\u00e4htavus riiete all. Sobib paremak\u00e4elistele kasutajaks kella 9 positsioonis.<\/p>\n<\/div>\n","protected":false},"excerpt":{"rendered":"<p>\u00d5huke, peidetav IWB salvetupp reguleeritava haardega ja higistamisvastase kaitsega.<\/p>\n","protected":false},"featured_media":74442,"template":"","meta":{"_acf_changed":false},"product_brand":[11636],"product_cat":[1002,1203],"product_tag":[],"class_list":{"0":"post-75407","1":"product","2":"type-product","3":"status-publish","4":"has-post-thumbnail","6":"product_brand-rh-holsters","7":"product_cat-holster-et","8":"product_cat-magazine-holders-et","9":"pa_belt-size-40mm-et","10":"pa_model-glock-17-22-31-et","11":"pa_model-glock-19-23-32-et","12":"pa_model-glock-26-27-et","13":"pa_strong-hand-right-et","15":"first","16":"instock","17":"taxable","18":"shipping-taxable","19":"purchasable","20":"product-type-variable","21":"wvs-archive-product-wrapper"},"acf":[],"_links":{"self":[{"href":"https:\/\/staging.nbg.eu\/et\/wp-json\/wp\/v2\/product\/75407","targetHints":{"allow":["GET"]}}],"collection":[{"href":"https:\/\/staging.nbg.eu\/et\/wp-json\/wp\/v2\/product"}],"about":[{"href":"https:\/\/staging.nbg.eu\/et\/wp-json\/wp\/v2\/types\/product"}],"wp:featuredmedia":[{"embeddable":true,"href":"https:\/\/staging.nbg.eu\/et\/wp-json\/wp\/v2\/media\/74442"}],"wp:attachment":[{"href":"https:\/\/staging.nbg.eu\/et\/wp-json\/wp\/v2\/media?parent=75407"}],"wp:term":[{"taxonomy":"product_brand","embeddable":true,"href":"https:\/\/staging.nbg.eu\/et\/wp-json\/wp\/v2\/product_brand?post=75407"},{"taxonomy":"product_cat","embeddable":true,"href":"https:\/\/staging.nbg.eu\/et\/wp-json\/wp\/v2\/product_cat?post=75407"},{"taxonomy":"product_tag","embeddable":true,"href":"https:\/\/staging.nbg.eu\/et\/wp-json\/wp\/v2\/product_tag?post=75407"}],"curies":[{"name":"wp","href":"https:\/\/api.w.org\/{rel}","templated":true}]}}