{"id":75353,"date":"2024-10-30T18:50:16","date_gmt":"2024-11-01T09:26:05","guid":{"rendered":"https:\/\/staging.nbg.eu\/product\/rhh-081-owb-magazine\/"},"modified":"2024-11-01T09:28:23","modified_gmt":"2024-11-01T09:28:23","slug":"rhh-081-owb-salv","status":"publish","type":"product","link":"https:\/\/staging.nbg.eu\/et\/toode\/rhh-081-owb-salv\/","title":{"rendered":"Rhh .081 OWB salv"},"content":{"rendered":"<div class=\"product-description\">\n<h2>Rhh .081 OWB salvetupp<\/h2>\n<p>Rhh .081 OWB salvetupp on Kydex-materjalist valmistatud tupp. Omadused:<\/p>\n<ul>\n<li>2mm paksune Kydex-konstruktsioon<\/li>\n<li>K\u00f5rgsurve vormimisega salvele sobiv<\/li>\n<li>Teravad s\u00fcvendid siledate k\u00e4sitsi l\u00f5igatud servadega<\/li>\n<li>Erinevad v\u00e4rvivalikud<\/li>\n<li>Erinevad kandmisasendid (paremak\u00e4elistele 9-7 kellaasendit)<\/li>\n<li>Sobib lasketiirudesse, treeningutele ja v\u00f5istlustele<\/li>\n<li>Mitu v\u00f6\u00f6kinnitusv\u00f5imalust: klassikalised aasad, SpeedLoops v\u00f5i MOLLE-klambrid<\/li>\n<li>Valikuline higikate<\/li>\n<li>Reguleeritav haardepinge<\/li>\n<\/ul>\n<p>Rhh .081 OWB salvetupp pakub head salve kinnitust ja kasutamise lihtsust.<\/p>\n<\/div>\n","protected":false},"excerpt":{"rendered":"<p>Vastupidav Kydexi OWB-p\u00fcstolihoidja kahele salvele. Kohandatav, kindel sobivus.<\/p>\n","protected":false},"featured_media":74393,"template":"","meta":{"_acf_changed":false},"product_brand":[11636],"product_cat":[1002,1203],"product_tag":[],"class_list":{"0":"post-75353","1":"product","2":"type-product","3":"status-publish","4":"has-post-thumbnail","6":"product_brand-rh-holsters","7":"product_cat-holster-et","8":"product_cat-magazine-holders-et","9":"pa_belt-size-40mm-et","10":"pa_model-1911-et","11":"pa_model-beretta-92x-et","12":"pa_model-beretta-m9a3-et","13":"pa_model-glock-17-22-31-et","14":"pa_model-glock-19-23-32-et","15":"pa_model-glock-26-27-et","16":"pa_model-hk45-et-2","17":"pa_model-sig-sauer-p226-bez-railu-et","18":"pa_strong-hand-right-et","20":"first","21":"instock","22":"taxable","23":"shipping-taxable","24":"purchasable","25":"product-type-variable","26":"wvs-archive-product-wrapper"},"acf":[],"_links":{"self":[{"href":"https:\/\/staging.nbg.eu\/et\/wp-json\/wp\/v2\/product\/75353","targetHints":{"allow":["GET"]}}],"collection":[{"href":"https:\/\/staging.nbg.eu\/et\/wp-json\/wp\/v2\/product"}],"about":[{"href":"https:\/\/staging.nbg.eu\/et\/wp-json\/wp\/v2\/types\/product"}],"wp:featuredmedia":[{"embeddable":true,"href":"https:\/\/staging.nbg.eu\/et\/wp-json\/wp\/v2\/media\/74393"}],"wp:attachment":[{"href":"https:\/\/staging.nbg.eu\/et\/wp-json\/wp\/v2\/media?parent=75353"}],"wp:term":[{"taxonomy":"product_brand","embeddable":true,"href":"https:\/\/staging.nbg.eu\/et\/wp-json\/wp\/v2\/product_brand?post=75353"},{"taxonomy":"product_cat","embeddable":true,"href":"https:\/\/staging.nbg.eu\/et\/wp-json\/wp\/v2\/product_cat?post=75353"},{"taxonomy":"product_tag","embeddable":true,"href":"https:\/\/staging.nbg.eu\/et\/wp-json\/wp\/v2\/product_tag?post=75353"}],"curies":[{"name":"wp","href":"https:\/\/api.w.org\/{rel}","templated":true}]}}