{"id":75324,"date":"2024-10-30T20:07:58","date_gmt":"2024-10-30T20:07:58","guid":{"rendered":"https:\/\/staging.nbg.eu\/product\/daa-hard-case-large-430\/"},"modified":"2024-11-01T09:07:33","modified_gmt":"2024-11-01T09:07:33","slug":"daa-kovakohver-suur-430","status":"publish","type":"product","link":"https:\/\/staging.nbg.eu\/et\/toode\/daa-kovakohver-suur-430\/","title":{"rendered":"DAA k\u00f5vakohver suur-430"},"content":{"rendered":"<div class=\"product-description\">\n<h2>DAA K\u00f5va Kohver Suur-430<\/h2>\n<p>IP67 sertifikaadiga DAA K\u00f5va Kohver Suur-430 pakub kaitset v\u00e4\u00e4rtesemetele. Sobib tulirelvadele, fotoseadmetele, merevarustusele ja muule. Kohver on loodud taluma ekstreemseid tingimusi.<\/p>\n<ul>\n<li>Veekindel tihend ja automaatne r\u00f5huvabastusklapp<\/li>\n<li>Kergesti avatavad topeltriivid ja tabaluku augud<\/li>\n<li>Virnastamise lukustuss\u00fcsteem lisakinnituspunktidega<\/li>\n<li>Sisaldab 4-osalist vahukomplekti kohandatava sisemusega<\/li>\n<li>Saadaval mustas v\u00f5i oran\u017eis v\u00e4rvis<\/li>\n<\/ul>\n<p>V\u00e4lism\u00f5\u00f5dud: 464 x 366 x 176 mm (18,27 x 14,41 x 6,93 tolli)<br \/>\n  Sisem\u00f5\u00f5dud: 426 x 290 x 159 mm (16,77 x 11,41 x 6,26 tolli)<br \/>\n  Kaal: 3,1 kg<\/p>\n<\/div>\n","protected":false},"excerpt":{"rendered":"<p>Vastupidav, veekindel \u00fcmbris v\u00e4\u00e4rtuslike seadmete jaoks. IP67 sertifikaadiga, mitmek\u00fclgne.<\/p>\n","protected":false},"featured_media":74468,"template":"","meta":{"_acf_changed":false},"product_brand":[11262],"product_cat":[542],"product_tag":[],"class_list":{"0":"post-75324","1":"product","2":"type-product","3":"status-publish","4":"has-post-thumbnail","6":"product_brand-doublealpha","7":"product_cat-gear-et","9":"first","10":"outofstock","11":"taxable","12":"shipping-taxable","13":"purchasable","14":"product-type-simple"},"acf":[],"_links":{"self":[{"href":"https:\/\/staging.nbg.eu\/et\/wp-json\/wp\/v2\/product\/75324","targetHints":{"allow":["GET"]}}],"collection":[{"href":"https:\/\/staging.nbg.eu\/et\/wp-json\/wp\/v2\/product"}],"about":[{"href":"https:\/\/staging.nbg.eu\/et\/wp-json\/wp\/v2\/types\/product"}],"wp:featuredmedia":[{"embeddable":true,"href":"https:\/\/staging.nbg.eu\/et\/wp-json\/wp\/v2\/media\/74468"}],"wp:attachment":[{"href":"https:\/\/staging.nbg.eu\/et\/wp-json\/wp\/v2\/media?parent=75324"}],"wp:term":[{"taxonomy":"product_brand","embeddable":true,"href":"https:\/\/staging.nbg.eu\/et\/wp-json\/wp\/v2\/product_brand?post=75324"},{"taxonomy":"product_cat","embeddable":true,"href":"https:\/\/staging.nbg.eu\/et\/wp-json\/wp\/v2\/product_cat?post=75324"},{"taxonomy":"product_tag","embeddable":true,"href":"https:\/\/staging.nbg.eu\/et\/wp-json\/wp\/v2\/product_tag?post=75324"}],"curies":[{"name":"wp","href":"https:\/\/api.w.org\/{rel}","templated":true}]}}