{"id":74921,"date":"2024-10-21T09:31:15","date_gmt":"2024-10-31T11:15:09","guid":{"rendered":"https:\/\/staging.nbg.eu\/product\/grips-kmr-s-dotmatrix-ergo-silver\/"},"modified":"2024-10-31T11:16:56","modified_gmt":"2024-10-31T11:16:56","slug":"kaeepidemed-kmr-s-dotmatrix-ergo-hobedane","status":"publish","type":"product","link":"https:\/\/staging.nbg.eu\/et\/toode\/kaeepidemed-kmr-s-dotmatrix-ergo-hobedane\/","title":{"rendered":"K\u00e4epidemed KMR S DotMatrix &#8211; Ergo h\u00f5bedane"},"content":{"rendered":"<h2>GRIPS KMR S DotMatrix &#8211; Ergo H\u00f5bedane<\/h2>\n<p>KMR S-02 p\u00fcstoli jaoks m\u00f5eldud DotMatrix k\u00e4epidemed. Valmistatud anodeeritud duralumiiniumist, pikad k\u00e4epidemed on ergonoomilise disainiga ja golfipalli mustriga parema haarde jaoks.<\/p>\n<ul>\n<li>Sobib ainult KMR S-02 raamiga (26mm lai)<\/li>\n<li>Anodeeritud duralumiiniumist konstruktsioon<\/li>\n<li>Ergonoomiline disain<\/li>\n<li>Golfipalli muster parema haarde jaoks<\/li>\n<li>H\u00f5bedane viimistlus KMR logoga<\/li>\n<li>Kaasas torx kruvid paigaldamiseks<\/li>\n<\/ul>\n<p>K\u00e4epidemed on loodud spetsiaalselt KMR S-02 .22 LR p\u00fcstoli jaoks. Ei sobi W-02 v\u00f5i L-02 raami suurustega.<\/p>\n<dl class=\"data-sheet\">\n<dt class=\"name\">KMR relvadele<\/dt>\n<dd class=\"value\">KMR S-01 LANCE (OR)<br \/>\nKMR S-02 KUNI 2023<\/dd>\n<dt class=\"name\">CZ relvade valik<\/dt>\n<dd class=\"value\">CZ SHADOW 1<br \/>\nCZ SHADOW 2<br \/>\nCZ SHADOW 2 (OR)<br \/>\nCZ SP-01<\/dd>\n<\/dl>\n","protected":false},"excerpt":{"rendered":"<p>Ergonoomilised h\u00f5bedased k\u00e4epidemed KMR S-02 p\u00fcstolitele.<br \/>\n0611-03001-0102<\/p>\n","protected":false},"featured_media":73843,"template":"","meta":{"_acf_changed":false},"product_brand":[11497],"product_cat":[910],"product_tag":[],"class_list":{"0":"post-74921","1":"product","2":"type-product","3":"status-publish","4":"has-post-thumbnail","6":"product_brand-kmr-precision","7":"product_cat-kmr-parts-et","9":"first","10":"instock","11":"taxable","12":"shipping-taxable","13":"purchasable","14":"product-type-simple"},"acf":[],"_links":{"self":[{"href":"https:\/\/staging.nbg.eu\/et\/wp-json\/wp\/v2\/product\/74921","targetHints":{"allow":["GET"]}}],"collection":[{"href":"https:\/\/staging.nbg.eu\/et\/wp-json\/wp\/v2\/product"}],"about":[{"href":"https:\/\/staging.nbg.eu\/et\/wp-json\/wp\/v2\/types\/product"}],"wp:featuredmedia":[{"embeddable":true,"href":"https:\/\/staging.nbg.eu\/et\/wp-json\/wp\/v2\/media\/73843"}],"wp:attachment":[{"href":"https:\/\/staging.nbg.eu\/et\/wp-json\/wp\/v2\/media?parent=74921"}],"wp:term":[{"taxonomy":"product_brand","embeddable":true,"href":"https:\/\/staging.nbg.eu\/et\/wp-json\/wp\/v2\/product_brand?post=74921"},{"taxonomy":"product_cat","embeddable":true,"href":"https:\/\/staging.nbg.eu\/et\/wp-json\/wp\/v2\/product_cat?post=74921"},{"taxonomy":"product_tag","embeddable":true,"href":"https:\/\/staging.nbg.eu\/et\/wp-json\/wp\/v2\/product_tag?post=74921"}],"curies":[{"name":"wp","href":"https:\/\/api.w.org\/{rel}","templated":true}]}}