{"id":74833,"date":"2024-10-21T09:33:36","date_gmt":"2024-10-31T10:58:23","guid":{"rendered":"https:\/\/staging.nbg.eu\/product\/grips-kmr-s-dotmatrix-silver\/"},"modified":"2024-10-31T11:00:10","modified_gmt":"2024-10-31T11:00:10","slug":"kaeepidemed-kmr-s-dotmatrix-hobedane","status":"publish","type":"product","link":"https:\/\/staging.nbg.eu\/et\/toode\/kaeepidemed-kmr-s-dotmatrix-hobedane\/","title":{"rendered":"K\u00e4epidemed KMR S DotMatrix &#8211; h\u00f5bedane"},"content":{"rendered":"<div class=\"product-description\">\n<h2>GRIPS KMR S DotMatrix &#8211; H\u00f5bedane<\/h2>\n<p>GRIPS KMR S DotMatrix h\u00f5bedased k\u00e4epidemed. Need pikad k\u00e4epidemed on valmistatud anodeeritud duralumiiniumist ja neil on golfipalli mustriga tekstuur.<\/p>\n<ul>\n<li>M\u00f5eldud KMR S-02 mudelitele 26mm laiuste alumiiniumraamidega<\/li>\n<li>Tekstuur tagab kindla haarde<\/li>\n<li>Sobib olemasolevate p\u00fcstolite t\u00e4iustamiseks v\u00f5i v\u00f5istlusrelvade ehitamiseks<\/li>\n<li>Puudub salvestugi<\/li>\n<li>Komplektis torx-kruvid paigaldamiseks<\/li>\n<li>KMR logo<\/li>\n<\/ul>\n<p>M\u00e4rkus: Need k\u00e4epidemed sobivad ainult KMR S-02 raami suurustega ega ole vahetatavad W-02 v\u00f5i L-02 mudelitega. Kontrollige enne paigaldamist sisemist m\u00e4rgistust (S).<\/p>\n<\/div>\n<dl class=\"data-sheet\">\n<dt class=\"name\">Relvadele KMR<\/dt>\n<dd class=\"value\">KMR S-01 LANCE (OR)<br \/>\nKMR S-02 KUNI 2023<\/dd>\n<dt class=\"name\">Valik CZ relvadele<\/dt>\n<dd class=\"value\">CZ SHADOW 1<br \/>\nCZ SHADOW 2<br \/>\nCZ SHADOW 2 (OR)<br \/>\nCZ SP-01<\/dd>\n<\/dl>\n","protected":false},"excerpt":{"rendered":"<p>Vastupidavad h\u00f5bedased k\u00e4epidemed agressiivse tekstuuriga kindlaks k\u00e4sitsemiseks.<br \/>\n 0611-02801-0102<\/p>\n","protected":false},"featured_media":73867,"template":"","meta":{"_acf_changed":false},"product_brand":[11497],"product_cat":[369],"product_tag":[],"class_list":{"0":"post-74833","1":"product","2":"type-product","3":"status-publish","4":"has-post-thumbnail","6":"product_brand-kmr-precision","7":"product_cat-uncategorized","9":"first","10":"instock","11":"taxable","12":"shipping-taxable","13":"purchasable","14":"product-type-simple"},"acf":[],"_links":{"self":[{"href":"https:\/\/staging.nbg.eu\/et\/wp-json\/wp\/v2\/product\/74833","targetHints":{"allow":["GET"]}}],"collection":[{"href":"https:\/\/staging.nbg.eu\/et\/wp-json\/wp\/v2\/product"}],"about":[{"href":"https:\/\/staging.nbg.eu\/et\/wp-json\/wp\/v2\/types\/product"}],"wp:featuredmedia":[{"embeddable":true,"href":"https:\/\/staging.nbg.eu\/et\/wp-json\/wp\/v2\/media\/73867"}],"wp:attachment":[{"href":"https:\/\/staging.nbg.eu\/et\/wp-json\/wp\/v2\/media?parent=74833"}],"wp:term":[{"taxonomy":"product_brand","embeddable":true,"href":"https:\/\/staging.nbg.eu\/et\/wp-json\/wp\/v2\/product_brand?post=74833"},{"taxonomy":"product_cat","embeddable":true,"href":"https:\/\/staging.nbg.eu\/et\/wp-json\/wp\/v2\/product_cat?post=74833"},{"taxonomy":"product_tag","embeddable":true,"href":"https:\/\/staging.nbg.eu\/et\/wp-json\/wp\/v2\/product_tag?post=74833"}],"curies":[{"name":"wp","href":"https:\/\/api.w.org\/{rel}","templated":true}]}}