{"id":74811,"date":"2024-10-21T09:29:53","date_gmt":"2024-10-31T10:54:52","guid":{"rendered":"https:\/\/staging.nbg.eu\/product\/grips-kmr-s-dotmatrix-black\/"},"modified":"2024-10-31T10:56:39","modified_gmt":"2024-10-31T10:56:39","slug":"kaeepidemed-kmr-s-dotmatrix-must","status":"publish","type":"product","link":"https:\/\/staging.nbg.eu\/et\/toode\/kaeepidemed-kmr-s-dotmatrix-must\/","title":{"rendered":"K\u00e4epidemed KMR S DotMatrix &#8211; must"},"content":{"rendered":"<div class=\"product-description\">\n<h2>GRIPS KMR S DotMatrix &#8211; Must<\/h2>\n<p>GRIPS KMR S DotMatrix must v\u00e4rvi haardepidemed. Need haardepidemed pakuvad tekstuurset pinda. Sobivad olemasoleva p\u00fcstoli t\u00e4iustamiseks v\u00f5i v\u00f5istlusrelva jaoks.<\/p>\n<h3>P\u00f5hiomadused:<\/h3>\n<ul>\n<li>Pikk suurus<\/li>\n<li>Valmistatud anodeeritud duralumiiniumist<\/li>\n<li>Golfipalli mustriga tekstuur<\/li>\n<li>Disainitud kasutamiseks ilma salvesuunajata<\/li>\n<li>Komplektis torx-kruvid paigaldamiseks<\/li>\n<li>KMR logo<\/li>\n<\/ul>\n<p>\u00dchildub ainult KMR S-02 mudelitega, millel on 26 mm laiune alumiiniumraam. Ei sobi W-02 ega L-02 raami suurustele. Sobib KMR S-02 .22 LR p\u00fcstolitele.<\/p>\n<\/div>\n<dl class=\"data-sheet\">\n<dt class=\"name\">KMR relvadele<\/dt>\n<dd class=\"value\">KMR S-01 LANCE (OR)<br \/>\nKMR S-02 KUNI 2023<\/dd>\n<dt class=\"name\">CZ relvadele<\/dt>\n<dd class=\"value\">CZ SHADOW 1<br \/>\nCZ SHADOW 2<br \/>\nCZ SHADOW 2 (OR)<br \/>\nCZ SP-01<\/dd>\n<\/dl>\n","protected":false},"excerpt":{"rendered":"<p>Vastupidavad anodeeritud duralumiiniumist p\u00fcstoli k\u00e4epidemed. Tugev tekstuur.<\/p>\n<p>0611-02801-0101<\/p>\n","protected":false},"featured_media":73819,"template":"","meta":{"_acf_changed":false},"product_brand":[11497],"product_cat":[910],"product_tag":[],"class_list":{"0":"post-74811","1":"product","2":"type-product","3":"status-publish","4":"has-post-thumbnail","6":"product_brand-kmr-precision","7":"product_cat-kmr-parts-et","9":"first","10":"instock","11":"taxable","12":"shipping-taxable","13":"purchasable","14":"product-type-simple"},"acf":[],"_links":{"self":[{"href":"https:\/\/staging.nbg.eu\/et\/wp-json\/wp\/v2\/product\/74811","targetHints":{"allow":["GET"]}}],"collection":[{"href":"https:\/\/staging.nbg.eu\/et\/wp-json\/wp\/v2\/product"}],"about":[{"href":"https:\/\/staging.nbg.eu\/et\/wp-json\/wp\/v2\/types\/product"}],"wp:featuredmedia":[{"embeddable":true,"href":"https:\/\/staging.nbg.eu\/et\/wp-json\/wp\/v2\/media\/73819"}],"wp:attachment":[{"href":"https:\/\/staging.nbg.eu\/et\/wp-json\/wp\/v2\/media?parent=74811"}],"wp:term":[{"taxonomy":"product_brand","embeddable":true,"href":"https:\/\/staging.nbg.eu\/et\/wp-json\/wp\/v2\/product_brand?post=74811"},{"taxonomy":"product_cat","embeddable":true,"href":"https:\/\/staging.nbg.eu\/et\/wp-json\/wp\/v2\/product_cat?post=74811"},{"taxonomy":"product_tag","embeddable":true,"href":"https:\/\/staging.nbg.eu\/et\/wp-json\/wp\/v2\/product_tag?post=74811"}],"curies":[{"name":"wp","href":"https:\/\/api.w.org\/{rel}","templated":true}]}}