{"id":74359,"date":"2024-10-19T08:43:18","date_gmt":"2024-10-19T08:43:18","guid":{"rendered":"https:\/\/staging.nbg.eu\/product\/sg-timer-go\/"},"modified":"2025-10-01T15:19:31","modified_gmt":"2025-10-01T12:19:31","slug":"sg-taimer-go","status":"publish","type":"product","link":"https:\/\/staging.nbg.eu\/et\/toode\/sg-taimer-go\/","title":{"rendered":"SG taimer Go"},"content":{"rendered":"<h2>SG Timer Go: Omadused ja hind<\/h2>\n<p>SG Timer Go on kompaktne seade edasij\u00f5udnud tehnoloogiaga. Sellel on sama nutikas andur ja tuvastusalgoritmid nagu eelmisel mudelil, et parandada laskmiskogemust.<\/p>\n<h2>P\u00f5hiomadused:<\/h2>\n<ul>\n<li>Bluetooth-\u00fchenduvus<\/li>\n<li>\u00dchilduvus harjutuste rakendusega lisafunktsioonide jaoks<\/li>\n<li>Kuiva lasu tuvastamine tagasisidega<\/li>\n<li>Kaja filtreerimine t\u00e4pseks lasu tuvastamiseks<\/li>\n<li>Sisseehitatud m\u00e4lu 1 000 000 lasule<\/li>\n<li>Kohandatavad PAR-ajad<\/li>\n<li>Reguleeritav tundlikkus k\u00f5ikidele kaliibritele<\/li>\n<li>Muudetav helitugevus (5-100)<\/li>\n<li>&#8220;Spiooni re\u017eiim&#8221; teiste taimeritega s\u00fcnkroniseerimiseks<\/li>\n<\/ul>\n<h2>Kasutajas\u00f5bralik disain:<\/h2>\n<ul>\n<li>\u00dclaosas paiknev ekraan lihtsaks vaatamiseks<\/li>\n<li>Lihtsustatud 2-nupuline liides<\/li>\n<li>Kiirkinnitusega v\u00f6\u00f6klamb\u0435\u0440 kindlaks kinnitamiseks<\/li>\n<li>Taskuklamber mitmek\u00fclgseks kandmiseks<\/li>\n<\/ul>\n<h2>Pikaajaline j\u00f5udlus:<\/h2>\n<p>Kuni 80 tundi pidevat kasutamist \u00fche laadimisega ja USB-C port mugavaks laadimiseks.<\/p>\n<p>SG Timer Go \u00fchendab lihtsuse ja edasij\u00f5udnud funktsioonid laskmise jaoks.<\/p>\n","protected":false},"excerpt":{"rendered":"<p>Kompaktne nutikas lasketaimer Bluetooth-\u00fchendusega, t\u00e4iustatud funktsioonidega ja pika aku t\u00f6\u00f6eaga.<\/p>\n","protected":false},"featured_media":73215,"template":"","meta":{"_acf_changed":false},"product_brand":[11792],"product_cat":[542,2419],"product_tag":[],"class_list":{"0":"post-74359","1":"product","2":"type-product","3":"status-publish","4":"has-post-thumbnail","6":"product_brand-shooters-global","7":"product_cat-gear-et","8":"product_cat-shot-timers-et","10":"first","11":"outofstock","12":"taxable","13":"shipping-taxable","14":"purchasable","15":"product-type-simple"},"acf":[],"_links":{"self":[{"href":"https:\/\/staging.nbg.eu\/et\/wp-json\/wp\/v2\/product\/74359","targetHints":{"allow":["GET"]}}],"collection":[{"href":"https:\/\/staging.nbg.eu\/et\/wp-json\/wp\/v2\/product"}],"about":[{"href":"https:\/\/staging.nbg.eu\/et\/wp-json\/wp\/v2\/types\/product"}],"wp:featuredmedia":[{"embeddable":true,"href":"https:\/\/staging.nbg.eu\/et\/wp-json\/wp\/v2\/media\/73215"}],"wp:attachment":[{"href":"https:\/\/staging.nbg.eu\/et\/wp-json\/wp\/v2\/media?parent=74359"}],"wp:term":[{"taxonomy":"product_brand","embeddable":true,"href":"https:\/\/staging.nbg.eu\/et\/wp-json\/wp\/v2\/product_brand?post=74359"},{"taxonomy":"product_cat","embeddable":true,"href":"https:\/\/staging.nbg.eu\/et\/wp-json\/wp\/v2\/product_cat?post=74359"},{"taxonomy":"product_tag","embeddable":true,"href":"https:\/\/staging.nbg.eu\/et\/wp-json\/wp\/v2\/product_tag?post=74359"}],"curies":[{"name":"wp","href":"https:\/\/api.w.org\/{rel}","templated":true}]}}