{"id":74341,"date":"2024-10-19T08:24:33","date_gmt":"2024-10-30T09:31:04","guid":{"rendered":"https:\/\/staging.nbg.eu\/product\/sg-timer-2\/"},"modified":"2024-10-30T09:33:28","modified_gmt":"2024-10-30T09:33:28","slug":"sg-taimer-2","status":"publish","type":"product","link":"https:\/\/staging.nbg.eu\/et\/toode\/sg-taimer-2\/","title":{"rendered":"SG taimer 2"},"content":{"rendered":"<div class=\"product-description\">\n<h2>SG Timer 2: Laskmistaimer<\/h2>\n<p>SG Timer 2 on laskmiseks m\u00f5eldud taimer. See sobib nii individuaalseks treeninguks kui ka grupitreeninguteks.<\/p>\n<h2>P\u00f5hiomadused:<\/h2>\n<ul>\n<li><strong>Vali heli:<\/strong> Akustiline v\u00f5imendi teeb sellest valju taimeri.<\/li>\n<li><strong>Kinnitamine:<\/strong> U-kinnitus magnetitega ja lisariistvaraga stabiilsuse tagamiseks.<\/li>\n<li><strong>\u00dchenduvus:<\/strong> NFC ja Bluetooth 5.4 nutitelefoni \u00fchendamiseks ja suurema leviala jaoks.<\/li>\n<li><strong>Laskude tuvastamine:<\/strong> Sensor tuvastab laskud AEG-st ja CO2-st kuni mis tahes kaliibriga tulirelvani, sealhulgas summutatud relvad.<\/li>\n<li><strong>Kohandatavad seaded:<\/strong> Reguleeritav tundlikkus ja kaja filtreerimine laskude t\u00e4pseks tuvastamiseks.<\/li>\n<li><strong>M\u00e4lu:<\/strong> Sisseehitatud m\u00e4lu kuni 1 000 000 lasu ja statistika jaoks.<\/li>\n<li><strong>PAR funktsioon:<\/strong> Treeningute ja harjutuste eelnev planeerimine.<\/li>\n<li><strong>Spioneerimisre\u017eiim:<\/strong> S\u00fcnkroniseerimine teiste laskmistaimeritega koost\u00f6\u00f6s treenimiseks.<\/li>\n<\/ul>\n<p>SG Timer 2 on m\u00f5eldud v\u00f5istluslaskuritele, instruktoritele ja harrastajatele. See on t\u00e4pne ja usaldusv\u00e4\u00e4rne laskmistaimeri seade.<\/p>\n<\/div>\n","protected":false},"excerpt":{"rendered":"<p>Valjemad, nutikamad, mitmek\u00fclgsed. Kindel haare, Bluetooth 5.4, t\u00e4iustatud andur.<\/p>\n","protected":false},"featured_media":73076,"template":"","meta":{"_acf_changed":false},"product_brand":[11792],"product_cat":[542,2419],"product_tag":[],"class_list":{"0":"post-74341","1":"product","2":"type-product","3":"status-publish","4":"has-post-thumbnail","6":"product_brand-shooters-global","7":"product_cat-gear-et","8":"product_cat-shot-timers-et","10":"first","11":"instock","12":"taxable","13":"shipping-taxable","14":"purchasable","15":"product-type-simple"},"acf":[],"_links":{"self":[{"href":"https:\/\/staging.nbg.eu\/et\/wp-json\/wp\/v2\/product\/74341","targetHints":{"allow":["GET"]}}],"collection":[{"href":"https:\/\/staging.nbg.eu\/et\/wp-json\/wp\/v2\/product"}],"about":[{"href":"https:\/\/staging.nbg.eu\/et\/wp-json\/wp\/v2\/types\/product"}],"wp:featuredmedia":[{"embeddable":true,"href":"https:\/\/staging.nbg.eu\/et\/wp-json\/wp\/v2\/media\/73076"}],"wp:attachment":[{"href":"https:\/\/staging.nbg.eu\/et\/wp-json\/wp\/v2\/media?parent=74341"}],"wp:term":[{"taxonomy":"product_brand","embeddable":true,"href":"https:\/\/staging.nbg.eu\/et\/wp-json\/wp\/v2\/product_brand?post=74341"},{"taxonomy":"product_cat","embeddable":true,"href":"https:\/\/staging.nbg.eu\/et\/wp-json\/wp\/v2\/product_cat?post=74341"},{"taxonomy":"product_tag","embeddable":true,"href":"https:\/\/staging.nbg.eu\/et\/wp-json\/wp\/v2\/product_tag?post=74341"}],"curies":[{"name":"wp","href":"https:\/\/api.w.org\/{rel}","templated":true}]}}