{"id":74318,"date":"2024-10-18T19:45:03","date_gmt":"2024-10-30T09:23:44","guid":{"rendered":"https:\/\/staging.nbg.eu\/product\/sordin-supreme-pro-x-led-gel\/"},"modified":"2024-10-30T09:25:22","modified_gmt":"2024-10-30T09:25:22","slug":"sordin-supreme-pro-x-led-gel","status":"publish","type":"product","link":"https:\/\/staging.nbg.eu\/et\/toode\/sordin-supreme-pro-x-led-gel\/","title":{"rendered":"Sordin Supreme Pro-X LED GEL"},"content":{"rendered":"<h2>Sordin Supreme Pro-X LED<\/h2>\n<p>Sordin Supreme Pro-X LED on elektrooniline kuulmiskaitse jahimeestele ja laskuritele. Sellel on SordinHEAR2 helis\u00fcsteem nelja heliprofiilga.<\/p>\n<h2>P\u00f5hiomadused:<\/h2>\n<ul>\n<li>Sisseehitatud LED-tuli<\/li>\n<li>GEL-tihendusr\u00f5ngad<\/li>\n<li>IP67 veekindlus<\/li>\n<li>Kompaktne k\u00f5rvaklapidisain<\/li>\n<li>Tasemest s\u00f5ltuv funktsioon \u00fcmbritseva heli kuulmiseks<\/li>\n<li>400-tunnine aku t\u00f6\u00f6iga kahe AAA patareiga<\/li>\n<li>AUX-sisend v\u00e4liste heliallikate jaoks<\/li>\n<\/ul>\n<p>Toode taasesitab loomulikku heli ja kaitseb ohtliku m\u00fcra eest. Supreme Pro-X LED v\u00f5imendab n\u00f5rku helisid ja piirab v\u00e4ljundit 82 dB-ni.<\/p>\n<p>Tootel on kamomustriline tekstiilist peapael, kerge disain (376g) ja t\u00f5hus m\u00fcrasummutus ka prillide kandmisel.<\/p>\n<p>NRR: 21 | SNR: 27 | H: 29 | M: 24 | L: 19<\/p>\n","protected":false},"excerpt":{"rendered":"<p>Elektrooniline kuulmiskaitse LED-valgustuse, 4 heliprofiili ja geeltihendiga.<\/p>\n","protected":false},"featured_media":72213,"template":"","meta":{"_acf_changed":false},"product_brand":[11846],"product_cat":[931,542],"product_tag":[],"class_list":{"0":"post-74318","1":"product","2":"type-product","3":"status-publish","4":"has-post-thumbnail","6":"product_brand-sordin","7":"product_cat-ear-protection-et","8":"product_cat-gear-et","10":"first","11":"instock","12":"taxable","13":"shipping-taxable","14":"purchasable","15":"product-type-simple"},"acf":[],"_links":{"self":[{"href":"https:\/\/staging.nbg.eu\/et\/wp-json\/wp\/v2\/product\/74318","targetHints":{"allow":["GET"]}}],"collection":[{"href":"https:\/\/staging.nbg.eu\/et\/wp-json\/wp\/v2\/product"}],"about":[{"href":"https:\/\/staging.nbg.eu\/et\/wp-json\/wp\/v2\/types\/product"}],"wp:featuredmedia":[{"embeddable":true,"href":"https:\/\/staging.nbg.eu\/et\/wp-json\/wp\/v2\/media\/72213"}],"wp:attachment":[{"href":"https:\/\/staging.nbg.eu\/et\/wp-json\/wp\/v2\/media?parent=74318"}],"wp:term":[{"taxonomy":"product_brand","embeddable":true,"href":"https:\/\/staging.nbg.eu\/et\/wp-json\/wp\/v2\/product_brand?post=74318"},{"taxonomy":"product_cat","embeddable":true,"href":"https:\/\/staging.nbg.eu\/et\/wp-json\/wp\/v2\/product_cat?post=74318"},{"taxonomy":"product_tag","embeddable":true,"href":"https:\/\/staging.nbg.eu\/et\/wp-json\/wp\/v2\/product_tag?post=74318"}],"curies":[{"name":"wp","href":"https:\/\/api.w.org\/{rel}","templated":true}]}}