{"id":74273,"date":"2024-10-20T10:20:59","date_gmt":"2024-10-30T09:02:49","guid":{"rendered":"https:\/\/staging.nbg.eu\/product\/fully-adjustable-rear-sight-kmr\/"},"modified":"2024-10-30T09:04:43","modified_gmt":"2024-10-30T09:04:43","slug":"taeielikult-reguleeritav-tagasihik-kmr","status":"publish","type":"product","link":"https:\/\/staging.nbg.eu\/et\/toode\/taeielikult-reguleeritav-tagasihik-kmr\/","title":{"rendered":"T\u00e4ielikult reguleeritav tagasihik KMR"},"content":{"rendered":"<div class=\"product-description\">\n<h2>T\u00e4ielikult reguleeritav tagasihik KMR-ile<\/h2>\n<p>Tagasihik, mis on m\u00f5eldud KMR ja CZ mudelitele. See sihik pakub:<\/p>\n<ul>\n<li>\u00dchilduvus CZ SP01 Shadow 1 ja CZ Shadow 2 mudelitega<\/li>\n<li>Sobib eesmiste sihikutega k\u00f5rgusega 7,5-8,0mm<\/li>\n<li>T\u00e4psed reguleerimised<\/li>\n<li>Vastupidav konstruktsioon<\/li>\n<\/ul>\n<p>T\u00e4iendage oma tulirelva sihikus\u00fcsteemi. M\u00e4rkus: See sihik ei \u00fchildu CZ 75 TS mudelitega.<\/p>\n<p>T\u00e4ielikult reguleeritav tagasihik KMR v\u00f5i CZ p\u00fcstolile.<\/p>\n<\/div>\n","protected":false},"excerpt":{"rendered":"<p>T\u00e4pne tagasihtimisseade KMR-ile ja CZ-le.<\/p>\n","protected":false},"featured_media":73517,"template":"","meta":{"_acf_changed":false},"product_brand":[],"product_cat":[910],"product_tag":[],"class_list":{"0":"post-74273","1":"product","2":"type-product","3":"status-publish","4":"has-post-thumbnail","6":"product_cat-kmr-parts-et","8":"first","9":"instock","10":"taxable","11":"shipping-taxable","12":"purchasable","13":"product-type-simple"},"acf":[],"_links":{"self":[{"href":"https:\/\/staging.nbg.eu\/et\/wp-json\/wp\/v2\/product\/74273","targetHints":{"allow":["GET"]}}],"collection":[{"href":"https:\/\/staging.nbg.eu\/et\/wp-json\/wp\/v2\/product"}],"about":[{"href":"https:\/\/staging.nbg.eu\/et\/wp-json\/wp\/v2\/types\/product"}],"wp:featuredmedia":[{"embeddable":true,"href":"https:\/\/staging.nbg.eu\/et\/wp-json\/wp\/v2\/media\/73517"}],"wp:attachment":[{"href":"https:\/\/staging.nbg.eu\/et\/wp-json\/wp\/v2\/media?parent=74273"}],"wp:term":[{"taxonomy":"product_brand","embeddable":true,"href":"https:\/\/staging.nbg.eu\/et\/wp-json\/wp\/v2\/product_brand?post=74273"},{"taxonomy":"product_cat","embeddable":true,"href":"https:\/\/staging.nbg.eu\/et\/wp-json\/wp\/v2\/product_cat?post=74273"},{"taxonomy":"product_tag","embeddable":true,"href":"https:\/\/staging.nbg.eu\/et\/wp-json\/wp\/v2\/product_tag?post=74273"}],"curies":[{"name":"wp","href":"https:\/\/api.w.org\/{rel}","templated":true}]}}