{"id":74251,"date":"2024-10-18T20:29:49","date_gmt":"2024-10-18T20:29:49","guid":{"rendered":"https:\/\/staging.nbg.eu\/product\/sg-pulse-electronic-level-picatinny-m-lok\/"},"modified":"2024-10-30T09:02:54","modified_gmt":"2024-10-30T09:02:54","slug":"sg-pulse-elektrooniline-libellveod-picatinny-m-lok","status":"publish","type":"product","link":"https:\/\/staging.nbg.eu\/et\/toode\/sg-pulse-elektrooniline-libellveod-picatinny-m-lok\/","title":{"rendered":"SG PULSE elektrooniline libellveod Picatinny + M-LOK"},"content":{"rendered":"<h2>SG PULSE ELEKTROONILINE LOOD PICATINNY + M-LOK<\/h2>\n<p>SG PULSE ELEKTROONILINE LOOD tagab vertikaalse joonduse, v\u00e4hendades horisontaalset k\u00f5rvalekallet t\u00e4psemate laskude jaoks. Seadmel on LED-tuled perifeerse tagasiside jaoks ja kohandatavad kalibreerimisvalikud.<\/p>\n<ul>\n<li>Digitaalne lood vertikaalse joonduse jaoks<\/li>\n<li>Stabiilsusre\u017eiim kuvab MOA p\u00e4\u00e4stiku ajastamiseks<\/li>\n<li>Koosinuse n\u00e4it \u00fcles- ja allam\u00e4ge laskude jaoks<\/li>\n<li>\u00dche puutega optika loodimine<\/li>\n<li>\u00dcleminekuaja j\u00e4lgimine j\u00f5udluse anal\u00fc\u00fcsimiseks<\/li>\n<li>Kompaktne ja vastupidav disain<\/li>\n<li>Mitmek\u00fclgsed kinnitusvalikud (Picatinny ja M-LOK)<\/li>\n<\/ul>\n<p>\u00dchildub Drills rakendusega stabiilsuse ja relvaraua liikumise anal\u00fc\u00fcsimiseks. SG PULSE ELEKTROONILINE LOOD on m\u00f5eldud t\u00e4psuse parandamiseks.<\/p>\n","protected":false},"excerpt":{"rendered":"<p>SG PULSE: T\u00e4pne elektrooniline vesilood t\u00e4iuslikuks p\u00fcssi joondamiseks.<\/p>\n","protected":false},"featured_media":72656,"template":"","meta":{"_acf_changed":false},"product_brand":[],"product_cat":[542],"product_tag":[],"class_list":{"0":"post-74251","1":"product","2":"type-product","3":"status-publish","4":"has-post-thumbnail","6":"product_cat-gear-et","8":"first","9":"instock","10":"taxable","11":"shipping-taxable","12":"purchasable","13":"product-type-simple"},"acf":[],"_links":{"self":[{"href":"https:\/\/staging.nbg.eu\/et\/wp-json\/wp\/v2\/product\/74251","targetHints":{"allow":["GET"]}}],"collection":[{"href":"https:\/\/staging.nbg.eu\/et\/wp-json\/wp\/v2\/product"}],"about":[{"href":"https:\/\/staging.nbg.eu\/et\/wp-json\/wp\/v2\/types\/product"}],"wp:featuredmedia":[{"embeddable":true,"href":"https:\/\/staging.nbg.eu\/et\/wp-json\/wp\/v2\/media\/72656"}],"wp:attachment":[{"href":"https:\/\/staging.nbg.eu\/et\/wp-json\/wp\/v2\/media?parent=74251"}],"wp:term":[{"taxonomy":"product_brand","embeddable":true,"href":"https:\/\/staging.nbg.eu\/et\/wp-json\/wp\/v2\/product_brand?post=74251"},{"taxonomy":"product_cat","embeddable":true,"href":"https:\/\/staging.nbg.eu\/et\/wp-json\/wp\/v2\/product_cat?post=74251"},{"taxonomy":"product_tag","embeddable":true,"href":"https:\/\/staging.nbg.eu\/et\/wp-json\/wp\/v2\/product_tag?post=74251"}],"curies":[{"name":"wp","href":"https:\/\/api.w.org\/{rel}","templated":true}]}}