{"id":74207,"date":"2024-10-18T20:28:40","date_gmt":"2024-10-30T08:47:38","guid":{"rendered":"https:\/\/staging.nbg.eu\/product\/extractor-l-02-40sw-kmr\/"},"modified":"2024-10-30T08:50:57","modified_gmt":"2024-10-30T08:50:57","slug":"ekstraktor-l-02-40sw-kmr","status":"publish","type":"product","link":"https:\/\/staging.nbg.eu\/et\/toode\/ekstraktor-l-02-40sw-kmr\/","title":{"rendered":"Ekstraktor L-02 .40SW &#8211; KMR"},"content":{"rendered":"<div class=\"product-description\">\n<h2>V\u00e4ljat\u00f5mbaja L-02 .40SW &#8211; KMR<\/h2>\n<p>See v\u00e4ljat\u00f5mbaja on m\u00f5eldud KMR L-02 p\u00fcstoli jaoks. See on disainitud .40 S&amp;W kaliibri jaoks ja tagab relva t\u00f6\u00f6kindluse. V\u00e4ljat\u00f5mbaja on valmistatud vastupidavast materjalist. See osa parandab relva t\u00e4psust ja t\u00f6\u00f6kindlust.<\/p>\n<\/div>\n","protected":false},"excerpt":{"rendered":"<p>T\u00e4pne 40 S&amp;W v\u00e4ljat\u00f5mbaja KMR L-02 p\u00fcstolile.<\/p>\n","protected":false},"featured_media":72586,"template":"","meta":{"_acf_changed":false},"product_brand":[],"product_cat":[910],"product_tag":[],"class_list":{"0":"post-74207","1":"product","2":"type-product","3":"status-publish","4":"has-post-thumbnail","6":"product_cat-kmr-parts-et","8":"first","9":"instock","10":"taxable","11":"shipping-taxable","12":"purchasable","13":"product-type-simple"},"acf":[],"_links":{"self":[{"href":"https:\/\/staging.nbg.eu\/et\/wp-json\/wp\/v2\/product\/74207","targetHints":{"allow":["GET"]}}],"collection":[{"href":"https:\/\/staging.nbg.eu\/et\/wp-json\/wp\/v2\/product"}],"about":[{"href":"https:\/\/staging.nbg.eu\/et\/wp-json\/wp\/v2\/types\/product"}],"wp:featuredmedia":[{"embeddable":true,"href":"https:\/\/staging.nbg.eu\/et\/wp-json\/wp\/v2\/media\/72586"}],"wp:attachment":[{"href":"https:\/\/staging.nbg.eu\/et\/wp-json\/wp\/v2\/media?parent=74207"}],"wp:term":[{"taxonomy":"product_brand","embeddable":true,"href":"https:\/\/staging.nbg.eu\/et\/wp-json\/wp\/v2\/product_brand?post=74207"},{"taxonomy":"product_cat","embeddable":true,"href":"https:\/\/staging.nbg.eu\/et\/wp-json\/wp\/v2\/product_cat?post=74207"},{"taxonomy":"product_tag","embeddable":true,"href":"https:\/\/staging.nbg.eu\/et\/wp-json\/wp\/v2\/product_tag?post=74207"}],"curies":[{"name":"wp","href":"https:\/\/api.w.org\/{rel}","templated":true}]}}