{"id":74185,"date":"2024-10-20T09:56:58","date_gmt":"2024-10-30T08:44:41","guid":{"rendered":"https:\/\/staging.nbg.eu\/product\/holosun-hs-mount-aems-low\/"},"modified":"2024-10-30T08:46:32","modified_gmt":"2024-10-30T08:46:32","slug":"holosun-hs-mount-aems-low","status":"publish","type":"product","link":"https:\/\/staging.nbg.eu\/et\/toode\/holosun-hs-mount-aems-low\/","title":{"rendered":"Holosun HS-MOUNT-AEMS-LOW"},"content":{"rendered":"<h2>Holosun HS-MOUNT-AEMS-LOW<\/h2>\n<p>Holosun HS-MOUNT-AEMS-LOW on madala profiiliga kinnitus, mis on loodud AEMS punase t\u00e4pi sihiku jaoks. See alumiiniumist kinnitus sobib relvadele tavaliste p\u00fcssip\u00e4radega.<\/p>\n<h2>P\u00f5hiomadused:<\/h2>\n<ul>\n<li>\u00dchildub Picatinny\/Weaveri siinidega<\/li>\n<li>Madala profiiliga disain<\/li>\n<li>Kiire paigaldus Torx-v\u00f5tmega<\/li>\n<li>Kerge, kuid vastupidav alumiiniumist konstruktsioon<\/li>\n<li>Korratav t\u00e4psus<\/li>\n<\/ul>\n<h2>Tehnilised andmed:<\/h2>\n<ul>\n<li>M\u00f5\u00f5tmed: 50x35x11 mm<\/li>\n<li>Kaal: 34g<\/li>\n<li>V\u00e4rv: Must<\/li>\n<li>T\u00f6\u00f6temperatuur: -30\u00b0C kuni 60\u00b0C<\/li>\n<li>Hoiustamistemperatuur: -40\u00b0C kuni 70\u00b0C<\/li>\n<\/ul>\n<p>Holosun HS-MOUNT-AEMS-LOW on loodud t\u00e4psuseks ja t\u00f6\u00f6kindluseks erinevates tingimustes.<\/p>\n","protected":false},"excerpt":{"rendered":"<p>\u00c4\u00e4rmiselt vastupidav alumiiniumkinnitus Holosun AEMS punase t\u00e4pi sihikutele.<\/p>\n","protected":false},"featured_media":73331,"template":"","meta":{"_acf_changed":false},"product_brand":[11429],"product_cat":[772,774],"product_tag":[],"class_list":{"0":"post-74185","1":"product","2":"type-product","3":"status-publish","4":"has-post-thumbnail","6":"product_brand-holosun","7":"product_cat-aiming-et","8":"product_cat-red-dots-et","10":"first","11":"instock","12":"taxable","13":"shipping-taxable","14":"purchasable","15":"product-type-simple"},"acf":[],"_links":{"self":[{"href":"https:\/\/staging.nbg.eu\/et\/wp-json\/wp\/v2\/product\/74185","targetHints":{"allow":["GET"]}}],"collection":[{"href":"https:\/\/staging.nbg.eu\/et\/wp-json\/wp\/v2\/product"}],"about":[{"href":"https:\/\/staging.nbg.eu\/et\/wp-json\/wp\/v2\/types\/product"}],"wp:featuredmedia":[{"embeddable":true,"href":"https:\/\/staging.nbg.eu\/et\/wp-json\/wp\/v2\/media\/73331"}],"wp:attachment":[{"href":"https:\/\/staging.nbg.eu\/et\/wp-json\/wp\/v2\/media?parent=74185"}],"wp:term":[{"taxonomy":"product_brand","embeddable":true,"href":"https:\/\/staging.nbg.eu\/et\/wp-json\/wp\/v2\/product_brand?post=74185"},{"taxonomy":"product_cat","embeddable":true,"href":"https:\/\/staging.nbg.eu\/et\/wp-json\/wp\/v2\/product_cat?post=74185"},{"taxonomy":"product_tag","embeddable":true,"href":"https:\/\/staging.nbg.eu\/et\/wp-json\/wp\/v2\/product_tag?post=74185"}],"curies":[{"name":"wp","href":"https:\/\/api.w.org\/{rel}","templated":true}]}}