{"id":74163,"date":"2024-10-18T20:15:25","date_gmt":"2024-10-30T08:37:59","guid":{"rendered":"https:\/\/staging.nbg.eu\/product\/nitehog-sight-spot-hog-red-dot\/"},"modified":"2024-10-30T08:40:15","modified_gmt":"2024-10-30T08:40:15","slug":"nitehog-sight-spot-hog-punane-punkt","status":"publish","type":"product","link":"https:\/\/staging.nbg.eu\/et\/toode\/nitehog-sight-spot-hog-punane-punkt\/","title":{"rendered":"NiteHog Sight Spot Hog Punane Punkt"},"content":{"rendered":"<div class=\"product-description\">\n<h2>NiteHog Sight Spot Hog punane punkt<\/h2>\n<p>Spot Hog punane punkt sihtseade. See 1x17x24 optika pakub parallaksivaba vaadet. Sellel on 3MOA punkt 8 heleduse tasemega ja 2 \u00f6\u00f6n\u00e4gemise seadistusega.<\/p>\n<ul>\n<li>P\u00f5rutuskindel ja veekindel (IPX6)<\/li>\n<li>\u00dchilduv 9mm, 45ACP, 12GA ja Lapua Magnum 338 laskemoonaga<\/li>\n<li>\u00d5huke, madala profiiliga disain<\/li>\n<li>Automaatne v\u00e4ljal\u00fclitus p\u00e4rast 2 minutit tegevusetust<\/li>\n<li>50 000 tundi aku eluiga madalaimal seadistusel (CR2032 patarei, ei kuulu komplekti)<\/li>\n<li>Weaver kinnitus paigaldamiseks<\/li>\n<\/ul>\n<p>Spot Hog on kompaktne ja usaldusv\u00e4\u00e4rne sihtimisseade.<\/p>\n<\/div>\n","protected":false},"excerpt":{"rendered":"<p>Vastupidav, parallaksivaba 1x17x24 punane t\u00e4ppsihik 8 intensiivsustasemega.<\/p>\n","protected":false},"featured_media":72539,"template":"","meta":{"_acf_changed":false},"product_brand":[11593],"product_cat":[772,774,1756],"product_tag":[],"class_list":{"0":"post-74163","1":"product","2":"type-product","3":"status-publish","4":"has-post-thumbnail","6":"product_brand-nitehog","7":"product_cat-aiming-et","8":"product_cat-red-dots-et","9":"product_cat-rifle-dots-et","11":"first","12":"instock","13":"taxable","14":"shipping-taxable","15":"purchasable","16":"product-type-simple"},"acf":[],"_links":{"self":[{"href":"https:\/\/staging.nbg.eu\/et\/wp-json\/wp\/v2\/product\/74163","targetHints":{"allow":["GET"]}}],"collection":[{"href":"https:\/\/staging.nbg.eu\/et\/wp-json\/wp\/v2\/product"}],"about":[{"href":"https:\/\/staging.nbg.eu\/et\/wp-json\/wp\/v2\/types\/product"}],"wp:featuredmedia":[{"embeddable":true,"href":"https:\/\/staging.nbg.eu\/et\/wp-json\/wp\/v2\/media\/72539"}],"wp:attachment":[{"href":"https:\/\/staging.nbg.eu\/et\/wp-json\/wp\/v2\/media?parent=74163"}],"wp:term":[{"taxonomy":"product_brand","embeddable":true,"href":"https:\/\/staging.nbg.eu\/et\/wp-json\/wp\/v2\/product_brand?post=74163"},{"taxonomy":"product_cat","embeddable":true,"href":"https:\/\/staging.nbg.eu\/et\/wp-json\/wp\/v2\/product_cat?post=74163"},{"taxonomy":"product_tag","embeddable":true,"href":"https:\/\/staging.nbg.eu\/et\/wp-json\/wp\/v2\/product_tag?post=74163"}],"curies":[{"name":"wp","href":"https:\/\/api.w.org\/{rel}","templated":true}]}}