{"id":74117,"date":"2024-10-18T19:20:25","date_gmt":"2024-10-29T10:06:04","guid":{"rendered":"https:\/\/staging.nbg.eu\/product\/casio-prw-61y-3er\/"},"modified":"2024-10-29T10:07:51","modified_gmt":"2024-10-29T10:07:51","slug":"casio-prw-61y-3er","status":"publish","type":"product","link":"https:\/\/staging.nbg.eu\/et\/toode\/casio-prw-61y-3er\/","title":{"rendered":"Casio PRW-61Y-3ER"},"content":{"rendered":"<div class=\"product-description\">\n<h2>Casio PRW-61Y-3ER: Keskkonnas\u00f5bralik v\u00e4litingimustes kasutatav kell<\/h2>\n<p>PRO TREK PRW-61Y-3ER on Casio esimene kell, mille korpuses ja rihmades kasutatakse keskkonnas\u00f5bralikke biomassplaste. See kell \u00fchendab j\u00e4tkusuutlikkuse vastupidavusega, pakkudes vastupanu intensiivsele kasutamisele ja mugavust.<\/p>\n<ul>\n<li>Keskkonnas\u00f5bralikud biomassplastid riitsinuseemnetest ja maisist<\/li>\n<li>K\u00f5rge kontrastsusega numbrilaud valgete indeksitega n\u00e4htavuse parandamiseks<\/li>\n<li>Kolmekordne andur: digitaalne kompass, baromeeter\/altimeeter ja termomeeter<\/li>\n<li>Multi Band 6 raadio teel juhitav ajam\u00f5\u00f5tmine<\/li>\n<li>Tough Solar energias\u00fcsteem<\/li>\n<li>Super Illuminator k\u00f5rge heledusega t\u00e4isautomaatse topelt-LED-valgustusega<\/li>\n<li>Pehme uretaanrihm mugavuseks<\/li>\n<li>Roostevabast terasest raam, millele on graveeritud linnade koodid<\/li>\n<li>Kompaktne disain randme liikumise piirangute v\u00e4ltimiseks<\/li>\n<\/ul>\n<p>PRW-61Y-3ER sobib v\u00e4litingimustes kasutamiseks inimestele, kes v\u00e4\u00e4rtustavad nii j\u00f5udlust kui ka keskkonnateadlikkust.<\/p>\n<\/div>\n","protected":false},"excerpt":{"rendered":"<p>&#8220;Keskkonnas\u00f5bralik PRO TREK kell biomassplastidest ja matkafunktsioonidega.&#8221;<\/p>\n","protected":false},"featured_media":71866,"template":"","meta":{"_acf_changed":false},"product_brand":[11193],"product_cat":[1626,2291],"product_tag":[],"class_list":{"0":"post-74117","1":"product","2":"type-product","3":"status-publish","4":"has-post-thumbnail","6":"product_brand-casio","7":"product_cat-edc-et","8":"product_cat-watches-et","10":"first","11":"instock","12":"taxable","13":"shipping-taxable","14":"purchasable","15":"product-type-simple"},"acf":[],"_links":{"self":[{"href":"https:\/\/staging.nbg.eu\/et\/wp-json\/wp\/v2\/product\/74117","targetHints":{"allow":["GET"]}}],"collection":[{"href":"https:\/\/staging.nbg.eu\/et\/wp-json\/wp\/v2\/product"}],"about":[{"href":"https:\/\/staging.nbg.eu\/et\/wp-json\/wp\/v2\/types\/product"}],"wp:featuredmedia":[{"embeddable":true,"href":"https:\/\/staging.nbg.eu\/et\/wp-json\/wp\/v2\/media\/71866"}],"wp:attachment":[{"href":"https:\/\/staging.nbg.eu\/et\/wp-json\/wp\/v2\/media?parent=74117"}],"wp:term":[{"taxonomy":"product_brand","embeddable":true,"href":"https:\/\/staging.nbg.eu\/et\/wp-json\/wp\/v2\/product_brand?post=74117"},{"taxonomy":"product_cat","embeddable":true,"href":"https:\/\/staging.nbg.eu\/et\/wp-json\/wp\/v2\/product_cat?post=74117"},{"taxonomy":"product_tag","embeddable":true,"href":"https:\/\/staging.nbg.eu\/et\/wp-json\/wp\/v2\/product_tag?post=74117"}],"curies":[{"name":"wp","href":"https:\/\/api.w.org\/{rel}","templated":true}]}}