{"id":74073,"date":"2024-10-18T18:54:11","date_gmt":"2024-10-29T10:01:19","guid":{"rendered":"https:\/\/staging.nbg.eu\/product\/casio-prg-270-1er\/"},"modified":"2024-10-29T10:03:06","modified_gmt":"2024-10-29T10:03:06","slug":"casio-prg-270-1er","status":"publish","type":"product","link":"https:\/\/staging.nbg.eu\/et\/toode\/casio-prg-270-1er\/","title":{"rendered":"Casio PRG-270-1ER"},"content":{"rendered":"<div class=\"product-description\">\n<h2>Casio PRG-270-1ER: V\u00e4litegevuste kell<\/h2>\n<p>Casio PRG-270-1ER on varustatud Triple Sensor Version 3-ga. See kompaktne PRO TREK mudel m\u00f5\u00f5dab k\u00f5rgust, \u00f5hur\u00f5hku ja suunda.<\/p>\n<ul>\n<li>Tough Solar toide<\/li>\n<li>Kolmekordne sensor: kompass, baromeeter\/termomeeter, altimeeter<\/li>\n<li>Madala temperatuuri taluvus (-10\u00baC)<\/li>\n<li>100-meetrine veekindlus<\/li>\n<li>\u00d5hur\u00f5hu muutuse hoiatus<\/li>\n<li>Suured k\u00fclgnupud<\/li>\n<li>P\u00e4ikeset\u00f5usu\/-loojangu aja kuvamine<\/li>\n<li>Automaatne valgustus h\u00e4maras<\/li>\n<\/ul>\n<p>See vastupidav kell on m\u00f5eldud v\u00e4litegevuste harrastajatele. Casio PRG-270-1ER on kasulik vahend looduses.<\/p>\n<\/div>\n","protected":false},"excerpt":{"rendered":"<p>Vastupidav v\u00e4litingimustes kasutatav kell kolmekordse sensoriga ja Tough Solar toitega.<\/p>\n","protected":false},"featured_media":71519,"template":"","meta":{"_acf_changed":false},"product_brand":[11193],"product_cat":[1626,2291],"product_tag":[],"class_list":{"0":"post-74073","1":"product","2":"type-product","3":"status-publish","4":"has-post-thumbnail","6":"product_brand-casio","7":"product_cat-edc-et","8":"product_cat-watches-et","10":"first","11":"instock","12":"taxable","13":"shipping-taxable","14":"purchasable","15":"product-type-simple"},"acf":[],"_links":{"self":[{"href":"https:\/\/staging.nbg.eu\/et\/wp-json\/wp\/v2\/product\/74073","targetHints":{"allow":["GET"]}}],"collection":[{"href":"https:\/\/staging.nbg.eu\/et\/wp-json\/wp\/v2\/product"}],"about":[{"href":"https:\/\/staging.nbg.eu\/et\/wp-json\/wp\/v2\/types\/product"}],"wp:featuredmedia":[{"embeddable":true,"href":"https:\/\/staging.nbg.eu\/et\/wp-json\/wp\/v2\/media\/71519"}],"wp:attachment":[{"href":"https:\/\/staging.nbg.eu\/et\/wp-json\/wp\/v2\/media?parent=74073"}],"wp:term":[{"taxonomy":"product_brand","embeddable":true,"href":"https:\/\/staging.nbg.eu\/et\/wp-json\/wp\/v2\/product_brand?post=74073"},{"taxonomy":"product_cat","embeddable":true,"href":"https:\/\/staging.nbg.eu\/et\/wp-json\/wp\/v2\/product_cat?post=74073"},{"taxonomy":"product_tag","embeddable":true,"href":"https:\/\/staging.nbg.eu\/et\/wp-json\/wp\/v2\/product_tag?post=74073"}],"curies":[{"name":"wp","href":"https:\/\/api.w.org\/{rel}","templated":true}]}}