{"id":74025,"date":"2024-10-16T20:26:30","date_gmt":"2024-10-25T14:29:07","guid":{"rendered":"https:\/\/staging.nbg.eu\/product\/casio-gbdh2000-1aer\/"},"modified":"2024-10-25T14:30:48","modified_gmt":"2024-10-25T14:30:48","slug":"casio-gbdh2000-1aer","status":"publish","type":"product","link":"https:\/\/staging.nbg.eu\/et\/toode\/casio-gbdh2000-1aer\/","title":{"rendered":"Casio GBDH2000-1AER"},"content":{"rendered":"<h2>Casio GBDH2000-1AER: Treeningkell<\/h2>\n<p>Casio GBDH2000-1AER on treeningkell 6 anduri ja GPS-funktsiooniga. See j\u00e4lgib teie f\u00fc\u00fcsilist aktiivsust reaalajas 8 erineva spordiala puhul, sealhulgas jooksmine, jalgrattas\u00f5it ja ujumine.<\/p>\n<ul>\n<li>M\u00f5\u00f5dab vahemaad, kiirust, aega, tempot, pulsisagedust ja p\u00f5letatud kaloreid<\/li>\n<li>M\u00f5\u00f5dab vere hapnikutaset<\/li>\n<li>Kahekihiline raamiehitus<\/li>\n<li>P\u00e4ikeseenergiaga laadimise v\u00f5imalus<\/li>\n<li>Nutifunktsioonid h\u00f5lmavad teavitusi ja maailmaaega 300 linna jaoks<\/li>\n<\/ul>\n<p>GBDH2000-1AER on valmistatud biomassplastist. See kell sobib nii kogenud sportlastele kui ka harrastajatele tervise ja f\u00fc\u00fcsilise vormi j\u00e4lgimiseks.<\/p>\n","protected":false},"excerpt":{"rendered":"<p>GPS-toega spordikell 6 anduriga, j\u00e4lgib 8 erinevat tegevust.<\/p>\n","protected":false},"featured_media":71403,"template":"","meta":{"_acf_changed":false},"product_brand":[11193],"product_cat":[1626,2291],"product_tag":[],"class_list":{"0":"post-74025","1":"product","2":"type-product","3":"status-publish","4":"has-post-thumbnail","6":"product_brand-casio","7":"product_cat-edc-et","8":"product_cat-watches-et","10":"first","11":"instock","12":"taxable","13":"shipping-taxable","14":"purchasable","15":"product-type-simple"},"acf":[],"_links":{"self":[{"href":"https:\/\/staging.nbg.eu\/et\/wp-json\/wp\/v2\/product\/74025","targetHints":{"allow":["GET"]}}],"collection":[{"href":"https:\/\/staging.nbg.eu\/et\/wp-json\/wp\/v2\/product"}],"about":[{"href":"https:\/\/staging.nbg.eu\/et\/wp-json\/wp\/v2\/types\/product"}],"wp:featuredmedia":[{"embeddable":true,"href":"https:\/\/staging.nbg.eu\/et\/wp-json\/wp\/v2\/media\/71403"}],"wp:attachment":[{"href":"https:\/\/staging.nbg.eu\/et\/wp-json\/wp\/v2\/media?parent=74025"}],"wp:term":[{"taxonomy":"product_brand","embeddable":true,"href":"https:\/\/staging.nbg.eu\/et\/wp-json\/wp\/v2\/product_brand?post=74025"},{"taxonomy":"product_cat","embeddable":true,"href":"https:\/\/staging.nbg.eu\/et\/wp-json\/wp\/v2\/product_cat?post=74025"},{"taxonomy":"product_tag","embeddable":true,"href":"https:\/\/staging.nbg.eu\/et\/wp-json\/wp\/v2\/product_tag?post=74025"}],"curies":[{"name":"wp","href":"https:\/\/api.w.org\/{rel}","templated":true}]}}