{"id":74003,"date":"2024-01-30T18:02:27","date_gmt":"2024-01-30T18:02:27","guid":{"rendered":"https:\/\/staging.nbg.eu\/product\/holosun-hs403b\/"},"modified":"2024-10-25T14:25:48","modified_gmt":"2024-10-25T14:25:48","slug":"holosun-hs403b","status":"publish","type":"product","link":"https:\/\/staging.nbg.eu\/et\/toode\/holosun-hs403b\/","title":{"rendered":"Holosun HS403B"},"content":{"rendered":"<div class=\"product-description\">\n<h2>Holosun HS403B mikro punane t\u00e4pp sihik<\/h2>\n<p>Holosun HS403B on kompaktne 20mm mikrosihik, mis sobib p\u00fcssidele ja karabiinidele. Omadused:<\/p>\n<ul>\n<li>Punane Super LED 50 000-tunnise aku kestvusega<\/li>\n<li>10 p\u00e4evavalguse ja 2 \u00f6\u00f6n\u00e4gemisega \u00fchilduvat sihiku seadistust<\/li>\n<li>6061 alumiiniumist korpus<\/li>\n<li>Komplektis alumine 1\/3 kaassihtimine (1,63&#8243;) ja madal kinnitus (0,75&#8243;)<\/li>\n<li>Raputamisel \u00e4rkamise tehnoloogia aku s\u00e4\u00e4stmiseks<\/li>\n<li>Digitaalsed nupud seadistuste muutmiseks<\/li>\n<li>Kummist l\u00e4\u00e4tsekate kaitseks<\/li>\n<li>K\u00fcljele paigaldatud 2032 patareisalv lihtsaks vahetamiseks<\/li>\n<\/ul>\n<p>HS403B sobib k\u00f5igile laskuritele. Sihik on veekindel IP67 standardi j\u00e4rgi ja talub 1000G vibratsiooni.<\/p>\n<\/div>\n","protected":false},"excerpt":{"rendered":"<p>Kompaktne 20mm punane sihik 50 000-tunnise aku kestvusega ja mitmek\u00fclgsete kinnitusvalikutega.<\/p>\n","protected":false},"featured_media":72261,"template":"","meta":{"_acf_changed":false},"product_brand":[11429],"product_cat":[772,774,1756],"product_tag":[],"class_list":{"0":"post-74003","1":"product","2":"type-product","3":"status-publish","4":"has-post-thumbnail","6":"product_brand-holosun","7":"product_cat-aiming-et","8":"product_cat-red-dots-et","9":"product_cat-rifle-dots-et","11":"first","12":"instock","13":"taxable","14":"shipping-taxable","15":"purchasable","16":"product-type-simple"},"acf":[],"_links":{"self":[{"href":"https:\/\/staging.nbg.eu\/et\/wp-json\/wp\/v2\/product\/74003","targetHints":{"allow":["GET"]}}],"collection":[{"href":"https:\/\/staging.nbg.eu\/et\/wp-json\/wp\/v2\/product"}],"about":[{"href":"https:\/\/staging.nbg.eu\/et\/wp-json\/wp\/v2\/types\/product"}],"wp:featuredmedia":[{"embeddable":true,"href":"https:\/\/staging.nbg.eu\/et\/wp-json\/wp\/v2\/media\/72261"}],"wp:attachment":[{"href":"https:\/\/staging.nbg.eu\/et\/wp-json\/wp\/v2\/media?parent=74003"}],"wp:term":[{"taxonomy":"product_brand","embeddable":true,"href":"https:\/\/staging.nbg.eu\/et\/wp-json\/wp\/v2\/product_brand?post=74003"},{"taxonomy":"product_cat","embeddable":true,"href":"https:\/\/staging.nbg.eu\/et\/wp-json\/wp\/v2\/product_cat?post=74003"},{"taxonomy":"product_tag","embeddable":true,"href":"https:\/\/staging.nbg.eu\/et\/wp-json\/wp\/v2\/product_tag?post=74003"}],"curies":[{"name":"wp","href":"https:\/\/api.w.org\/{rel}","templated":true}]}}