{"id":73981,"date":"2024-10-18T20:01:13","date_gmt":"2024-10-18T20:01:13","guid":{"rendered":"https:\/\/staging.nbg.eu\/product\/holosun-hs515cm-red-dot-sight\/"},"modified":"2024-10-25T14:24:09","modified_gmt":"2024-10-25T14:24:09","slug":"holosun-hs515cm-punane-punktsihik","status":"publish","type":"product","link":"https:\/\/staging.nbg.eu\/et\/toode\/holosun-hs515cm-punane-punktsihik\/","title":{"rendered":"Holosun HS515CM &#8211; Punane Punktsihik"},"content":{"rendered":"<div class=\"product-description\">\n<h2>Holosun HS515CM &#8211; Punane Punktsihik<\/h2>\n<p>HS515CM on 20mm mikrosihik p\u00fcssidele ja karabiinidele. Valmistatud 7075 alumiiniumist, sellel on:<\/p>\n<ul>\n<li>L\u00e4bipaistvad, eemaldatavad\/p\u00f6\u00f6rlevad l\u00e4\u00e4tsekorgid<\/li>\n<li>QD alumine 1\/3 koosvaatamise kinnitus (1,63&#8243;)<\/li>\n<li>IP68 veekindluse ja tolmukindluse klass<\/li>\n<li>P\u00e4ikeseenergial t\u00f6\u00f6tav varus\u00fcsteem<\/li>\n<li>Mitme sihikuga s\u00fcsteem punase LED-iga<\/li>\n<li>10 p\u00e4evavalguse ja 2 \u00f6\u00f6n\u00e4gemise seadet<\/li>\n<li>Liikumisega aktiveeruv tehnoloogia<\/li>\n<li>Kuni 50 000-tunnine aku t\u00f6\u00f6iga<\/li>\n<li>T\u00f6\u00f6riistadeta k\u00fclgmonteeritav aku vahetamine<\/li>\n<\/ul>\n<p>HS515CM on m\u00f5eldud nii sportlikuks kui professionaalseks kasutamiseks, v\u00f5imaldab 0,5 MOA reguleerimisi ja \u00b150 MOA liikumisulatust. See on ehitatud taluma \u00e4\u00e4rmuslikke temperatuure ja 1000G vibratsiooni.<\/p>\n<\/div>\n","protected":false},"excerpt":{"rendered":"<p>Vastupidav 20mm mikro punane sihik relvadele, p\u00e4ikeseenergial t\u00f6\u00f6tav, veekindel.<\/p>\n","protected":false},"featured_media":72400,"template":"","meta":{"_acf_changed":false},"product_brand":[11429],"product_cat":[772,774,1756],"product_tag":[],"class_list":{"0":"post-73981","1":"product","2":"type-product","3":"status-publish","4":"has-post-thumbnail","6":"product_brand-holosun","7":"product_cat-aiming-et","8":"product_cat-red-dots-et","9":"product_cat-rifle-dots-et","11":"first","12":"instock","13":"taxable","14":"shipping-taxable","15":"purchasable","16":"product-type-simple"},"acf":[],"_links":{"self":[{"href":"https:\/\/staging.nbg.eu\/et\/wp-json\/wp\/v2\/product\/73981","targetHints":{"allow":["GET"]}}],"collection":[{"href":"https:\/\/staging.nbg.eu\/et\/wp-json\/wp\/v2\/product"}],"about":[{"href":"https:\/\/staging.nbg.eu\/et\/wp-json\/wp\/v2\/types\/product"}],"wp:featuredmedia":[{"embeddable":true,"href":"https:\/\/staging.nbg.eu\/et\/wp-json\/wp\/v2\/media\/72400"}],"wp:attachment":[{"href":"https:\/\/staging.nbg.eu\/et\/wp-json\/wp\/v2\/media?parent=73981"}],"wp:term":[{"taxonomy":"product_brand","embeddable":true,"href":"https:\/\/staging.nbg.eu\/et\/wp-json\/wp\/v2\/product_brand?post=73981"},{"taxonomy":"product_cat","embeddable":true,"href":"https:\/\/staging.nbg.eu\/et\/wp-json\/wp\/v2\/product_cat?post=73981"},{"taxonomy":"product_tag","embeddable":true,"href":"https:\/\/staging.nbg.eu\/et\/wp-json\/wp\/v2\/product_tag?post=73981"}],"curies":[{"name":"wp","href":"https:\/\/api.w.org\/{rel}","templated":true}]}}