{"id":73959,"date":"2024-10-16T20:13:36","date_gmt":"2024-10-25T10:16:51","guid":{"rendered":"https:\/\/staging.nbg.eu\/product\/casio-gbd-800uc-5er\/"},"modified":"2024-10-25T10:18:33","modified_gmt":"2024-10-25T10:18:33","slug":"casio-gbd-800uc-5er","status":"publish","type":"product","link":"https:\/\/staging.nbg.eu\/et\/toode\/casio-gbd-800uc-5er\/","title":{"rendered":"Casio GBD-800UC-5ER"},"content":{"rendered":"<div class=\"product-description\">\n<h2>Casio GBD-800UC-5ER: Treeningkell<\/h2>\n<p>Casio GBD-800UC-5ER on kell, millel on vaigust korpus ja rihm.<\/p>\n<ul>\n<li>M\u00f5\u00f5tmed: 54,1 \u00d7 48,6 \u00d7 15,5 mm, kaal 59g<\/li>\n<li>L\u00f6\u00f6gikindel konstruktsioon<\/li>\n<li>Veekindlus 200 meetrit<\/li>\n<li>3-aastane aku t\u00f6\u00f6iga (CR2025)<\/li>\n<li>Sammude loendamine 3-teljelise kiirendusanduriga<\/li>\n<li>Sammude eesm\u00e4rgi edenemise n\u00e4idik ja 7-tunnine sammude graafik<\/li>\n<li>Energias\u00e4\u00e4stufunktsioon<\/li>\n<\/ul>\n<p>GBD-800UC-5ER aitab j\u00e4lgida treeninguid.<\/p>\n<\/div>\n","protected":false},"excerpt":{"rendered":"<p>Tugev G-Shock sammulugejaga, 200 m veekindel, 3-aastase aku kestvusega.<\/p>\n","protected":false},"featured_media":71239,"template":"","meta":{"_acf_changed":false},"product_brand":[11193],"product_cat":[1626,2291],"product_tag":[],"class_list":{"0":"post-73959","1":"product","2":"type-product","3":"status-publish","4":"has-post-thumbnail","6":"product_brand-casio","7":"product_cat-edc-et","8":"product_cat-watches-et","10":"first","11":"instock","12":"taxable","13":"shipping-taxable","14":"purchasable","15":"product-type-simple"},"acf":[],"_links":{"self":[{"href":"https:\/\/staging.nbg.eu\/et\/wp-json\/wp\/v2\/product\/73959","targetHints":{"allow":["GET"]}}],"collection":[{"href":"https:\/\/staging.nbg.eu\/et\/wp-json\/wp\/v2\/product"}],"about":[{"href":"https:\/\/staging.nbg.eu\/et\/wp-json\/wp\/v2\/types\/product"}],"wp:featuredmedia":[{"embeddable":true,"href":"https:\/\/staging.nbg.eu\/et\/wp-json\/wp\/v2\/media\/71239"}],"wp:attachment":[{"href":"https:\/\/staging.nbg.eu\/et\/wp-json\/wp\/v2\/media?parent=73959"}],"wp:term":[{"taxonomy":"product_brand","embeddable":true,"href":"https:\/\/staging.nbg.eu\/et\/wp-json\/wp\/v2\/product_brand?post=73959"},{"taxonomy":"product_cat","embeddable":true,"href":"https:\/\/staging.nbg.eu\/et\/wp-json\/wp\/v2\/product_cat?post=73959"},{"taxonomy":"product_tag","embeddable":true,"href":"https:\/\/staging.nbg.eu\/et\/wp-json\/wp\/v2\/product_tag?post=73959"}],"curies":[{"name":"wp","href":"https:\/\/api.w.org\/{rel}","templated":true}]}}