{"id":73937,"date":"2024-08-16T18:08:29","date_gmt":"2024-08-16T18:08:29","guid":{"rendered":"https:\/\/staging.nbg.eu\/product\/calypso-mini-mini-applied-ballistics-compatible\/"},"modified":"2024-10-25T07:34:30","modified_gmt":"2024-10-25T07:34:30","slug":"calypso-mini-mini-applied-ballistics-yhilduv","status":"publish","type":"product","link":"https:\/\/staging.nbg.eu\/et\/toode\/calypso-mini-mini-applied-ballistics-yhilduv\/","title":{"rendered":"Calypso Mini &#8211; Mini Applied Ballistics Yhilduv"},"content":{"rendered":"<h2>Calypso Mini &#8211; Mini Applied Ballistics \u00fchilduv<\/h2>\n<p>Calypso Mini on kompaktne ultraheliline anemomeeter ja tuulelipp. See seade, l\u00e4bim\u00f5\u00f5duga 43mm, on varustatud edasij\u00f5udnud funktsioonide ja tugeva disainiga.<\/p>\n<h3>Peamised omadused:<\/h3>\n<ul>\n<li>Ultraheliandurid tuule kiiruse ja suuna t\u00e4pseks m\u00f5\u00f5tmiseks<\/li>\n<li>Bluetooth 5.1 \u00fchenduvus kuni 30m ulatuses<\/li>\n<li>Juhtmevaba QI laadimine 150-tunnise aku kestvusega<\/li>\n<li>IPX8 veekindluse tase<\/li>\n<li>\u00dchilduv Android, iOS ja Garmini seadmetega<\/li>\n<li>1\/4&#8243; sisekeere statiivile kinnitamiseks<\/li>\n<li>Kergekaaluline, kaalub vaid 78 grammi<\/li>\n<\/ul>\n<p>Calypso Mini pakub t\u00e4pseid tuulem\u00f5\u00f5tmisi kiirusevahemikus 0,5-25 m\/s ja suuna t\u00e4psusega \u00b11\u00b0. Selle vastupidav, liikuvate osadeta disain tagab usaldusv\u00e4\u00e4rsuse erinevates tingimustes. \u00dchendage see tasuta Anemotracker rakendusega andmete salvestamiseks ja reaalajas tuuleinfo saamiseks.<\/p>\n<p>Calypso Mini on kompaktne tuulem\u00f5\u00f5tmise lahendus meres\u00f5itjatele, v\u00e4lisportlastele ja professionaalsetele meteoroloogidele.<\/p>\n","protected":false},"excerpt":{"rendered":"<p>Kompaktne ultraheliga anemomeeter Bluetooth-\u00fchendusega t\u00e4psete tuuleandmete saamiseks.<\/p>\n","protected":false},"featured_media":23268,"template":"","meta":{"_acf_changed":false},"product_brand":[11177],"product_cat":[1275,1276,489],"product_tag":[],"class_list":{"0":"post-73937","1":"product","2":"type-product","3":"status-publish","4":"has-post-thumbnail","6":"product_brand-calypso","7":"product_cat-tools-et","8":"product_cat-weather-meters-et","9":"product_cat-uncategorized-et","11":"first","12":"instock","13":"taxable","14":"shipping-taxable","15":"purchasable","16":"product-type-simple"},"acf":[],"_links":{"self":[{"href":"https:\/\/staging.nbg.eu\/et\/wp-json\/wp\/v2\/product\/73937","targetHints":{"allow":["GET"]}}],"collection":[{"href":"https:\/\/staging.nbg.eu\/et\/wp-json\/wp\/v2\/product"}],"about":[{"href":"https:\/\/staging.nbg.eu\/et\/wp-json\/wp\/v2\/types\/product"}],"wp:featuredmedia":[{"embeddable":true,"href":"https:\/\/staging.nbg.eu\/et\/wp-json\/wp\/v2\/media\/23268"}],"wp:attachment":[{"href":"https:\/\/staging.nbg.eu\/et\/wp-json\/wp\/v2\/media?parent=73937"}],"wp:term":[{"taxonomy":"product_brand","embeddable":true,"href":"https:\/\/staging.nbg.eu\/et\/wp-json\/wp\/v2\/product_brand?post=73937"},{"taxonomy":"product_cat","embeddable":true,"href":"https:\/\/staging.nbg.eu\/et\/wp-json\/wp\/v2\/product_cat?post=73937"},{"taxonomy":"product_tag","embeddable":true,"href":"https:\/\/staging.nbg.eu\/et\/wp-json\/wp\/v2\/product_tag?post=73937"}],"curies":[{"name":"wp","href":"https:\/\/api.w.org\/{rel}","templated":true}]}}