{"id":73706,"date":"2024-10-16T19:57:17","date_gmt":"2024-10-21T08:16:58","guid":{"rendered":"https:\/\/staging.nbg.eu\/product\/casio-gbd-800-1ber\/"},"modified":"2024-10-21T08:19:11","modified_gmt":"2024-10-21T08:19:11","slug":"casio-gbd-800-1ber","status":"publish","type":"product","link":"https:\/\/staging.nbg.eu\/et\/toode\/casio-gbd-800-1ber\/","title":{"rendered":"Casio GBD-800-1BER"},"content":{"rendered":"<h2>Casio GBD-800-1BER G-SQUAD spordikell<\/h2>\n<p>Casio GBD-800-1BER on G-SQUAD spordikell, mis on m\u00f5eldud sportlastele ja igap\u00e4evaseks kandmiseks. See must kell sisaldab:<\/p>\n<ul>\n<li>Mitmeosaline digitaalne ekraan<\/li>\n<li>Bluetooth-\u00fchendus CASIO WATCHES rakendusega<\/li>\n<li>3-teljelise kiirendusm\u00f5\u00f5tur sammude lugemiseks<\/li>\n<li>Multitaimer kuni 20 taimeri kombinatsiooniga<\/li>\n<li>200 ringi m\u00e4lu treeningute j\u00e4lgimiseks<\/li>\n<li>Automaatne LED-valgustus<\/li>\n<li>Reguleeritav rihm ja tagumised tiivad<\/li>\n<\/ul>\n<p>GBD-800-1BER on disainitud kasutamiseks nii j\u00f5usaalis kui ka t\u00e4naval. See G-SHOCK kell aitab j\u00e4lgida treeninguid ja saavutada treeningueesm\u00e4rke.<\/p>\n","protected":false},"excerpt":{"rendered":"<p>Elegantne G-SHOCK&#8217;i sportkell sammulugeja ja nutitelefoni rakendusega \u00fchenduvusega.<\/p>\n","protected":false},"featured_media":100949,"template":"","meta":{"_acf_changed":false},"product_brand":[11193],"product_cat":[1626,2291],"product_tag":[],"class_list":{"0":"post-73706","1":"product","2":"type-product","3":"status-publish","4":"has-post-thumbnail","6":"product_brand-casio","7":"product_cat-edc-et","8":"product_cat-watches-et","10":"first","11":"instock","12":"taxable","13":"shipping-taxable","14":"purchasable","15":"product-type-simple"},"acf":[],"_links":{"self":[{"href":"https:\/\/staging.nbg.eu\/et\/wp-json\/wp\/v2\/product\/73706","targetHints":{"allow":["GET"]}}],"collection":[{"href":"https:\/\/staging.nbg.eu\/et\/wp-json\/wp\/v2\/product"}],"about":[{"href":"https:\/\/staging.nbg.eu\/et\/wp-json\/wp\/v2\/types\/product"}],"wp:featuredmedia":[{"embeddable":true,"href":"https:\/\/staging.nbg.eu\/et\/wp-json\/wp\/v2\/media\/100949"}],"wp:attachment":[{"href":"https:\/\/staging.nbg.eu\/et\/wp-json\/wp\/v2\/media?parent=73706"}],"wp:term":[{"taxonomy":"product_brand","embeddable":true,"href":"https:\/\/staging.nbg.eu\/et\/wp-json\/wp\/v2\/product_brand?post=73706"},{"taxonomy":"product_cat","embeddable":true,"href":"https:\/\/staging.nbg.eu\/et\/wp-json\/wp\/v2\/product_cat?post=73706"},{"taxonomy":"product_tag","embeddable":true,"href":"https:\/\/staging.nbg.eu\/et\/wp-json\/wp\/v2\/product_tag?post=73706"}],"curies":[{"name":"wp","href":"https:\/\/api.w.org\/{rel}","templated":true}]}}