{"id":70564,"date":"2023-11-21T14:46:08","date_gmt":"2024-09-20T13:24:41","guid":{"rendered":"https:\/\/staging.nbg.eu\/product\/kmr-l-02-orca\/"},"modified":"2025-02-19T16:04:23","modified_gmt":"2025-02-19T16:04:23","slug":"kmr-l-02-orca","status":"publish","type":"product","link":"https:\/\/staging.nbg.eu\/et\/toode\/kmr-l-02-orca\/","title":{"rendered":"KMR L-02 ORCA"},"content":{"rendered":"<div class=\"product-description\">\n<h2>KMR L-02 ORCA: Spordip\u00fcstol &#8211; IPSC Standard Divison<\/h2>\n<p>KMR L-02 ORCA on spordilaskmiseks m\u00f5eldud p\u00fcstol. See on varustatud KMR lisavarustuse ja BRS rauastabiliseerimiss\u00fcsteemiga.<\/p>\n<h2>P\u00f5hiomadused:<\/h2>\n<ul>\n<li>5&#8243; raske, sooneline, poleeritud raud<\/li>\n<li>BRS &#8211; rauastabiliseerimiss\u00fcsteem kelgus<\/li>\n<li>CNC-t\u00f6\u00f6deldud terasraam<\/li>\n<li>Vasaku k\u00e4e p\u00f6idlatugi<\/li>\n<li>Hammastatud lame p\u00e4\u00e4stik reguleeritava languse ja taastumisega<\/li>\n<li>9&#215;19 kaliibriga, 19+1 padruni mahutavus<\/li>\n<li>CERAKOTE pinnat\u00f6\u00f6tlus raamil ja kelgul<\/li>\n<\/ul>\n<h2>Tehnilised andmed:<\/h2>\n<table>\n<tbody>\n<tr>\n<td>Kaliber:<\/td>\n<td>9\u00d719<\/td>\n<\/tr>\n<tr>\n<td>\u00dcldpikkus:<\/td>\n<td>223 mm<\/td>\n<\/tr>\n<tr>\n<td>Raua pikkus:<\/td>\n<td>127 mm<\/td>\n<\/tr>\n<tr>\n<td>Kaal (t\u00fchja salve):<\/td>\n<td>1350 g<\/td>\n<\/tr>\n<tr>\n<td>P\u00e4\u00e4stiku t\u00f5mme:<\/td>\n<td>&gt; 13.5 N<\/td>\n<\/tr>\n<\/tbody>\n<\/table>\n<h2>Lisaomadused:<\/h2>\n<ul>\n<li>Duralumiiniumist k\u00e4epidemed<\/li>\n<li>Reguleeritav duralumiiniumist salvevabasti nupp<\/li>\n<li>Pikendatud vasak manuaalne kaitseriiv ja lame parem manuaalne kaitseriiv<\/li>\n<li>Kiudoptiline eesmine sihik (1 mm) ja reguleeritav tagumine sihik<\/li>\n<li>3 salve kaasas<\/li>\n<\/ul>\n<p>KMR L-02 ORCA komplektis on KMR p\u00fcstolikohver, puhastuskomplekt, KMR \u00f5li, kasutusjuhend ja garantiikaart.<\/p>\n<\/div>\n","protected":false},"excerpt":{"rendered":"<p>K\u00f5rge j\u00f5udlusega spordip\u00fcstol t\u00e4iustatud stabiliseerimise ja kohandatavate funktsioonidega.<\/p>\n","protected":false},"featured_media":93414,"template":"","meta":{"_acf_changed":false},"product_brand":[11497],"product_cat":[2169,2238],"product_tag":[],"class_list":{"0":"post-70564","1":"product","2":"type-product","3":"status-publish","4":"has-post-thumbnail","6":"product_brand-kmr-precision","7":"product_cat-pistol-et","8":"product_cat-pistols-et","10":"first","11":"instock","12":"taxable","13":"shipping-taxable","14":"product-type-variable","15":"wvs-archive-product-wrapper"},"acf":[],"_links":{"self":[{"href":"https:\/\/staging.nbg.eu\/et\/wp-json\/wp\/v2\/product\/70564","targetHints":{"allow":["GET"]}}],"collection":[{"href":"https:\/\/staging.nbg.eu\/et\/wp-json\/wp\/v2\/product"}],"about":[{"href":"https:\/\/staging.nbg.eu\/et\/wp-json\/wp\/v2\/types\/product"}],"wp:featuredmedia":[{"embeddable":true,"href":"https:\/\/staging.nbg.eu\/et\/wp-json\/wp\/v2\/media\/93414"}],"wp:attachment":[{"href":"https:\/\/staging.nbg.eu\/et\/wp-json\/wp\/v2\/media?parent=70564"}],"wp:term":[{"taxonomy":"product_brand","embeddable":true,"href":"https:\/\/staging.nbg.eu\/et\/wp-json\/wp\/v2\/product_brand?post=70564"},{"taxonomy":"product_cat","embeddable":true,"href":"https:\/\/staging.nbg.eu\/et\/wp-json\/wp\/v2\/product_cat?post=70564"},{"taxonomy":"product_tag","embeddable":true,"href":"https:\/\/staging.nbg.eu\/et\/wp-json\/wp\/v2\/product_tag?post=70564"}],"curies":[{"name":"wp","href":"https:\/\/api.w.org\/{rel}","templated":true}]}}