{"id":68925,"date":"2023-11-26T17:56:23","date_gmt":"2023-11-26T17:56:23","guid":{"rendered":"https:\/\/staging.nbg.eu\/product\/geissele-super-duty-rifle-14-5-5-56mm-luna-black\/"},"modified":"2024-09-27T10:20:09","modified_gmt":"2024-09-27T10:20:09","slug":"geissele-super-duty-vintpuess-145-556mm-luna-must","status":"publish","type":"product","link":"https:\/\/staging.nbg.eu\/et\/toode\/geissele-super-duty-vintpuess-145-556mm-luna-must\/","title":{"rendered":"Geissele Super Duty Vintp\u00fcss, 14.5&#8243;, 5.56MM-Luna Must"},"content":{"rendered":"<h2>Geissele Super Duty &#8211; 14.5&#8243; 5.56MM<\/h2>\n<p>Geissele Super Duty on 14.5&#8243; pikkune 5.56 NATO relv.<\/p>\n<h2>P\u00f5hiomadused:<\/h2>\n<ul>\n<li>14.5&#8243; k\u00fclmt\u00f6\u00f6deldud, kroomitud relvaraud (1:7&#8243; keere)<\/li>\n<li>Toodetud Geissele tehases North Wales&#8217;is, PA-s<\/li>\n<li>Karabiini pikkusega gaasis\u00fcsteem kompaktse gaasiplokiga<\/li>\n<li>14&#8243; SMR MK14.5 modulaarne relvaraam M-LOK \u00fchilduvusega<\/li>\n<li>7075-T6 alumiiniumist alumine vastuv\u00f5tja Ultra Duty osadekomplektiga<\/li>\n<li>M\u00f5lemak\u00e4eline konfigureeritav ohutusriiv<\/li>\n<li>Super-42 toimemehhanism ja H3 puhver<\/li>\n<\/ul>\n<h2>Tehnilised andmed:<\/h2>\n<ul>\n<li>Kaliiber: 5.56 NATO<\/li>\n<li>Relvaraud: Geissele k\u00fclmt\u00f6\u00f6deldud, kroomitud, 1\/7 keere<\/li>\n<li>Vastuv\u00f5tjad: Sepistatud 7075-T6, t\u00fc\u00fcp III anodeeritud kattega<\/li>\n<li>Lukuraami kandur: REBCG (Parendatud usaldusv\u00e4\u00e4rsusega lukuraami kandur)<\/li>\n<li>P\u00e4\u00e4stik: SSA-X Lightning Bow&#8217;ga<\/li>\n<li>Suudmeseade: Geissele Sparkout leegisummuti<\/li>\n<li>Laadimisk\u00e4epide: Airborne<\/li>\n<li>V\u00e4rv: DDC (K\u00f5rbeliiva v\u00e4rv)*<\/li>\n<\/ul>\n<p><em>*M\u00e4rkus: DDC anodeerimine v\u00f5ib varjundilt erineda<\/em><\/p>\n<p>Geissele Super Duty on kompaktne ja suure j\u00f5udlusega relv.<\/p>\n","protected":false},"excerpt":{"rendered":"<p>Geissele Super Duty: 14,5-tolline 5,56 mm, t\u00e4iustatud tehnoloogia, t\u00e4ppistoodetud.<\/p>\n","protected":false},"featured_media":68926,"template":"","meta":{"_acf_changed":false},"product_brand":[11385],"product_cat":[2211,610],"product_tag":[],"class_list":{"0":"post-68925","1":"product","2":"type-product","3":"status-publish","4":"has-post-thumbnail","6":"product_brand-geissele","7":"product_cat-carbines-et","8":"product_cat-rifle-et","10":"first","11":"outofstock","12":"taxable","13":"shipping-taxable","14":"product-type-simple"},"acf":[],"_links":{"self":[{"href":"https:\/\/staging.nbg.eu\/et\/wp-json\/wp\/v2\/product\/68925","targetHints":{"allow":["GET"]}}],"collection":[{"href":"https:\/\/staging.nbg.eu\/et\/wp-json\/wp\/v2\/product"}],"about":[{"href":"https:\/\/staging.nbg.eu\/et\/wp-json\/wp\/v2\/types\/product"}],"wp:featuredmedia":[{"embeddable":true,"href":"https:\/\/staging.nbg.eu\/et\/wp-json\/wp\/v2\/media\/68926"}],"wp:attachment":[{"href":"https:\/\/staging.nbg.eu\/et\/wp-json\/wp\/v2\/media?parent=68925"}],"wp:term":[{"taxonomy":"product_brand","embeddable":true,"href":"https:\/\/staging.nbg.eu\/et\/wp-json\/wp\/v2\/product_brand?post=68925"},{"taxonomy":"product_cat","embeddable":true,"href":"https:\/\/staging.nbg.eu\/et\/wp-json\/wp\/v2\/product_cat?post=68925"},{"taxonomy":"product_tag","embeddable":true,"href":"https:\/\/staging.nbg.eu\/et\/wp-json\/wp\/v2\/product_tag?post=68925"}],"curies":[{"name":"wp","href":"https:\/\/api.w.org\/{rel}","templated":true}]}}