{"id":68815,"date":"2023-11-26T19:05:46","date_gmt":"2024-09-20T12:58:27","guid":{"rendered":"https:\/\/staging.nbg.eu\/product\/geissele-super-duty-mod1-rifle-16-5-56mm-luna-black\/"},"modified":"2024-09-27T10:16:41","modified_gmt":"2024-09-27T10:16:41","slug":"geissele-super-duty-vintpuess-16-556mm-luna-must","status":"publish","type":"product","link":"https:\/\/staging.nbg.eu\/et\/toode\/geissele-super-duty-vintpuess-16-556mm-luna-must\/","title":{"rendered":"Geissele Super Duty Vintp\u00fcss, 16&#8243;, 5.56MM-Luna Must"},"content":{"rendered":"<h2>Geissele Super Duty p\u00fcss &#8211; 16&#8243; 5.56MM<\/h2>\n<p>Geissele Super Duty 16&#8243; 5.56 NATO p\u00fcss \u00fchendab kaasaegse tehnoloogia ja meisterliku t\u00f6\u00f6ga.<\/p>\n<h2>P\u00f5hiomadused:<\/h2>\n<ul>\n<li>16&#8243; k\u00fclmt\u00f6\u00f6deldud, kroomitud raud (1:7&#8243; samm)<\/li>\n<li>Valmistatud Geissele tehastes North Walesis, Pennsylvanias<\/li>\n<li>Karabiini pikkusega gaasis\u00fcsteem kompaktse gaasiplokiga<\/li>\n<li>15&#8243; SMR MK16 modulaarne relvasiin M-LOK \u00fchilduvusega<\/li>\n<li>7075-T6 alumiiniumist alumine vastuv\u00f5tja Ultra Duty osadega<\/li>\n<li>M\u00f5lemak\u00e4eline konfigureeritav ohutusmehhanism<\/li>\n<li>Super-42 tagasil\u00f6\u00f6gvedru ja H3 puhver<\/li>\n<\/ul>\n<h2>Tehnilised andmed:<\/h2>\n<ul>\n<li>Kaliiber: 5.56 NATO<\/li>\n<li>Raud: Geissele k\u00fclmt\u00f6\u00f6deldud, kroomitud, 1\/7 samm<\/li>\n<li>Vastuv\u00f5tjad: Sepistatud 7075-T6, III t\u00fc\u00fcpi anodeeritud<\/li>\n<li>Lukustusgrupp: REBCG (Parendatud t\u00f6\u00f6kindlusega lukustusgrupp)<\/li>\n<li>P\u00e4\u00e4stik: SSA-X koos Lightning Bow&#8217;ga<\/li>\n<li>Suudmeseade: Geissele Sparkout helisummuti<\/li>\n<li>Laadimisk\u00e4epide: Airborne<\/li>\n<li>V\u00e4rv: DDC (K\u00f5rbeliiva v\u00e4rv)*<\/li>\n<\/ul>\n<p><em>*M\u00e4rkus: DDC anodeerimine v\u00f5ib tooni poolest varieeruda<\/em><\/p>\n<p>Geissele Super Duty p\u00fcss \u00fchendab t\u00e4psuse ja t\u00f6\u00f6kindluse kompaktses pakendis.<\/p>\n","protected":false},"excerpt":{"rendered":"<p>Geissele Super Duty: 16&#8243; 5,56 mm, t\u00e4iustatud tehnoloogia, t\u00e4ppistoodetud.<\/p>\n","protected":false},"featured_media":68816,"template":"","meta":{"_acf_changed":false},"product_brand":[11385],"product_cat":[2211,610],"product_tag":[],"class_list":{"0":"post-68815","1":"product","2":"type-product","3":"status-publish","4":"has-post-thumbnail","6":"product_brand-geissele","7":"product_cat-carbines-et","8":"product_cat-rifle-et","10":"first","11":"instock","12":"taxable","13":"shipping-taxable","14":"product-type-simple"},"acf":[],"_links":{"self":[{"href":"https:\/\/staging.nbg.eu\/et\/wp-json\/wp\/v2\/product\/68815","targetHints":{"allow":["GET"]}}],"collection":[{"href":"https:\/\/staging.nbg.eu\/et\/wp-json\/wp\/v2\/product"}],"about":[{"href":"https:\/\/staging.nbg.eu\/et\/wp-json\/wp\/v2\/types\/product"}],"wp:featuredmedia":[{"embeddable":true,"href":"https:\/\/staging.nbg.eu\/et\/wp-json\/wp\/v2\/media\/68816"}],"wp:attachment":[{"href":"https:\/\/staging.nbg.eu\/et\/wp-json\/wp\/v2\/media?parent=68815"}],"wp:term":[{"taxonomy":"product_brand","embeddable":true,"href":"https:\/\/staging.nbg.eu\/et\/wp-json\/wp\/v2\/product_brand?post=68815"},{"taxonomy":"product_cat","embeddable":true,"href":"https:\/\/staging.nbg.eu\/et\/wp-json\/wp\/v2\/product_cat?post=68815"},{"taxonomy":"product_tag","embeddable":true,"href":"https:\/\/staging.nbg.eu\/et\/wp-json\/wp\/v2\/product_tag?post=68815"}],"curies":[{"name":"wp","href":"https:\/\/api.w.org\/{rel}","templated":true}]}}