{"id":68697,"date":"2023-11-26T20:00:44","date_gmt":"2024-09-20T12:57:29","guid":{"rendered":"https:\/\/staging.nbg.eu\/product\/geissele-super-duty-mod1-rifle-16-5-56mm-ddc\/"},"modified":"2024-09-27T10:14:25","modified_gmt":"2024-09-27T10:14:25","slug":"geissele-super-duty-vintpuess-16-556mm-ddc","status":"publish","type":"product","link":"https:\/\/staging.nbg.eu\/et\/toode\/geissele-super-duty-vintpuess-16-556mm-ddc\/","title":{"rendered":"Geissele Super Duty Vintp\u00fcss, 16&#8243;, 5.56MM-DDC"},"content":{"rendered":"<h2>Geissele Super Duty p\u00fcss &#8211; 16&#8243; 5,56MM<\/h2>\n<p>Geissele Super Duty on 16-tolline 5,56 NATO relv, mis \u00fchendab tehnoloogia ja k\u00e4sit\u00f6\u00f6oskuse.<\/p>\n<h2>P\u00f5hiomadused:<\/h2>\n<ul>\n<li>16&#8243; k\u00fclmt\u00f6\u00f6deldud, kroomitud raud (1:7&#8243; keerme samm)<\/li>\n<li>Toodetud Geissele tehasest North Walesis, Pennsylvanias<\/li>\n<li>Karabiinipikkusega gaasis\u00fcsteem Super Compact gaasiplokiga<\/li>\n<li>15&#8243; SMR MK16 modulaarne relvaraam M-LOK \u00fchilduvusega<\/li>\n<li>7075-T6 alumiiniumist alumine vastuv\u00f5tja Ultra Duty osade komplektiga<\/li>\n<li>M\u00f5lemak\u00e4eline Super Configurable ohutusmehhanism<\/li>\n<li>Super-42 toimemehhanism ja H3 puhver<\/li>\n<\/ul>\n<h2>Tehnilised andmed:<\/h2>\n<ul>\n<li>Kaliiber: 5,56 NATO<\/li>\n<li>Raud: Geissele k\u00fclmt\u00f6\u00f6deldud, kroomitud, 1\/7 keerme samm<\/li>\n<li>Vastuv\u00f5tjad: Sepistatud 7075-T6, III t\u00fc\u00fcpi k\u00f5va anoodimine<\/li>\n<li>Lukustusgrupp: REBCG (Reliability Enhanced Bolt Carrier Group)<\/li>\n<li>P\u00e4\u00e4stik: SSA-X koos Lightning Bow&#8217;ga<\/li>\n<li>Suudmeseade: Geissele Sparkout leegisummuti<\/li>\n<li>Laadimisk\u00e4epide: Airborne<\/li>\n<li>V\u00e4rv: DDC (Desert Dirt Color)*<\/li>\n<\/ul>\n<p><em>*M\u00e4rkus: DDC anoodimise toon v\u00f5ib varieeruda<\/em><\/p>\n<p>Geissele Super Duty p\u00fcss on t\u00e4pne ja usaldusv\u00e4\u00e4rne kompaktne relv.<\/p>\n","protected":false},"excerpt":{"rendered":"<p>Geissele Super Duty: 16-tolline 5,56 mm, t\u00e4iustatud tehnoloogia, t\u00e4ppistoodetud.<\/p>\n","protected":false},"featured_media":68698,"template":"","meta":{"_acf_changed":false},"product_brand":[11385],"product_cat":[2211,839,610],"product_tag":[],"class_list":{"0":"post-68697","1":"product","2":"type-product","3":"status-publish","4":"has-post-thumbnail","6":"product_brand-geissele","7":"product_cat-carbines-et","8":"product_cat-licensed-et","9":"product_cat-rifle-et","11":"first","12":"instock","13":"taxable","14":"shipping-taxable","15":"product-type-simple"},"acf":[],"_links":{"self":[{"href":"https:\/\/staging.nbg.eu\/et\/wp-json\/wp\/v2\/product\/68697","targetHints":{"allow":["GET"]}}],"collection":[{"href":"https:\/\/staging.nbg.eu\/et\/wp-json\/wp\/v2\/product"}],"about":[{"href":"https:\/\/staging.nbg.eu\/et\/wp-json\/wp\/v2\/types\/product"}],"wp:featuredmedia":[{"embeddable":true,"href":"https:\/\/staging.nbg.eu\/et\/wp-json\/wp\/v2\/media\/68698"}],"wp:attachment":[{"href":"https:\/\/staging.nbg.eu\/et\/wp-json\/wp\/v2\/media?parent=68697"}],"wp:term":[{"taxonomy":"product_brand","embeddable":true,"href":"https:\/\/staging.nbg.eu\/et\/wp-json\/wp\/v2\/product_brand?post=68697"},{"taxonomy":"product_cat","embeddable":true,"href":"https:\/\/staging.nbg.eu\/et\/wp-json\/wp\/v2\/product_cat?post=68697"},{"taxonomy":"product_tag","embeddable":true,"href":"https:\/\/staging.nbg.eu\/et\/wp-json\/wp\/v2\/product_tag?post=68697"}],"curies":[{"name":"wp","href":"https:\/\/api.w.org\/{rel}","templated":true}]}}