{"id":68571,"date":"2023-11-29T09:17:17","date_gmt":"2024-09-20T12:32:30","guid":{"rendered":"https:\/\/staging.nbg.eu\/product\/geissele-super-duty-mod1-11-5-5-56mm-black\/"},"modified":"2024-09-27T10:10:23","modified_gmt":"2024-09-27T10:10:23","slug":"geissele-super-duty-115-556mm-must","status":"publish","type":"product","link":"https:\/\/staging.nbg.eu\/et\/toode\/geissele-super-duty-115-556mm-must\/","title":{"rendered":"Geissele Super Duty, 11.5&#8243;, 5.56MM-Must"},"content":{"rendered":"<h2>Geissele Super Duty &#8211; 11.5&#8243; 5.56MM<\/h2>\n<p>Geissele Super Duty on 11,5-tolline relv 5,56 NATO kaliibriga.<\/p>\n<h2>P\u00f5hiomadused:<\/h2>\n<ul>\n<li>11,5&#8243; k\u00fclmalt sepistatud, kroomitud raud (1:7&#8243; keere)<\/li>\n<li>Toodetud Geissele tehases P\u00f5hja-Walesis, Pennsylvanias<\/li>\n<li>Karbiinipikkusega gaasis\u00fcsteem kompaktse gaasiplokiga<\/li>\n<li>10,5&#8243; SMR MK11.5 modulaarne relvaraam M-LOK \u00fchilduvusega<\/li>\n<li>7075-T6 alumiiniumist alumine vastuv\u00f5tja Ultra Duty osadekomplektiga<\/li>\n<li>M\u00f5lemak\u00e4eline konfigureeriv ohutusseade<\/li>\n<li>Super-42 toimemehhanism ja H3 puhver<\/li>\n<\/ul>\n<h2>Tehnilised andmed:<\/h2>\n<ul>\n<li>Kaliber: 5,56 NATO<\/li>\n<li>Raud: Geissele k\u00fclmalt sepistatud, kroomitud, 1\/7 keere<\/li>\n<li>Vastuv\u00f5tjad: Sepistatud 7075-T6, III t\u00fc\u00fcbi k\u00f5vaanodeeritud<\/li>\n<li>Lukustusraam: REBCG (Parendatud t\u00f6\u00f6kindlusega lukustusraam)<\/li>\n<li>P\u00e4\u00e4stik: SSA-X Lightning Bow&#8217;ga<\/li>\n<li>Suudmeseade: Geissele Sparkout leegisummuti<\/li>\n<li>Laadimisk\u00e4epide: Airborne<\/li>\n<li>V\u00e4rv: DDC (K\u00f5rbepruun)*<\/li>\n<\/ul>\n<p><em>*M\u00e4rkus: DDC anodeerimine v\u00f5ib varjundilt erineda<\/em><\/p>\n<p>Geissele Super Duty p\u00fcss on kompaktne ja k\u00f5rge j\u00f5udlusega relv.<\/p>\n","protected":false},"excerpt":{"rendered":"<p>Geissele Super Duty: 11,5-tolline 5,56 mm, t\u00e4iustatud tehnoloogia, t\u00e4ppistoodetud.<\/p>\n","protected":false},"featured_media":191163,"template":"","meta":{"_acf_changed":false},"product_brand":[11385],"product_cat":[2211,610],"product_tag":[],"class_list":{"0":"post-68571","1":"product","2":"type-product","3":"status-publish","4":"has-post-thumbnail","6":"product_brand-geissele","7":"product_cat-carbines-et","8":"product_cat-rifle-et","10":"first","11":"instock","12":"taxable","13":"shipping-taxable","14":"product-type-simple"},"acf":[],"_links":{"self":[{"href":"https:\/\/staging.nbg.eu\/et\/wp-json\/wp\/v2\/product\/68571","targetHints":{"allow":["GET"]}}],"collection":[{"href":"https:\/\/staging.nbg.eu\/et\/wp-json\/wp\/v2\/product"}],"about":[{"href":"https:\/\/staging.nbg.eu\/et\/wp-json\/wp\/v2\/types\/product"}],"wp:featuredmedia":[{"embeddable":true,"href":"https:\/\/staging.nbg.eu\/et\/wp-json\/wp\/v2\/media\/191163"}],"wp:attachment":[{"href":"https:\/\/staging.nbg.eu\/et\/wp-json\/wp\/v2\/media?parent=68571"}],"wp:term":[{"taxonomy":"product_brand","embeddable":true,"href":"https:\/\/staging.nbg.eu\/et\/wp-json\/wp\/v2\/product_brand?post=68571"},{"taxonomy":"product_cat","embeddable":true,"href":"https:\/\/staging.nbg.eu\/et\/wp-json\/wp\/v2\/product_cat?post=68571"},{"taxonomy":"product_tag","embeddable":true,"href":"https:\/\/staging.nbg.eu\/et\/wp-json\/wp\/v2\/product_tag?post=68571"}],"curies":[{"name":"wp","href":"https:\/\/api.w.org\/{rel}","templated":true}]}}