{"id":68315,"date":"2023-12-10T10:23:45","date_gmt":"2023-12-10T10:23:45","guid":{"rendered":"https:\/\/staging.nbg.eu\/product\/alg-defense-el-jefe-16-5-56mm-black\/"},"modified":"2025-02-07T08:22:26","modified_gmt":"2025-02-07T08:22:26","slug":"alg-defense-el-jefe-16-556mm-must","status":"publish","type":"product","link":"https:\/\/staging.nbg.eu\/et\/toode\/alg-defense-el-jefe-16-556mm-must\/","title":{"rendered":"ALG Defense El Jefe, 16&#8243;, 5.56MM &#8211; Must"},"content":{"rendered":"<h2>ALG Defense El Jefe, 16&#8243;, 5,56 mm &#8211; Must<\/h2>\n<p>ALG Defense El Jefe p\u00fcss on Mil-Spec klassi relv. See komplektne relvas\u00fcsteem sisaldab rihma ja Warner &amp; Swasey punase t\u00e4pi sihikut.<\/p>\n<h2>P\u00f5hiomadused:<\/h2>\n<ul>\n<li>7075 alumiiniumist freesitud ja CNC-t\u00f6\u00f6deldud vastuv\u00f5tjad<\/li>\n<li>Mil-Spec t\u00fc\u00fcp 3 anodeeritud viimistlus, matt must<\/li>\n<li>ALG V3X k\u00e4epide M-LOK pesadega<\/li>\n<li>B5 Systems SOPMOD p\u00fcssip\u00e4ra<\/li>\n<li>Geissele Super 42 p\u00f5rkuri vedru ja H1 p\u00f5rkur<\/li>\n<li>Mil-Spec lukuraami grupp, k\u00f5vakroomitud<\/li>\n<li>ALG Defense Advanced Combat p\u00e4\u00e4stik (ACT)<\/li>\n<li>Nuuthoone, kroomitud relvaraud 5,56 NATO padrunipesaga<\/li>\n<li>Geissele gaasiplokk ja pikendatud keskpikkusega gaasitoru<\/li>\n<li>Sisaldab M4 karbiini Mil-Spec rihma ja QD-kinnitusi<\/li>\n<li>Warner ja Swasey 3 MOA punase t\u00e4pi sihik integreeritud varusihikutega<\/li>\n<\/ul>\n<p>El Jefe \u00fchendab kvaliteetsed komponendid ja professionaalse valmistuse. P\u00fcss sobib spordilaskmiseks, \u00f5iguskaitseorganitele ja koduseks kaitseks.<\/p>\n","protected":false},"excerpt":{"rendered":"<p>ALG Defense El Jefe: K\u00f5rgekvaliteetne 5,56 mm AR-15 eeliskvaliteetsete omadustega.<\/p>\n","protected":false},"featured_media":68316,"template":"","meta":{"_acf_changed":false},"product_brand":[11385],"product_cat":[2211,610],"product_tag":[],"class_list":{"0":"post-68315","1":"product","2":"type-product","3":"status-publish","4":"has-post-thumbnail","6":"product_brand-geissele","7":"product_cat-carbines-et","8":"product_cat-rifle-et","10":"first","11":"instock","12":"taxable","13":"shipping-taxable","14":"product-type-simple"},"acf":[],"_links":{"self":[{"href":"https:\/\/staging.nbg.eu\/et\/wp-json\/wp\/v2\/product\/68315","targetHints":{"allow":["GET"]}}],"collection":[{"href":"https:\/\/staging.nbg.eu\/et\/wp-json\/wp\/v2\/product"}],"about":[{"href":"https:\/\/staging.nbg.eu\/et\/wp-json\/wp\/v2\/types\/product"}],"wp:featuredmedia":[{"embeddable":true,"href":"https:\/\/staging.nbg.eu\/et\/wp-json\/wp\/v2\/media\/68316"}],"wp:attachment":[{"href":"https:\/\/staging.nbg.eu\/et\/wp-json\/wp\/v2\/media?parent=68315"}],"wp:term":[{"taxonomy":"product_brand","embeddable":true,"href":"https:\/\/staging.nbg.eu\/et\/wp-json\/wp\/v2\/product_brand?post=68315"},{"taxonomy":"product_cat","embeddable":true,"href":"https:\/\/staging.nbg.eu\/et\/wp-json\/wp\/v2\/product_cat?post=68315"},{"taxonomy":"product_tag","embeddable":true,"href":"https:\/\/staging.nbg.eu\/et\/wp-json\/wp\/v2\/product_tag?post=68315"}],"curies":[{"name":"wp","href":"https:\/\/api.w.org\/{rel}","templated":true}]}}