{"id":68076,"date":"2024-01-30T18:09:06","date_gmt":"2024-09-20T12:20:01","guid":{"rendered":"https:\/\/staging.nbg.eu\/product\/surefire-m640dft-pro\/"},"modified":"2024-09-20T12:20:51","modified_gmt":"2024-09-20T12:20:51","slug":"surefire-m640dft-pro","status":"publish","type":"product","link":"https:\/\/staging.nbg.eu\/et\/toode\/surefire-m640dft-pro\/","title":{"rendered":"SureFire M640DFT-PRO"},"content":{"rendered":"<div class=\"product-description\">\n<h2>SureFire M640DFT-PRO Turbo Scout Light Pro<\/h2>\n<p>M640DFT-PRO Turbo Scout Light Pro omadused:<\/p>\n<ul>\n<li>100 000 kandela maksimaalne kiire intensiivsus kaasasoleva SF18650B akuga<\/li>\n<li>Turbo kiire muster kaugete sihtm\u00e4rkide tuvastamiseks<\/li>\n<li>Madala profiiliga kinnitus (\u00fchildub MIL-STD-1913 ja M-LOK standarditega)<\/li>\n<li>Kahekordne toiteallikas: kasutab SF18650B taaslaetavat v\u00f5i kahte 123A liitiumpatareid<\/li>\n<li>Vastupidav konstruktsioon ja kaugjuhtimise v\u00f5imalused<\/li>\n<\/ul>\n<p>Valmistatud kergest lennundusallumniiumist ja s\u00f5jav\u00e4estandardile vastava k\u00f5va anodeeritud kattega. O-r\u00f5ngastihendiga relvalatern sobib pikamaa rakendusteks.<\/p>\n<\/div>\n","protected":false},"excerpt":{"rendered":"<p>Suure v\u00f5imsusega taktikaline valgusti 100 000 kandelaga valgusvihuks pikamaa kasutamiseks.<\/p>\n","protected":false},"featured_media":68077,"template":"","meta":{"_acf_changed":false},"product_brand":[11862],"product_cat":[1543,610,2190],"product_tag":[],"class_list":{"0":"post-68076","1":"product","2":"type-product","3":"status-publish","4":"has-post-thumbnail","6":"product_brand-surefire","7":"product_cat-lights-et","8":"product_cat-rifle-et","9":"product_cat-rifle-lights-et","11":"first","12":"instock","13":"taxable","14":"shipping-taxable","15":"purchasable","16":"product-type-variable","17":"wvs-archive-product-wrapper"},"acf":[],"_links":{"self":[{"href":"https:\/\/staging.nbg.eu\/et\/wp-json\/wp\/v2\/product\/68076","targetHints":{"allow":["GET"]}}],"collection":[{"href":"https:\/\/staging.nbg.eu\/et\/wp-json\/wp\/v2\/product"}],"about":[{"href":"https:\/\/staging.nbg.eu\/et\/wp-json\/wp\/v2\/types\/product"}],"wp:featuredmedia":[{"embeddable":true,"href":"https:\/\/staging.nbg.eu\/et\/wp-json\/wp\/v2\/media\/68077"}],"wp:attachment":[{"href":"https:\/\/staging.nbg.eu\/et\/wp-json\/wp\/v2\/media?parent=68076"}],"wp:term":[{"taxonomy":"product_brand","embeddable":true,"href":"https:\/\/staging.nbg.eu\/et\/wp-json\/wp\/v2\/product_brand?post=68076"},{"taxonomy":"product_cat","embeddable":true,"href":"https:\/\/staging.nbg.eu\/et\/wp-json\/wp\/v2\/product_cat?post=68076"},{"taxonomy":"product_tag","embeddable":true,"href":"https:\/\/staging.nbg.eu\/et\/wp-json\/wp\/v2\/product_tag?post=68076"}],"curies":[{"name":"wp","href":"https:\/\/api.w.org\/{rel}","templated":true}]}}