{"id":67558,"date":"2024-01-13T11:48:33","date_gmt":"2024-01-13T11:48:33","guid":{"rendered":"https:\/\/staging.nbg.eu\/product\/surefire-m340v-pro\/"},"modified":"2024-09-20T12:15:54","modified_gmt":"2024-09-20T12:15:54","slug":"surefire-m340v-pro","status":"publish","type":"product","link":"https:\/\/staging.nbg.eu\/et\/toode\/surefire-m340v-pro\/","title":{"rendered":"SureFire M340V-PRO"},"content":{"rendered":"<div class=\"product-description\">\n<h2>Mini Scout Light Pro infrapuna<\/h2>\n<p>\u00dcheelemendiline Scout Light Pro. See valgustusseade pakub:<\/p>\n<ul>\n<li>250 luumenit valget valgust ja 100 mW infrapunavalgust<\/li>\n<li>H\u00fcbriidne valgusvihu muster keskmise ja pika distantsi jaoks<\/li>\n<li>Uus madala profiiliga kinnitus optimaalseks paigutuseks<\/li>\n<li>Lihtne re\u017eiimivahetus valge valguse, v\u00e4ljal\u00fclituse ja infrapuna vahel<\/li>\n<li>Valmistatud lennunduses kasutatavast alumiiniumist, s\u00f5jav\u00e4elise spetsifikatsiooniga anodeerimine<\/li>\n<li>T\u00f6\u00f6tab \u00fche 123A liitiumakuga<\/li>\n<li>\u00dchildub MIL-STD-1913 ja M-LOK r\u00f6\u00f6bastega<\/li>\n<\/ul>\n<p>See kompaktne seade on loodud taluma karmisid tingimusi ja on kasulik pimedas.<\/p>\n<\/div>\n","protected":false},"excerpt":{"rendered":"<p>Kompaktne taktikaline valgusti 250 luumeni valge ja 100 mW infrapunase valgusv\u00e4ljundiga.<\/p>\n","protected":false},"featured_media":67559,"template":"","meta":{"_acf_changed":false},"product_brand":[11862],"product_cat":[1543,610,2190],"product_tag":[],"class_list":{"0":"post-67558","1":"product","2":"type-product","3":"status-publish","4":"has-post-thumbnail","6":"product_brand-surefire","7":"product_cat-lights-et","8":"product_cat-rifle-et","9":"product_cat-rifle-lights-et","11":"first","12":"instock","13":"taxable","14":"shipping-taxable","15":"purchasable","16":"product-type-simple"},"acf":[],"_links":{"self":[{"href":"https:\/\/staging.nbg.eu\/et\/wp-json\/wp\/v2\/product\/67558","targetHints":{"allow":["GET"]}}],"collection":[{"href":"https:\/\/staging.nbg.eu\/et\/wp-json\/wp\/v2\/product"}],"about":[{"href":"https:\/\/staging.nbg.eu\/et\/wp-json\/wp\/v2\/types\/product"}],"wp:featuredmedia":[{"embeddable":true,"href":"https:\/\/staging.nbg.eu\/et\/wp-json\/wp\/v2\/media\/67559"}],"wp:attachment":[{"href":"https:\/\/staging.nbg.eu\/et\/wp-json\/wp\/v2\/media?parent=67558"}],"wp:term":[{"taxonomy":"product_brand","embeddable":true,"href":"https:\/\/staging.nbg.eu\/et\/wp-json\/wp\/v2\/product_brand?post=67558"},{"taxonomy":"product_cat","embeddable":true,"href":"https:\/\/staging.nbg.eu\/et\/wp-json\/wp\/v2\/product_cat?post=67558"},{"taxonomy":"product_tag","embeddable":true,"href":"https:\/\/staging.nbg.eu\/et\/wp-json\/wp\/v2\/product_tag?post=67558"}],"curies":[{"name":"wp","href":"https:\/\/api.w.org\/{rel}","templated":true}]}}