{"id":67446,"date":"2024-01-13T12:03:58","date_gmt":"2024-09-20T12:07:43","guid":{"rendered":"https:\/\/staging.nbg.eu\/product\/surefire-ds00\/"},"modified":"2024-09-20T12:08:31","modified_gmt":"2024-09-20T12:08:31","slug":"surefire-ds00","status":"publish","type":"product","link":"https:\/\/staging.nbg.eu\/et\/toode\/surefire-ds00\/","title":{"rendered":"SureFire DS00"},"content":{"rendered":"<p>\nSureFire DS00 on veekindel l\u00fcliti enamikule Scout Light\u00ae relvavalgustite jaoks. Omadused:<\/p>\n<ul>\n<li>S\u00f5ltumatu integreeritud ja kaugjuhtimisega l\u00fcliti kasutamine<\/li>\n<li>\u00dchilduvus erinevate SureFire kaugjuhtimispuldi l\u00fclititega<\/li>\n<li>Sisse\/v\u00e4lja vajutusnupp<\/li>\n<li>S\u00fcsteemi v\u00e4ljal\u00fclitamise funktsioon<\/li>\n<li>L\u00fcliti liiasuse funktsioon t\u00f6\u00f6kindluse tagamiseks<\/li>\n<\/ul>\n<p>DS00 parandab teie relvavalgusti funktsionaalsust (Ei \u00fchildu Micro Scout Light Pro mudeliga).<\/p>\n","protected":false},"excerpt":{"rendered":"<p>Mitmek\u00fclgne l\u00fcliti SureFire relvavalgustite jaoks kahe t\u00f6\u00f6re\u017eiimiga.<\/p>\n","protected":false},"featured_media":67447,"template":"","meta":{"_acf_changed":false},"product_brand":[11862],"product_cat":[1542,1543,610],"product_tag":[],"class_list":{"0":"post-67446","1":"product","2":"type-product","3":"status-publish","4":"has-post-thumbnail","6":"product_brand-surefire","7":"product_cat-light-accessories-et","8":"product_cat-lights-et","9":"product_cat-rifle-et","11":"first","12":"instock","13":"taxable","14":"shipping-taxable","15":"purchasable","16":"product-type-variable","17":"wvs-archive-product-wrapper"},"acf":[],"_links":{"self":[{"href":"https:\/\/staging.nbg.eu\/et\/wp-json\/wp\/v2\/product\/67446","targetHints":{"allow":["GET"]}}],"collection":[{"href":"https:\/\/staging.nbg.eu\/et\/wp-json\/wp\/v2\/product"}],"about":[{"href":"https:\/\/staging.nbg.eu\/et\/wp-json\/wp\/v2\/types\/product"}],"wp:featuredmedia":[{"embeddable":true,"href":"https:\/\/staging.nbg.eu\/et\/wp-json\/wp\/v2\/media\/67447"}],"wp:attachment":[{"href":"https:\/\/staging.nbg.eu\/et\/wp-json\/wp\/v2\/media?parent=67446"}],"wp:term":[{"taxonomy":"product_brand","embeddable":true,"href":"https:\/\/staging.nbg.eu\/et\/wp-json\/wp\/v2\/product_brand?post=67446"},{"taxonomy":"product_cat","embeddable":true,"href":"https:\/\/staging.nbg.eu\/et\/wp-json\/wp\/v2\/product_cat?post=67446"},{"taxonomy":"product_tag","embeddable":true,"href":"https:\/\/staging.nbg.eu\/et\/wp-json\/wp\/v2\/product_tag?post=67446"}],"curies":[{"name":"wp","href":"https:\/\/api.w.org\/{rel}","templated":true}]}}