{"id":67308,"date":"2024-01-13T12:52:23","date_gmt":"2024-09-20T12:05:05","guid":{"rendered":"https:\/\/staging.nbg.eu\/product\/surefire-sr07-weaponlight-switch\/"},"modified":"2024-09-20T12:05:51","modified_gmt":"2024-09-20T12:05:51","slug":"surefire-sr07-relvavalguse-lueliti","status":"publish","type":"product","link":"https:\/\/staging.nbg.eu\/et\/toode\/surefire-sr07-relvavalguse-lueliti\/","title":{"rendered":"SureFire SR07 Relvavalguse L\u00fcliti"},"content":{"rendered":"<p>\nSureFire SR07 v\u00f5imaldab SureFire relvavalgustite kaugjuhtimist. Omadused:<\/p>\n<ul>\n<li>Hetkeline survepadi<\/li>\n<li>P\u00fcsiva sissel\u00fclitusega surunupp<\/li>\n<li>18 cm kaabel<\/li>\n<li>Pealekl\u00f5psatav Picatinny siiniklamber<\/li>\n<\/ul>\n<p>Kahekordne l\u00fcliti v\u00f5imaldab relva mitmek\u00fclgsemat kasutamist.<\/p>\n","protected":false},"excerpt":{"rendered":"<p>Kaugjuhitav kahe l\u00fclitiga l\u00fcliti SureFire relvavalgustite jaoks. Relsile kinnitatav.<\/p>\n","protected":false},"featured_media":67309,"template":"","meta":{"_acf_changed":false},"product_brand":[11862],"product_cat":[1542,1543,610],"product_tag":[],"class_list":{"0":"post-67308","1":"product","2":"type-product","3":"status-publish","4":"has-post-thumbnail","6":"product_brand-surefire","7":"product_cat-light-accessories-et","8":"product_cat-lights-et","9":"product_cat-rifle-et","11":"first","12":"instock","13":"taxable","14":"shipping-taxable","15":"purchasable","16":"product-type-simple"},"acf":[],"_links":{"self":[{"href":"https:\/\/staging.nbg.eu\/et\/wp-json\/wp\/v2\/product\/67308","targetHints":{"allow":["GET"]}}],"collection":[{"href":"https:\/\/staging.nbg.eu\/et\/wp-json\/wp\/v2\/product"}],"about":[{"href":"https:\/\/staging.nbg.eu\/et\/wp-json\/wp\/v2\/types\/product"}],"wp:featuredmedia":[{"embeddable":true,"href":"https:\/\/staging.nbg.eu\/et\/wp-json\/wp\/v2\/media\/67309"}],"wp:attachment":[{"href":"https:\/\/staging.nbg.eu\/et\/wp-json\/wp\/v2\/media?parent=67308"}],"wp:term":[{"taxonomy":"product_brand","embeddable":true,"href":"https:\/\/staging.nbg.eu\/et\/wp-json\/wp\/v2\/product_brand?post=67308"},{"taxonomy":"product_cat","embeddable":true,"href":"https:\/\/staging.nbg.eu\/et\/wp-json\/wp\/v2\/product_cat?post=67308"},{"taxonomy":"product_tag","embeddable":true,"href":"https:\/\/staging.nbg.eu\/et\/wp-json\/wp\/v2\/product_tag?post=67308"}],"curies":[{"name":"wp","href":"https:\/\/api.w.org\/{rel}","templated":true}]}}