{"id":67030,"date":"2024-01-13T13:29:38","date_gmt":"2024-09-20T11:59:40","guid":{"rendered":"https:\/\/staging.nbg.eu\/product\/surefire-x300u-a\/"},"modified":"2025-02-19T14:50:24","modified_gmt":"2025-02-19T14:50:24","slug":"surefire-x300u-a","status":"publish","type":"product","link":"https:\/\/staging.nbg.eu\/et\/toode\/surefire-x300u-a\/","title":{"rendered":"SureFire X300U-A"},"content":{"rendered":"<div class=\"product-description\">\n<h2>SureFire X300U-A taktikaline relvavalgustus<\/h2>\n<p>SureFire X300U-A on taktikaline valgustus professionaalidele. See seade toodab 1000 luumenit LED-valgust, mida fokusseerib TIR-l\u00e4\u00e4ts maksimaalse efektiivsuse saavutamiseks.<\/p>\n<ul>\n<li>Kiirkinnituss\u00fcsteem kiireks kinnitamiseks ja eemaldamiseks<\/li>\n<li>Intuitiivne m\u00f5lema k\u00e4ega kasutatav l\u00fcliti kiireks aktiveerimiseks<\/li>\n<li>Vastupidav lennunduses kasutatavast alumiiniumist korpus s\u00f5jav\u00e4elise spetsifikatsiooniga anodeeritud viimistlusega<\/li>\n<li>IPX7 veekindluse klass (1 meeter 30 minutit)<\/li>\n<li>1,25 tundi t\u00f6\u00f6aega kahe kaasasoleva 123A liitiumpatareiga<\/li>\n<li>Kompaktne disain: 3,76 tolli pikk, kaalub ainult 4,0 untsi<\/li>\n<\/ul>\n<p>SureFire X300U-A v\u00f5imaldab valgustada ohte m\u00e4rkimisv\u00e4\u00e4rsel kaugusel, s\u00e4ilitades samal ajal \u00fclevaate olukorrast.<\/p>\n<\/div>\n","protected":false},"excerpt":{"rendered":"<p>SureFire X300U-A: 1000-luumeniline taktikaline valgusti k\u00e4situlirelvadele ja p\u00fcssidele.<\/p>\n","protected":false},"featured_media":67031,"template":"","meta":{"_acf_changed":false},"product_brand":[11862],"product_cat":[1543,2169,1662],"product_tag":[],"class_list":{"0":"post-67030","1":"product","2":"type-product","3":"status-publish","4":"has-post-thumbnail","6":"product_brand-surefire","7":"product_cat-lights-et","8":"product_cat-pistol-et","9":"product_cat-pistol-lights-et","11":"first","12":"instock","13":"taxable","14":"shipping-taxable","15":"purchasable","16":"product-type-variable","17":"wvs-archive-product-wrapper"},"acf":[],"_links":{"self":[{"href":"https:\/\/staging.nbg.eu\/et\/wp-json\/wp\/v2\/product\/67030","targetHints":{"allow":["GET"]}}],"collection":[{"href":"https:\/\/staging.nbg.eu\/et\/wp-json\/wp\/v2\/product"}],"about":[{"href":"https:\/\/staging.nbg.eu\/et\/wp-json\/wp\/v2\/types\/product"}],"wp:featuredmedia":[{"embeddable":true,"href":"https:\/\/staging.nbg.eu\/et\/wp-json\/wp\/v2\/media\/67031"}],"wp:attachment":[{"href":"https:\/\/staging.nbg.eu\/et\/wp-json\/wp\/v2\/media?parent=67030"}],"wp:term":[{"taxonomy":"product_brand","embeddable":true,"href":"https:\/\/staging.nbg.eu\/et\/wp-json\/wp\/v2\/product_brand?post=67030"},{"taxonomy":"product_cat","embeddable":true,"href":"https:\/\/staging.nbg.eu\/et\/wp-json\/wp\/v2\/product_cat?post=67030"},{"taxonomy":"product_tag","embeddable":true,"href":"https:\/\/staging.nbg.eu\/et\/wp-json\/wp\/v2\/product_tag?post=67030"}],"curies":[{"name":"wp","href":"https:\/\/api.w.org\/{rel}","templated":true}]}}