{"id":66530,"date":"2024-01-30T18:10:41","date_gmt":"2024-09-20T11:53:32","guid":{"rendered":"https:\/\/staging.nbg.eu\/product\/surefire-x300t-a\/"},"modified":"2024-09-20T11:54:21","modified_gmt":"2024-09-20T11:54:21","slug":"surefire-x300t-a","status":"publish","type":"product","link":"https:\/\/staging.nbg.eu\/et\/toode\/surefire-x300t-a\/","title":{"rendered":"# SureFire X300T-A"},"content":{"rendered":"<div class=\"product-description\">\n<h2>SureFire X300T-A taktikaline relvavalgustus<\/h2>\n<p>SureFire X300T-A on taktikaline valgustus professionaalidele. 66 000 kandela maksimaalse kiire intensiivsuse ja 650 luumeni v\u00e4ljundiga pakub see valgustus:<\/p>\n<ul>\n<li>Turbo kiire muster sihtm\u00e4rgi tuvastamiseks kaugelt<\/li>\n<li>Kinnituss\u00fcsteem kiireks paigaldamiseks universaalsetele ja Picatinny r\u00f6\u00f6bastele<\/li>\n<li>M\u00f5lemak\u00e4eline l\u00fclituss\u00fcsteem kiireks aktiveerimiseks<\/li>\n<li>\u00dchilduvus olemasolevate X300U-A vutlaritega<\/li>\n<li>Alumiiniumkorpus anodeeritud viimistlusega<\/li>\n<li>IPX7 veekindlus (1 meeter 30 minutit)<\/li>\n<li>1,5 tundi t\u00f6\u00f6aega kahe kaasasoleva 123A liitiumpatareiga<\/li>\n<\/ul>\n<p>X300T-A valgustab objekte kuni 514 meetri kauguselt.<\/p>\n<\/div>\n","protected":false},"excerpt":{"rendered":"<p>SureFire X300T-A: 66 000-kandelase v\u00f5imsusega taktikaline valgusti pika vahemaa isiku tuvastamiseks.<\/p>\n","protected":false},"featured_media":66531,"template":"","meta":{"_acf_changed":false},"product_brand":[11862],"product_cat":[1543,2169,1662],"product_tag":[],"class_list":{"0":"post-66530","1":"product","2":"type-product","3":"status-publish","4":"has-post-thumbnail","6":"product_brand-surefire","7":"product_cat-lights-et","8":"product_cat-pistol-et","9":"product_cat-pistol-lights-et","11":"first","12":"instock","13":"taxable","14":"shipping-taxable","15":"purchasable","16":"product-type-variable","17":"wvs-archive-product-wrapper"},"acf":[],"_links":{"self":[{"href":"https:\/\/staging.nbg.eu\/et\/wp-json\/wp\/v2\/product\/66530","targetHints":{"allow":["GET"]}}],"collection":[{"href":"https:\/\/staging.nbg.eu\/et\/wp-json\/wp\/v2\/product"}],"about":[{"href":"https:\/\/staging.nbg.eu\/et\/wp-json\/wp\/v2\/types\/product"}],"wp:featuredmedia":[{"embeddable":true,"href":"https:\/\/staging.nbg.eu\/et\/wp-json\/wp\/v2\/media\/66531"}],"wp:attachment":[{"href":"https:\/\/staging.nbg.eu\/et\/wp-json\/wp\/v2\/media?parent=66530"}],"wp:term":[{"taxonomy":"product_brand","embeddable":true,"href":"https:\/\/staging.nbg.eu\/et\/wp-json\/wp\/v2\/product_brand?post=66530"},{"taxonomy":"product_cat","embeddable":true,"href":"https:\/\/staging.nbg.eu\/et\/wp-json\/wp\/v2\/product_cat?post=66530"},{"taxonomy":"product_tag","embeddable":true,"href":"https:\/\/staging.nbg.eu\/et\/wp-json\/wp\/v2\/product_tag?post=66530"}],"curies":[{"name":"wp","href":"https:\/\/api.w.org\/{rel}","templated":true}]}}