{"id":66332,"date":"2024-01-16T19:29:25","date_gmt":"2024-09-20T11:50:53","guid":{"rendered":"https:\/\/staging.nbg.eu\/product\/surefire-x300t-b-weaponlight\/"},"modified":"2024-09-20T11:51:42","modified_gmt":"2024-09-20T11:51:42","slug":"surefire-x300t-b-relvatuli","status":"publish","type":"product","link":"https:\/\/staging.nbg.eu\/et\/toode\/surefire-x300t-b-relvatuli\/","title":{"rendered":"SureFire X300T-B RELVATULI"},"content":{"rendered":"<div class=\"product-description\">\n<h2>SureFire X300T-B relvavalgustus<\/h2>\n<p>SureFire X300T-B relvavalgustus on X300 k\u00e4sirelvavalgustuse Turbo seeria versioon, mis pakub:<\/p>\n<ul>\n<li>66 000 kandela tippkiirgusv\u00f5imsust<\/li>\n<li>650 luumenit fokuseeritud valget valgust<\/li>\n<li>Turbo valgusvihu mustrit sihtm\u00e4rgi tuvastamiseks suurtel kaugustel<\/li>\n<li>1,5 tundi t\u00f6\u00f6aega kahe kaasasoleva 123A liitiumpatareiga<\/li>\n<\/ul>\n<p>X300T-B omadused:<\/p>\n<ul>\n<li>T-pilu p\u00f6idlakruvi kinnitus universaalsetele ja Picatinny relsikinnitustele<\/li>\n<li>Intuitiivne kahepoolne l\u00fcliti kiireks aktiveerimiseks<\/li>\n<li>\u00dchilduvus olemasolevate X300U-B kabuuridega<\/li>\n<li>Lennunduses kasutatavast alumiiniumist korpus s\u00f5jav\u00e4e standarditele vastava anodeeritud viimistlusega<\/li>\n<li>IPX7 veekindlusklassifikatsioon (sukeldatav 1 meetri s\u00fcgavusele 30 minutiks)<\/li>\n<\/ul>\n<p>P\u00f5hilised tehnilised andmed:<\/p>\n<ul>\n<li>Pikkus: 3,76 tolli (9,55 cm)<\/li>\n<li>Kaal koos patareidega: 4,4 untsi (124,7 g)<\/li>\n<li>\u00c4\u00e4rise l\u00e4bim\u00f5\u00f5t: 1,125 tolli (2,9 cm)<\/li>\n<li>Efektiivne ulatus: 514 meetrit<\/li>\n<\/ul>\n<p>SureFire X300T-B relvavalgustus on m\u00f5eldud kasutamiseks kriitilistes olukordades.<\/p>\n<\/div>\n","protected":false},"excerpt":{"rendered":"<p>V\u00f5imas 650-luumeniline relvavalgus 66 000-kandelase valguskiirega \u00e4\u00e4rmiselt kaugele j\u00e4\u00e4vate objektide tuvastamiseks.<\/p>\n","protected":false},"featured_media":83166,"template":"","meta":{"_acf_changed":false},"product_brand":[11862],"product_cat":[1543,2169,1662],"product_tag":[],"class_list":{"0":"post-66332","1":"product","2":"type-product","3":"status-publish","4":"has-post-thumbnail","6":"product_brand-surefire","7":"product_cat-lights-et","8":"product_cat-pistol-et","9":"product_cat-pistol-lights-et","11":"first","12":"instock","13":"taxable","14":"shipping-taxable","15":"purchasable","16":"product-type-variable","17":"wvs-archive-product-wrapper"},"acf":[],"_links":{"self":[{"href":"https:\/\/staging.nbg.eu\/et\/wp-json\/wp\/v2\/product\/66332","targetHints":{"allow":["GET"]}}],"collection":[{"href":"https:\/\/staging.nbg.eu\/et\/wp-json\/wp\/v2\/product"}],"about":[{"href":"https:\/\/staging.nbg.eu\/et\/wp-json\/wp\/v2\/types\/product"}],"wp:featuredmedia":[{"embeddable":true,"href":"https:\/\/staging.nbg.eu\/et\/wp-json\/wp\/v2\/media\/83166"}],"wp:attachment":[{"href":"https:\/\/staging.nbg.eu\/et\/wp-json\/wp\/v2\/media?parent=66332"}],"wp:term":[{"taxonomy":"product_brand","embeddable":true,"href":"https:\/\/staging.nbg.eu\/et\/wp-json\/wp\/v2\/product_brand?post=66332"},{"taxonomy":"product_cat","embeddable":true,"href":"https:\/\/staging.nbg.eu\/et\/wp-json\/wp\/v2\/product_cat?post=66332"},{"taxonomy":"product_tag","embeddable":true,"href":"https:\/\/staging.nbg.eu\/et\/wp-json\/wp\/v2\/product_tag?post=66332"}],"curies":[{"name":"wp","href":"https:\/\/api.w.org\/{rel}","templated":true}]}}