{"id":66226,"date":"2024-01-18T13:56:08","date_gmt":"2024-09-20T11:48:16","guid":{"rendered":"https:\/\/staging.nbg.eu\/product\/surefire-switch-assembly-z-xbc\/"},"modified":"2024-09-20T11:49:11","modified_gmt":"2024-09-20T11:49:11","slug":"surefire-lueliti-komplekt-z-xbc","status":"publish","type":"product","link":"https:\/\/staging.nbg.eu\/et\/toode\/surefire-lueliti-komplekt-z-xbc\/","title":{"rendered":"SureFire L\u00fcliti Komplekt Z-XBC"},"content":{"rendered":"<p>\nSureFire l\u00fclitikomplekt Z-XBC on tehase asendusl\u00fcliti X300, X400 ja XH30 relvavalgustite jaoks. Omadused:<\/p>\n<ul>\n<li>M\u00f5lema k\u00e4e jaoks sobiv hetkeline ja p\u00fcsiv l\u00fcliti<\/li>\n<li>Valmistatud pol\u00fcmeerist<\/li>\n<li>Saadaval mustas v\u00f5i pruunis v\u00e4rvis<\/li>\n<\/ul>\n<p>Ei sobi XH50G relvavalgustiga. Veenduge, et kasutate oma SureFire relvavalgustile sobivat l\u00fclitit.<\/p>\n","protected":false},"excerpt":{"rendered":"<p>Asendusl\u00fcliti SureFire X300\/X400\/XH30 relvavalgustite jaoks. Kahere\u017eiimiline.<\/p>\n","protected":false},"featured_media":66227,"template":"","meta":{"_acf_changed":false},"product_brand":[11862],"product_cat":[1542,1543,2169,1662],"product_tag":[],"class_list":{"0":"post-66226","1":"product","2":"type-product","3":"status-publish","4":"has-post-thumbnail","6":"product_brand-surefire","7":"product_cat-light-accessories-et","8":"product_cat-lights-et","9":"product_cat-pistol-et","10":"product_cat-pistol-lights-et","12":"first","13":"instock","14":"taxable","15":"shipping-taxable","16":"purchasable","17":"product-type-variable","18":"wvs-archive-product-wrapper"},"acf":[],"_links":{"self":[{"href":"https:\/\/staging.nbg.eu\/et\/wp-json\/wp\/v2\/product\/66226","targetHints":{"allow":["GET"]}}],"collection":[{"href":"https:\/\/staging.nbg.eu\/et\/wp-json\/wp\/v2\/product"}],"about":[{"href":"https:\/\/staging.nbg.eu\/et\/wp-json\/wp\/v2\/types\/product"}],"wp:featuredmedia":[{"embeddable":true,"href":"https:\/\/staging.nbg.eu\/et\/wp-json\/wp\/v2\/media\/66227"}],"wp:attachment":[{"href":"https:\/\/staging.nbg.eu\/et\/wp-json\/wp\/v2\/media?parent=66226"}],"wp:term":[{"taxonomy":"product_brand","embeddable":true,"href":"https:\/\/staging.nbg.eu\/et\/wp-json\/wp\/v2\/product_brand?post=66226"},{"taxonomy":"product_cat","embeddable":true,"href":"https:\/\/staging.nbg.eu\/et\/wp-json\/wp\/v2\/product_cat?post=66226"},{"taxonomy":"product_tag","embeddable":true,"href":"https:\/\/staging.nbg.eu\/et\/wp-json\/wp\/v2\/product_tag?post=66226"}],"curies":[{"name":"wp","href":"https:\/\/api.w.org\/{rel}","templated":true}]}}