{"id":66039,"date":"2024-01-21T16:19:01","date_gmt":"2024-09-20T11:39:21","guid":{"rendered":"https:\/\/staging.nbg.eu\/product\/surefire-edc1-dft\/"},"modified":"2024-09-20T11:40:12","modified_gmt":"2024-09-20T11:40:12","slug":"surefire-edc1-dft","status":"publish","type":"product","link":"https:\/\/staging.nbg.eu\/et\/toode\/surefire-edc1-dft\/","title":{"rendered":"SureFire EDC1-DFT"},"content":{"rendered":"<div class=\"product-description\">\n<h2>SureFire EDC1-DFT Turbo taskulamp<\/h2>\n<p>SureFire EDC1-DFT Turbo on kompaktne igap\u00e4evakasutuseks m\u00f5eldud taskulamp. See kahe toiteallikaga taskulamp pakub:<\/p>\n<ul>\n<li>95 000 kandela tippkiirgusv\u00f5imsus (kaasasoleva SF18350 akuga)<\/li>\n<li>Turbo kiirgusmuster kontsentreeritud, pika distantsi valgustamiseks<\/li>\n<li>Kahe toiteallika tehnoloogia: kasutab taaslaetavat SF18350 v\u00f5i \u00fchte 123A liitiumpatareid<\/li>\n<li>S\u00f5jav\u00e4e spetsifikatsioonidele vastav anodeeritud alumiiniumkorpus vastupidavuseks<\/li>\n<li>IPX7 veekindluse tase<\/li>\n<\/ul>\n<p>P\u00f5hiomadused:<\/p>\n<ul>\n<li>K\u00f5rge v\u00f5imsus: 650 luumenit (18350 akuga)<\/li>\n<li>T\u00f6\u00f6aeg: 45 minutit k\u00f5rgel v\u00f5imsusel (18350 akuga)<\/li>\n<li>Pikkus: 4,76 tolli (12,1 cm)<\/li>\n<li>Kaal: 4,56 untsi (128,3 g) koos 18350 akuga<\/li>\n<li>Kahepoolne klamber mitmek\u00fclgseks kandmiseks<\/li>\n<\/ul>\n<p>SureFire kvaliteet ja j\u00f5udlus kompaktses pakendis, mis tagab n\u00e4htavuse igas olukorras.<\/p>\n<\/div>\n","protected":false},"excerpt":{"rendered":"<p>Kompaktne igap\u00e4evakasutuseks m\u00f5eldud taskulamp 95 000-kandelase valguskiirega ja kahe toitev\u00f5imalusega.<\/p>\n","protected":false},"featured_media":66040,"template":"","meta":{"_acf_changed":false},"product_brand":[11862],"product_cat":[1626,1627,1543],"product_tag":[],"class_list":{"0":"post-66039","1":"product","2":"type-product","3":"status-publish","4":"has-post-thumbnail","6":"product_brand-surefire","7":"product_cat-edc-et","8":"product_cat-edc-lights-et","9":"product_cat-lights-et","11":"first","12":"instock","13":"taxable","14":"shipping-taxable","15":"purchasable","16":"product-type-variable","17":"wvs-archive-product-wrapper"},"acf":[],"_links":{"self":[{"href":"https:\/\/staging.nbg.eu\/et\/wp-json\/wp\/v2\/product\/66039","targetHints":{"allow":["GET"]}}],"collection":[{"href":"https:\/\/staging.nbg.eu\/et\/wp-json\/wp\/v2\/product"}],"about":[{"href":"https:\/\/staging.nbg.eu\/et\/wp-json\/wp\/v2\/types\/product"}],"wp:featuredmedia":[{"embeddable":true,"href":"https:\/\/staging.nbg.eu\/et\/wp-json\/wp\/v2\/media\/66040"}],"wp:attachment":[{"href":"https:\/\/staging.nbg.eu\/et\/wp-json\/wp\/v2\/media?parent=66039"}],"wp:term":[{"taxonomy":"product_brand","embeddable":true,"href":"https:\/\/staging.nbg.eu\/et\/wp-json\/wp\/v2\/product_brand?post=66039"},{"taxonomy":"product_cat","embeddable":true,"href":"https:\/\/staging.nbg.eu\/et\/wp-json\/wp\/v2\/product_cat?post=66039"},{"taxonomy":"product_tag","embeddable":true,"href":"https:\/\/staging.nbg.eu\/et\/wp-json\/wp\/v2\/product_tag?post=66039"}],"curies":[{"name":"wp","href":"https:\/\/api.w.org\/{rel}","templated":true}]}}