{"id":65731,"date":"2024-01-21T17:29:54","date_gmt":"2024-09-20T11:35:48","guid":{"rendered":"https:\/\/staging.nbg.eu\/product\/surefire-edc2-dft\/"},"modified":"2024-09-20T11:36:38","modified_gmt":"2024-09-20T11:36:38","slug":"surefire-edc2-dft","status":"publish","type":"product","link":"https:\/\/staging.nbg.eu\/et\/toode\/surefire-edc2-dft\/","title":{"rendered":"SureFire EDC2-DFT"},"content":{"rendered":"<h2>SureFire EDC2-DFT: Taskulamp<\/h2>\n<p>SureFire EDC2-DFT on kompaktne taskulamp igap\u00e4evaseks kasutamiseks. Omadused:<\/p>\n<ul>\n<li>100 000 kandelat maksimaalse kiire intensiivsusega (kaasasoleva SF18650B akuga)<\/li>\n<li>Turbo kiirte muster kontsentreeritud valgustuseks<\/li>\n<li>Kahekordne toiteallikas: taaslaetav SF18650 v\u00f5i kaks 123A liitiumpatareid<\/li>\n<li>S\u00f5jav\u00e4elise spetsifikatsiooniga anodeeritud alumiiniumkorpus, vastab IPX7 veekindluse standardile<\/li>\n<li>700 luumenit valgustugevust 2,75 tunni t\u00f6\u00f6ajaga (18650 akuga)<\/li>\n<li>632-meetrine kiire ulatus<\/li>\n<li>Kompaktne 5,91-tolline pikkus, kaalub 5,6 untsi<\/li>\n<\/ul>\n<p>EDC2-DFT Turbo seeria reflektor pakub k\u00f5ige kaugemale ulatuvat kiirt SureFire&#8217;i kompaktsete taskulampide seas. Vastupidav konstruktsioon ja mitmeotstarbeline klamber tagavad usaldusv\u00e4\u00e4rsuse igas olukorras. EDC2-DFT sobib nii isiklikuks kui ka professionaalseks kasutamiseks.<\/p>\n<p>SureFire&#8217;i kvaliteet, j\u00f5udlus ja usaldusv\u00e4\u00e4rsus.<\/p>\n","protected":false},"excerpt":{"rendered":"<p>Kompaktne, v\u00f5imas taskulamp 100 000-kandelase kiire ja kahe toiteallikaga.<\/p>\n","protected":false},"featured_media":65732,"template":"","meta":{"_acf_changed":false},"product_brand":[11862],"product_cat":[1626,1627,1543],"product_tag":[],"class_list":{"0":"post-65731","1":"product","2":"type-product","3":"status-publish","4":"has-post-thumbnail","6":"product_brand-surefire","7":"product_cat-edc-et","8":"product_cat-edc-lights-et","9":"product_cat-lights-et","11":"first","12":"instock","13":"taxable","14":"shipping-taxable","15":"purchasable","16":"product-type-variable","17":"wvs-archive-product-wrapper"},"acf":[],"_links":{"self":[{"href":"https:\/\/staging.nbg.eu\/et\/wp-json\/wp\/v2\/product\/65731","targetHints":{"allow":["GET"]}}],"collection":[{"href":"https:\/\/staging.nbg.eu\/et\/wp-json\/wp\/v2\/product"}],"about":[{"href":"https:\/\/staging.nbg.eu\/et\/wp-json\/wp\/v2\/types\/product"}],"wp:featuredmedia":[{"embeddable":true,"href":"https:\/\/staging.nbg.eu\/et\/wp-json\/wp\/v2\/media\/65732"}],"wp:attachment":[{"href":"https:\/\/staging.nbg.eu\/et\/wp-json\/wp\/v2\/media?parent=65731"}],"wp:term":[{"taxonomy":"product_brand","embeddable":true,"href":"https:\/\/staging.nbg.eu\/et\/wp-json\/wp\/v2\/product_brand?post=65731"},{"taxonomy":"product_cat","embeddable":true,"href":"https:\/\/staging.nbg.eu\/et\/wp-json\/wp\/v2\/product_cat?post=65731"},{"taxonomy":"product_tag","embeddable":true,"href":"https:\/\/staging.nbg.eu\/et\/wp-json\/wp\/v2\/product_tag?post=65731"}],"curies":[{"name":"wp","href":"https:\/\/api.w.org\/{rel}","templated":true}]}}