{"id":65572,"date":"2024-01-23T18:42:27","date_gmt":"2024-01-23T18:42:27","guid":{"rendered":"https:\/\/staging.nbg.eu\/product\/bore-cleaner-1-5-oz\/"},"modified":"2024-09-20T11:30:00","modified_gmt":"2024-09-20T11:30:00","slug":"kanali-puhastusvahend-15-oz","status":"publish","type":"product","link":"https:\/\/staging.nbg.eu\/et\/toode\/kanali-puhastusvahend-15-oz\/","title":{"rendered":"Kanali Puhastusvahend 1.5 oz"},"content":{"rendered":"<p>\nIosso rauapuhastaja: Biop\u00f5hine pastakoostis relvade puhastamiseks. Eemaldab vase, plii, s\u00fcsiniku, mustuse ja rooste ilma leketest v\u00f5i kahjustusteta. Mittes\u00f6\u00f6biv, l\u00f5hnatu ja keskkonnas\u00f5bralik. Kasutage koos Eliminator harjade ja \u00f5lilahusega p\u00f5hjalikuks puhastamiseks. Taimep\u00f5hine tehnoloogia tulirelvade jaoks.<\/p>\n","protected":false},"excerpt":{"rendered":"<p>Keskkonnas\u00f5bralik pastaline puhastusvahend relvadele. Eemaldab kiiresti j\u00e4\u00e4gid ja mustuse.<\/p>\n","protected":false},"featured_media":101677,"template":"","meta":{"_acf_changed":false},"product_brand":[11472],"product_cat":[1893,1418],"product_tag":[],"class_list":{"0":"post-65572","1":"product","2":"type-product","3":"status-publish","4":"has-post-thumbnail","6":"product_brand-iosso","7":"product_cat-cleaners-et","8":"product_cat-maintenance-et","10":"first","11":"instock","12":"taxable","13":"shipping-taxable","14":"purchasable","15":"product-type-simple"},"acf":[],"_links":{"self":[{"href":"https:\/\/staging.nbg.eu\/et\/wp-json\/wp\/v2\/product\/65572","targetHints":{"allow":["GET"]}}],"collection":[{"href":"https:\/\/staging.nbg.eu\/et\/wp-json\/wp\/v2\/product"}],"about":[{"href":"https:\/\/staging.nbg.eu\/et\/wp-json\/wp\/v2\/types\/product"}],"wp:featuredmedia":[{"embeddable":true,"href":"https:\/\/staging.nbg.eu\/et\/wp-json\/wp\/v2\/media\/101677"}],"wp:attachment":[{"href":"https:\/\/staging.nbg.eu\/et\/wp-json\/wp\/v2\/media?parent=65572"}],"wp:term":[{"taxonomy":"product_brand","embeddable":true,"href":"https:\/\/staging.nbg.eu\/et\/wp-json\/wp\/v2\/product_brand?post=65572"},{"taxonomy":"product_cat","embeddable":true,"href":"https:\/\/staging.nbg.eu\/et\/wp-json\/wp\/v2\/product_cat?post=65572"},{"taxonomy":"product_tag","embeddable":true,"href":"https:\/\/staging.nbg.eu\/et\/wp-json\/wp\/v2\/product_tag?post=65572"}],"curies":[{"name":"wp","href":"https:\/\/api.w.org\/{rel}","templated":true}]}}